{"id":35570,"date":"2026-02-23T14:37:01","date_gmt":"2026-02-23T12:37:01","guid":{"rendered":"https:\/\/dev.adnart.com\/?post_type=product&#038;p=35570"},"modified":"2026-02-23T14:51:47","modified_gmt":"2026-02-23T12:51:47","slug":"asobu-fuzzie-jumbo-sic30j","status":"publish","type":"product","link":"https:\/\/dev.adnart.com\/fr\/produit\/asobu-fuzzie-jumbo-sic30j\/","title":{"rendered":"ASOBU Jumbo Fuzzie &#8211; SIC30J"},"content":{"rendered":"<p dir=\"ltr\"><span style=\"color: #ff6600;\"><strong>BIENT\u00d4T !<\/strong><\/span><\/p>\n<p dir=\"ltr\"><em>Notre groupe amusant de gobelets \u00e0 paille recouverts de peluche jumbo !<\/em><\/p>\n<p dir=\"ltr\">Trouvez votre meilleur ami parmi ces personnages Fuzzie merveilleusement con\u00e7us &#8211; un peu plus de confort pour vous et votre boisson. Les Fuzzies sont dot\u00e9s d&#8217;un ext\u00e9rieur en peluche douce et d&#8217;un gobelet amovible en acier inoxydable isol\u00e9 sous vide \u00e0 l&#8217;int\u00e9rieur. Ne vous inqui\u00e9tez pas des \u00e9claboussures : chaque gobelet est dot\u00e9 d&#8217;une doublure int\u00e9rieure imperm\u00e9able. <\/p>\n<p dir=\"ltr\"><strong>Remarque :<\/strong> la d\u00e9coration ne peut \u00eatre effectu\u00e9e que sur le gobelet.<\/p>\n<p dir=\"ltr\"><strong>Ce produit est exempt de BPA et de plomb.<\/strong><\/p>\n","protected":false},"excerpt":{"rendered":"<p>BIENT\u00d4T ! Notre groupe amusant de gobelets \u00e0 paille recouverts de peluche jumbo ! Trouvez votre meilleur ami parmi ces<\/p>\n","protected":false},"featured_media":35579,"comment_status":"open","ping_status":"closed","template":"","meta":{"inventory_464_copy":"<p>[api_inventory]<\/p>\n"},"product_brand":[],"product_cat":[276,2103,2380,2131,1612,1605,1586,2618],"product_tag":[],"product-themes":[],"special":[],"class_list":{"0":"post-35570","1":"product","2":"type-product","3":"status-publish","4":"has-post-thumbnail","6":"product_cat-gobelets","7":"product_cat-les-enfants","8":"product_cat-nouvel-arrivage","9":"product_cat-tasses-et-gobelets-de-voyage-fr","10":"product_cat-tasses-et-gobelets-de-voyage","11":"product_cat-tasses-et-gobelets-en-acier-inoxydable-fr","12":"product_cat-tasses-et-gobelets-en-acier-inoxydable","13":"product_cat-tous-les-produits","14":"pa_color-vert","15":"pa_materials-acier-inoxydable","16":"pa_materials-caoutchouc-de-silicone","18":"first","19":"instock","20":"shipping-taxable","21":"product-type-simple"},"_links":{"self":[{"href":"https:\/\/dev.adnart.com\/fr\/wp-json\/wp\/v2\/product\/35570","targetHints":{"allow":["GET"]}}],"collection":[{"href":"https:\/\/dev.adnart.com\/fr\/wp-json\/wp\/v2\/product"}],"about":[{"href":"https:\/\/dev.adnart.com\/fr\/wp-json\/wp\/v2\/types\/product"}],"replies":[{"embeddable":true,"href":"https:\/\/dev.adnart.com\/fr\/wp-json\/wp\/v2\/comments?post=35570"}],"version-history":[{"count":2,"href":"https:\/\/dev.adnart.com\/fr\/wp-json\/wp\/v2\/product\/35570\/revisions"}],"predecessor-version":[{"id":35582,"href":"https:\/\/dev.adnart.com\/fr\/wp-json\/wp\/v2\/product\/35570\/revisions\/35582"}],"wp:featuredmedia":[{"embeddable":true,"href":"https:\/\/dev.adnart.com\/fr\/wp-json\/wp\/v2\/media\/35579"}],"wp:attachment":[{"href":"https:\/\/dev.adnart.com\/fr\/wp-json\/wp\/v2\/media?parent=35570"}],"wp:term":[{"taxonomy":"product_brand","embeddable":true,"href":"https:\/\/dev.adnart.com\/fr\/wp-json\/wp\/v2\/product_brand?post=35570"},{"taxonomy":"product_cat","embeddable":true,"href":"https:\/\/dev.adnart.com\/fr\/wp-json\/wp\/v2\/product_cat?post=35570"},{"taxonomy":"product_tag","embeddable":true,"href":"https:\/\/dev.adnart.com\/fr\/wp-json\/wp\/v2\/product_tag?post=35570"},{"taxonomy":"product-themes","embeddable":true,"href":"https:\/\/dev.adnart.com\/fr\/wp-json\/wp\/v2\/product-themes?post=35570"},{"taxonomy":"special","embeddable":true,"href":"https:\/\/dev.adnart.com\/fr\/wp-json\/wp\/v2\/special?post=35570"}],"curies":[{"name":"wp","href":"https:\/\/api.w.org\/{rel}","templated":true}]}}