{"id":34198,"date":"2026-02-08T17:04:59","date_gmt":"2026-02-08T15:04:59","guid":{"rendered":"https:\/\/dev.adnart.com\/?post_type=product&#038;p=34198"},"modified":"2026-02-18T09:50:43","modified_gmt":"2026-02-18T07:50:43","slug":"asobu-bestie-bottle-sbv44-custom","status":"publish","type":"product","link":"https:\/\/dev.adnart.com\/fr\/produit\/asobu-bestie-bottle-sbv44-custom\/","title":{"rendered":"Bouteille Bestie ASOBU &#8211; SBV44 Custom"},"content":{"rendered":"<p>Donnez vie \u00e0 votre marque avec la bouteille Bestie personnalis\u00e9e &#8211; Pas de frais de moulage !<\/p>\n<p>Rehaussez votre marque avec une t\u00eate de personnage en SILICONE personnalisable, con\u00e7ue pour repr\u00e9senter votre mascotte ou l&#8217;ic\u00f4ne de votre entreprise. Ce n&#8217;est pas seulement une bouteille, c&#8217;est une d\u00e9claration personnelle et un amplificateur de marque. Faites une impression durable et faites tourner les t\u00eates \u00e0 chaque gorg\u00e9e. Votre marque est plus qu&#8217;un logo ; c&#8217;est une histoire qui ne demande qu&#8217;\u00e0 \u00eatre racont\u00e9e \u00e0 travers nos objets \u00e0 boire uniques.<\/p>\n<p>Parcourez nos exemples de concepts de produits et imaginez des possibilit\u00e9s infinies avec le Bestie Custom.<\/p>\n<p><strong>Ce produit est exempt de BPA et de plomb.<\/strong><\/p>\n","protected":false},"excerpt":{"rendered":"<p><br data-mce-bogus=\"1\"><\/p>\n","protected":false},"featured_media":34433,"comment_status":"closed","ping_status":"closed","template":"","meta":{"inventory_464_copy":"<p>[api_inventory]<\/p>\n"},"product_brand":[],"product_cat":[1600,2376,210,2103,2380,2618],"product_tag":[303,1894,298,1896,1897,2569,424,1725,300,299,1696,1895,304,1618],"product-themes":[],"special":[],"class_list":{"0":"post-34198","1":"product","2":"type-product","3":"status-publish","4":"has-post-thumbnail","6":"product_cat-acier-inoxydable","7":"product_cat-bouteille-bestie","8":"product_cat-bouteilles","9":"product_cat-les-enfants","10":"product_cat-nouvel-arrivage","11":"product_cat-tous-les-produits","12":"product_tag-24-heures-de-froid","13":"product_tag-460-ml-fr-2","14":"product_tag-acier-inoxydable","15":"product_tag-capuchon-torsade","16":"product_tag-couvercle-a-vis","17":"product_tag-double-wall-fr","18":"product_tag-etancheite","19":"product_tag-gobelet","20":"product_tag-lavable-au-lave-vaisselle","21":"product_tag-sans-bpa","22":"product_tag-sports-fr","23":"product_tag-texture-facile-a-saisir","24":"product_tag-thermos-fr","25":"product_tag-voyage","26":"pa_color-blanc","27":"pa_color-blanc-rouge","28":"pa_color-noir","29":"pa_color-orange-fr","30":"pa_color-rose","31":"pa_color-rouge-2","32":"pa_color-vert","33":"pa_materials-acier-inoxydable","34":"pa_materials-caoutchouc-de-silicone","36":"first","37":"instock","38":"purchasable","39":"product-type-variable"},"_links":{"self":[{"href":"https:\/\/dev.adnart.com\/fr\/wp-json\/wp\/v2\/product\/34198","targetHints":{"allow":["GET"]}}],"collection":[{"href":"https:\/\/dev.adnart.com\/fr\/wp-json\/wp\/v2\/product"}],"about":[{"href":"https:\/\/dev.adnart.com\/fr\/wp-json\/wp\/v2\/types\/product"}],"replies":[{"embeddable":true,"href":"https:\/\/dev.adnart.com\/fr\/wp-json\/wp\/v2\/comments?post=34198"}],"version-history":[{"count":5,"href":"https:\/\/dev.adnart.com\/fr\/wp-json\/wp\/v2\/product\/34198\/revisions"}],"predecessor-version":[{"id":35712,"href":"https:\/\/dev.adnart.com\/fr\/wp-json\/wp\/v2\/product\/34198\/revisions\/35712"}],"wp:featuredmedia":[{"embeddable":true,"href":"https:\/\/dev.adnart.com\/fr\/wp-json\/wp\/v2\/media\/34433"}],"wp:attachment":[{"href":"https:\/\/dev.adnart.com\/fr\/wp-json\/wp\/v2\/media?parent=34198"}],"wp:term":[{"taxonomy":"product_brand","embeddable":true,"href":"https:\/\/dev.adnart.com\/fr\/wp-json\/wp\/v2\/product_brand?post=34198"},{"taxonomy":"product_cat","embeddable":true,"href":"https:\/\/dev.adnart.com\/fr\/wp-json\/wp\/v2\/product_cat?post=34198"},{"taxonomy":"product_tag","embeddable":true,"href":"https:\/\/dev.adnart.com\/fr\/wp-json\/wp\/v2\/product_tag?post=34198"},{"taxonomy":"product-themes","embeddable":true,"href":"https:\/\/dev.adnart.com\/fr\/wp-json\/wp\/v2\/product-themes?post=34198"},{"taxonomy":"special","embeddable":true,"href":"https:\/\/dev.adnart.com\/fr\/wp-json\/wp\/v2\/special?post=34198"}],"curies":[{"name":"wp","href":"https:\/\/api.w.org\/{rel}","templated":true}]}}