{"id":33523,"date":"2026-01-21T17:57:10","date_gmt":"2026-01-21T15:57:10","guid":{"rendered":"https:\/\/dev.adnart.com\/?post_type=product&#038;p=33523"},"modified":"2026-02-20T21:58:46","modified_gmt":"2026-02-20T19:58:46","slug":"asobu-happy-hats-sm25-cap","status":"publish","type":"product","link":"https:\/\/dev.adnart.com\/fr\/produit\/asobu-happy-hats-sm25-cap\/","title":{"rendered":"ASOBU Casquette Happy Hats &#8211; SM25BC"},"content":{"rendered":"<p><span style=\"color: #ff0000;\"><strong>EN STOCK MAINTENANT !<\/strong><\/span><\/p>\n<p>Voici la <strong>collection de casquettes ASOBU Happy Hats<\/strong>!<\/p>\n<p>Une fusion de style et de fonctionnalit\u00e9. Il gardera vos boissons \u00e0 la temp\u00e9rature id\u00e9ale tout en ajoutant une touche d&#8217;amusement \u00e0 votre collection de verres. Le <strong>couvercle du capuchon<\/strong> ajoute une touche unique et ludique \u00e0 votre routine quotidienne. Fabriqu\u00e9e avec une doublure en cuivre, une double paroi en acier inoxydable et un rev\u00eatement int\u00e9rieur en c\u00e9ramique, la <strong>casquette ASOBU Happy Hats <\/strong>assure une isolation maximale, gardant vos boissons chaudes ou froides pendant des heures. Le couvercle anti-\u00e9claboussures et la poign\u00e9e ergonomique en font le compagnon id\u00e9al pour la maison et les d\u00e9placements.<\/p>\n<p><strong>Ce produit est exempt de BPA et de plomb.<\/strong><\/p>\n","protected":false},"excerpt":{"rendered":"<p>EN STOCK MAINTENANT ! Voici la collection de casquettes ASOBU Happy Hats! Une fusion de style et de fonctionnalit\u00e9. Il<\/p>\n","protected":false},"featured_media":29293,"comment_status":"closed","ping_status":"closed","template":"","meta":{"inventory_464_copy":"<p>[api_inventory]<\/p>\n"},"product_brand":[],"product_cat":[2382,2103,1893,2380,1609,1605,2618],"product_tag":[298,2158,2155,371,2225,422,428,2140,441,1861,446],"product-themes":[],"special":[],"class_list":{"0":"post-33523","1":"product","2":"type-product","3":"status-publish","4":"has-post-thumbnail","6":"product_cat-caracteristiques-produits","7":"product_cat-les-enfants","8":"product_cat-meilleures-ventes","9":"product_cat-nouvel-arrivage","10":"product_cat-puramic-fr","11":"product_cat-tasses-et-gobelets-en-acier-inoxydable-fr","12":"product_cat-tous-les-produits","13":"product_tag-acier-inoxydable","14":"product_tag-article-de-cadeau","15":"product_tag-cadeau-executif","16":"product_tag-isole","17":"product_tag-mug-isotherme","18":"product_tag-revetement-ceramique-fr","19":"product_tag-revetement-en-poudre","20":"product_tag-spray-pyro","21":"product_tag-tasse","22":"product_tag-travail-a-domicile","23":"product_tag-vacances","24":"pa_color-bleu-fr","25":"pa_color-marron","26":"pa_color-noir","27":"pa_color-pourpre","28":"pa_color-rouge-2","29":"pa_materials-acier-inoxydable","30":"pa_materials-puramic","32":"first","33":"instock","34":"purchasable","35":"product-type-variable"},"_links":{"self":[{"href":"https:\/\/dev.adnart.com\/fr\/wp-json\/wp\/v2\/product\/33523","targetHints":{"allow":["GET"]}}],"collection":[{"href":"https:\/\/dev.adnart.com\/fr\/wp-json\/wp\/v2\/product"}],"about":[{"href":"https:\/\/dev.adnart.com\/fr\/wp-json\/wp\/v2\/types\/product"}],"replies":[{"embeddable":true,"href":"https:\/\/dev.adnart.com\/fr\/wp-json\/wp\/v2\/comments?post=33523"}],"version-history":[{"count":2,"href":"https:\/\/dev.adnart.com\/fr\/wp-json\/wp\/v2\/product\/33523\/revisions"}],"predecessor-version":[{"id":33603,"href":"https:\/\/dev.adnart.com\/fr\/wp-json\/wp\/v2\/product\/33523\/revisions\/33603"}],"wp:featuredmedia":[{"embeddable":true,"href":"https:\/\/dev.adnart.com\/fr\/wp-json\/wp\/v2\/media\/29293"}],"wp:attachment":[{"href":"https:\/\/dev.adnart.com\/fr\/wp-json\/wp\/v2\/media?parent=33523"}],"wp:term":[{"taxonomy":"product_brand","embeddable":true,"href":"https:\/\/dev.adnart.com\/fr\/wp-json\/wp\/v2\/product_brand?post=33523"},{"taxonomy":"product_cat","embeddable":true,"href":"https:\/\/dev.adnart.com\/fr\/wp-json\/wp\/v2\/product_cat?post=33523"},{"taxonomy":"product_tag","embeddable":true,"href":"https:\/\/dev.adnart.com\/fr\/wp-json\/wp\/v2\/product_tag?post=33523"},{"taxonomy":"product-themes","embeddable":true,"href":"https:\/\/dev.adnart.com\/fr\/wp-json\/wp\/v2\/product-themes?post=33523"},{"taxonomy":"special","embeddable":true,"href":"https:\/\/dev.adnart.com\/fr\/wp-json\/wp\/v2\/special?post=33523"}],"curies":[{"name":"wp","href":"https:\/\/api.w.org\/{rel}","templated":true}]}}