{"id":32800,"date":"2025-12-30T17:25:13","date_gmt":"2025-12-30T15:25:13","guid":{"rendered":"https:\/\/dev.adnart.com\/product\/asobu-mini-bestie-bottle-ibv44-2\/"},"modified":"2026-02-20T22:01:07","modified_gmt":"2026-02-20T20:01:07","slug":"asobu-mini-bestie-bottle-ibv44","status":"publish","type":"product","link":"https:\/\/dev.adnart.com\/fr\/produit\/asobu-mini-bestie-bottle-ibv44\/","title":{"rendered":"ASOBU Mini Bestie Bottle-IBV44"},"content":{"rendered":"<p><strong>Voici le Mini Bestie, votre compagnon d&#8217;hydratation pratique mais puissant !<\/strong><\/p>\n<p>Ces adorables bouteilles de 200 ml (6,7 oz) se glissent facilement dans n&#8217;importe quel sac ou se fixent \u00e0 l&#8217;aide d&#8217;un clip pour \u00eatre toujours aussi mignonnes. Chacune d&#8217;entre elles est dot\u00e9e d&#8217;une t\u00eate de personnage interchangeable \u00e0 collectionner qui s&#8217;ouvre facilement. <\/p>\n<p>Fabriqu\u00e9 en acier inoxydable \u00e0 double paroi, avec un ext\u00e9rieur doux au toucher et une conception \u00e9tanche, votre Mini Bestie garde les boissons froides et les sirote en douceur gr\u00e2ce \u00e0 sa paille en silicone incluse. Il peut \u00e9galement \u00eatre lav\u00e9 au lave-vaisselle ! <\/p>\n<p>Restez hydrat\u00e9 &#8211; collectionnez-les tous et emmenez vos amis partout !<\/p>\n<p><strong>Ce produit est exempt de BPA et de plomb.<\/strong><\/p>\n","protected":false},"excerpt":{"rendered":"<p>Voici le Mini Bestie, votre compagnon d&#8217;hydratation pratique mais puissant ! Ces adorables bouteilles de 200 ml (6,7 oz) se<\/p>\n","protected":false},"featured_media":33687,"comment_status":"closed","ping_status":"closed","template":"","meta":{"inventory_464_copy":"<p>[api_inventory]<\/p>\n"},"product_brand":[],"product_cat":[1600,2376,210,2382,1893,2380,2618],"product_tag":[],"product-themes":[],"special":[],"class_list":{"0":"post-32800","1":"product","2":"type-product","3":"status-publish","4":"has-post-thumbnail","6":"product_cat-acier-inoxydable","7":"product_cat-bouteille-bestie","8":"product_cat-bouteilles","9":"product_cat-caracteristiques-produits","10":"product_cat-meilleures-ventes","11":"product_cat-nouvel-arrivage","12":"product_cat-tous-les-produits","13":"pa_color-canard","14":"pa_color-chat-noir-mini","15":"pa_color-elephant-fr","16":"pa_color-koala-fr","17":"pa_color-lapin","18":"pa_color-ours-brun","19":"pa_color-rose-renard","20":"pa_color-vache","21":"pa_materials-acier-inoxydable","22":"pa_materials-caoutchouc-de-silicone","24":"first","25":"instock","26":"shipping-taxable","27":"purchasable","28":"product-type-variable"},"_links":{"self":[{"href":"https:\/\/dev.adnart.com\/fr\/wp-json\/wp\/v2\/product\/32800","targetHints":{"allow":["GET"]}}],"collection":[{"href":"https:\/\/dev.adnart.com\/fr\/wp-json\/wp\/v2\/product"}],"about":[{"href":"https:\/\/dev.adnart.com\/fr\/wp-json\/wp\/v2\/types\/product"}],"replies":[{"embeddable":true,"href":"https:\/\/dev.adnart.com\/fr\/wp-json\/wp\/v2\/comments?post=32800"}],"version-history":[{"count":8,"href":"https:\/\/dev.adnart.com\/fr\/wp-json\/wp\/v2\/product\/32800\/revisions"}],"predecessor-version":[{"id":33718,"href":"https:\/\/dev.adnart.com\/fr\/wp-json\/wp\/v2\/product\/32800\/revisions\/33718"}],"wp:featuredmedia":[{"embeddable":true,"href":"https:\/\/dev.adnart.com\/fr\/wp-json\/wp\/v2\/media\/33687"}],"wp:attachment":[{"href":"https:\/\/dev.adnart.com\/fr\/wp-json\/wp\/v2\/media?parent=32800"}],"wp:term":[{"taxonomy":"product_brand","embeddable":true,"href":"https:\/\/dev.adnart.com\/fr\/wp-json\/wp\/v2\/product_brand?post=32800"},{"taxonomy":"product_cat","embeddable":true,"href":"https:\/\/dev.adnart.com\/fr\/wp-json\/wp\/v2\/product_cat?post=32800"},{"taxonomy":"product_tag","embeddable":true,"href":"https:\/\/dev.adnart.com\/fr\/wp-json\/wp\/v2\/product_tag?post=32800"},{"taxonomy":"product-themes","embeddable":true,"href":"https:\/\/dev.adnart.com\/fr\/wp-json\/wp\/v2\/product-themes?post=32800"},{"taxonomy":"special","embeddable":true,"href":"https:\/\/dev.adnart.com\/fr\/wp-json\/wp\/v2\/special?post=32800"}],"curies":[{"name":"wp","href":"https:\/\/api.w.org\/{rel}","templated":true}]}}