{"id":32016,"date":"2025-08-28T18:09:43","date_gmt":"2025-08-28T16:09:43","guid":{"rendered":"https:\/\/dev.adnart.com\/product\/asobu-bestie-sippy-sbv54\/"},"modified":"2026-02-18T09:55:18","modified_gmt":"2026-02-18T07:55:18","slug":"asobu-bestie-sippy-sbv54","status":"publish","type":"product","link":"https:\/\/dev.adnart.com\/fr\/produit\/asobu-bestie-sippy-sbv54\/","title":{"rendered":"ASOBU Bestie Sippy-SBV54"},"content":{"rendered":"<p><span style=\"color: #ff0000;\"><strong>EN STOCK MAINTENANT !<\/strong><\/span><\/p>\n<p>Voici le <strong>Bestie Sippy SBV54 d&#8217;ASOBU<\/strong> &#8211; le compagnon id\u00e9al pour tous ceux qui veulent siroter avec style ! Ce gobelet en acier inoxydable de 720 ml (24 oz), isol\u00e9 sous vide, garde les boissons froides ou chaudes pendant des heures tout en transformant l&#8217;hydratation en amusement gr\u00e2ce \u00e0 ses adorables t\u00eates de personnages, dont Bunny, Bear, Cat et Duck. Con\u00e7u dans un souci de s\u00e9curit\u00e9, il est 100 % sans plomb ni BPA, ce qui le rend parfait pour l&#8217;\u00e9cole, les voyages en voiture ou les journ\u00e9es de d\u00e9tente \u00e0 la maison ou entre amis. Avec son couvercle charmant et sa construction durable, la Bestie Sippy n&#8217;est pas seulement mignonne &#8211; elle est faite pour durer et sera certainement votre nouvelle compagne de gorg\u00e9es pr\u00e9f\u00e9r\u00e9e.   <\/p>\n<p><strong>Ce produit est exempt de BPA et de plomb.<\/strong><\/p>\n","protected":false},"excerpt":{"rendered":"<p>EN STOCK MAINTENANT ! Voici le Bestie Sippy SBV54 d&#8217;ASOBU &#8211; le compagnon id\u00e9al pour tous ceux qui veulent siroter<\/p>\n","protected":false},"featured_media":32402,"comment_status":"open","ping_status":"closed","template":"","meta":{"inventory_464_copy":"<p>[api_inventory]<\/p>\n"},"product_brand":[],"product_cat":[1600,276,2603,2103,1893,2380,1605,2618],"product_tag":[2612,1725,2085,2613],"product-themes":[],"special":[],"class_list":{"0":"post-32016","1":"product","2":"type-product","3":"status-publish","4":"has-post-thumbnail","6":"product_cat-acier-inoxydable","7":"product_cat-gobelets","8":"product_cat-gobelets-en-paille","9":"product_cat-les-enfants","10":"product_cat-meilleures-ventes","11":"product_cat-nouvel-arrivage","12":"product_cat-tasses-et-gobelets-en-acier-inoxydable-fr","13":"product_cat-tous-les-produits","14":"product_tag-bestie-sippy-fr","15":"product_tag-gobelet","16":"product_tag-paille-pliable","17":"product_tag-sirop","18":"pa_color-canard-jaune-rose","19":"pa_color-chat-noir","20":"pa_color-lapin-rose-violet","21":"pa_color-ours-bleu-brun","22":"pa_materials-acier-inoxydable","23":"pa_materials-caoutchouc-de-silicone","25":"first","26":"instock","27":"shipping-taxable","28":"purchasable","29":"product-type-variable"},"_links":{"self":[{"href":"https:\/\/dev.adnart.com\/fr\/wp-json\/wp\/v2\/product\/32016","targetHints":{"allow":["GET"]}}],"collection":[{"href":"https:\/\/dev.adnart.com\/fr\/wp-json\/wp\/v2\/product"}],"about":[{"href":"https:\/\/dev.adnart.com\/fr\/wp-json\/wp\/v2\/types\/product"}],"replies":[{"embeddable":true,"href":"https:\/\/dev.adnart.com\/fr\/wp-json\/wp\/v2\/comments?post=32016"}],"version-history":[{"count":8,"href":"https:\/\/dev.adnart.com\/fr\/wp-json\/wp\/v2\/product\/32016\/revisions"}],"predecessor-version":[{"id":33862,"href":"https:\/\/dev.adnart.com\/fr\/wp-json\/wp\/v2\/product\/32016\/revisions\/33862"}],"wp:featuredmedia":[{"embeddable":true,"href":"https:\/\/dev.adnart.com\/fr\/wp-json\/wp\/v2\/media\/32402"}],"wp:attachment":[{"href":"https:\/\/dev.adnart.com\/fr\/wp-json\/wp\/v2\/media?parent=32016"}],"wp:term":[{"taxonomy":"product_brand","embeddable":true,"href":"https:\/\/dev.adnart.com\/fr\/wp-json\/wp\/v2\/product_brand?post=32016"},{"taxonomy":"product_cat","embeddable":true,"href":"https:\/\/dev.adnart.com\/fr\/wp-json\/wp\/v2\/product_cat?post=32016"},{"taxonomy":"product_tag","embeddable":true,"href":"https:\/\/dev.adnart.com\/fr\/wp-json\/wp\/v2\/product_tag?post=32016"},{"taxonomy":"product-themes","embeddable":true,"href":"https:\/\/dev.adnart.com\/fr\/wp-json\/wp\/v2\/product-themes?post=32016"},{"taxonomy":"special","embeddable":true,"href":"https:\/\/dev.adnart.com\/fr\/wp-json\/wp\/v2\/special?post=32016"}],"curies":[{"name":"wp","href":"https:\/\/api.w.org\/{rel}","templated":true}]}}