{"id":31945,"date":"2025-08-21T16:56:14","date_gmt":"2025-08-21T14:56:14","guid":{"rendered":"https:\/\/dev.adnart.com\/product\/asobu-glacier-bf78\/"},"modified":"2026-02-18T09:56:51","modified_gmt":"2026-02-18T07:56:51","slug":"asobu-glacier-bf78","status":"publish","type":"product","link":"https:\/\/dev.adnart.com\/fr\/produit\/asobu-glacier-bf78\/","title":{"rendered":"ASOBU Glacier-BF78"},"content":{"rendered":"<p><span style=\"color: #ff0000;\">EN STOCK MAINTENANT !<\/span><\/p>\n<p>Le <strong>Glacier BF78 d&#8217;ASOBU<\/strong> est un gobelet en acier inoxydable \u00e9l\u00e9gant et pratique de 40 oz (1,2 L) isol\u00e9 sous vide, con\u00e7u pour garder vos boissons chaudes ou froides pendant des heures. Sa finition mate durable est disponible en noir, bleu, beige et blanc, garantissant un style pour toutes les pr\u00e9f\u00e9rences. La poign\u00e9e de transport int\u00e9gr\u00e9e offre une portabilit\u00e9 optimale, ce qui en fait le compagnon id\u00e9al pour vos trajets quotidiens, vos aventures en plein air ou simplement pour vous hydrater tout au long de la journ\u00e9e.  <\/p>\n<p><strong>Ce produit est exempt de BPA et de plomb.<\/strong><\/p>\n","protected":false},"excerpt":{"rendered":"<p>EN STOCK MAINTENANT ! Le Glacier BF78 d&#8217;ASOBU est un gobelet en acier inoxydable \u00e9l\u00e9gant et pratique de 40 oz<\/p>\n","protected":false},"featured_media":32408,"comment_status":"open","ping_status":"closed","template":"","meta":{"inventory_464_copy":"<p>[api_inventory]<\/p>\n"},"product_brand":[],"product_cat":[210,2382,1893,2380,2618],"product_tag":[],"product-themes":[],"special":[],"class_list":{"0":"post-31945","1":"product","2":"type-product","3":"status-publish","4":"has-post-thumbnail","6":"product_cat-bouteilles","7":"product_cat-caracteristiques-produits","8":"product_cat-meilleures-ventes","9":"product_cat-nouvel-arrivage","10":"product_cat-tous-les-produits","11":"pa_color-beige-fr","12":"pa_color-blanc","13":"pa_color-bleu-fr","14":"pa_color-noir","15":"pa_materials-acier-inoxydable","17":"first","18":"instock","19":"shipping-taxable","20":"purchasable","21":"product-type-variable"},"_links":{"self":[{"href":"https:\/\/dev.adnart.com\/fr\/wp-json\/wp\/v2\/product\/31945","targetHints":{"allow":["GET"]}}],"collection":[{"href":"https:\/\/dev.adnart.com\/fr\/wp-json\/wp\/v2\/product"}],"about":[{"href":"https:\/\/dev.adnart.com\/fr\/wp-json\/wp\/v2\/types\/product"}],"replies":[{"embeddable":true,"href":"https:\/\/dev.adnart.com\/fr\/wp-json\/wp\/v2\/comments?post=31945"}],"version-history":[{"count":9,"href":"https:\/\/dev.adnart.com\/fr\/wp-json\/wp\/v2\/product\/31945\/revisions"}],"predecessor-version":[{"id":33865,"href":"https:\/\/dev.adnart.com\/fr\/wp-json\/wp\/v2\/product\/31945\/revisions\/33865"}],"wp:featuredmedia":[{"embeddable":true,"href":"https:\/\/dev.adnart.com\/fr\/wp-json\/wp\/v2\/media\/32408"}],"wp:attachment":[{"href":"https:\/\/dev.adnart.com\/fr\/wp-json\/wp\/v2\/media?parent=31945"}],"wp:term":[{"taxonomy":"product_brand","embeddable":true,"href":"https:\/\/dev.adnart.com\/fr\/wp-json\/wp\/v2\/product_brand?post=31945"},{"taxonomy":"product_cat","embeddable":true,"href":"https:\/\/dev.adnart.com\/fr\/wp-json\/wp\/v2\/product_cat?post=31945"},{"taxonomy":"product_tag","embeddable":true,"href":"https:\/\/dev.adnart.com\/fr\/wp-json\/wp\/v2\/product_tag?post=31945"},{"taxonomy":"product-themes","embeddable":true,"href":"https:\/\/dev.adnart.com\/fr\/wp-json\/wp\/v2\/product-themes?post=31945"},{"taxonomy":"special","embeddable":true,"href":"https:\/\/dev.adnart.com\/fr\/wp-json\/wp\/v2\/special?post=31945"}],"curies":[{"name":"wp","href":"https:\/\/api.w.org\/{rel}","templated":true}]}}