{"id":31918,"date":"2025-08-19T17:54:12","date_gmt":"2025-08-19T15:54:12","guid":{"rendered":"https:\/\/dev.adnart.com\/product\/asobu-happy-hats-sm85\/"},"modified":"2026-02-21T18:02:57","modified_gmt":"2026-02-21T16:02:57","slug":"asobu-happy-hats-sm85","status":"publish","type":"product","link":"https:\/\/dev.adnart.com\/fr\/produit\/asobu-happy-hats-sm85\/","title":{"rendered":"Chapeaux de bonheur ASOBU-SM85"},"content":{"rendered":"<p><span style=\"color: #ff0000;\"><strong>EN STOCK MAINTENANT !<\/strong><\/span><\/p>\n<p>Le <strong>gobelet ASOBU SM85 Happy Hats<\/strong> est un gobelet en acier inoxydable de 900 ml isol\u00e9 sous vide, con\u00e7u pour conserver les boissons froides jusqu&#8217;\u00e0 24 heures ou chaudes jusqu&#8217;\u00e0 12 heures. Dot\u00e9 d&#8217;une double paroi durable et sans BPA, il offre une excellente fonction de conservation de la temp\u00e9rature. Sa poign\u00e9e ergonomique assure une prise en main confortable, tandis que le couvercle s\u00e9curis\u00e9 emp\u00eache les fuites et est id\u00e9al pour boire sur le pouce. Avec sa finition mate et son design ludique illustr\u00e9 par une casquette, ce gobelet allie fonction et personnalit\u00e9, ce qui le rend parfait pour un usage quotidien et les aventures en plein air.   <\/p>\n<p><strong>Ce produit est exempt de BPA et de plomb.<\/strong><\/p>\n","protected":false},"excerpt":{"rendered":"<p>EN STOCK MAINTENANT ! Le gobelet ASOBU SM85 Happy Hats est un gobelet en acier inoxydable de 900 ml isol\u00e9<\/p>\n","protected":false},"featured_media":32400,"comment_status":"open","ping_status":"closed","template":"","meta":{"inventory_464_copy":"<p>[api_inventory]<\/p>\n"},"product_brand":[],"product_cat":[2382,2603,1893,2380,2131,1612,1586,1605,2618],"product_tag":[],"product-themes":[],"special":[],"class_list":{"0":"post-31918","1":"product","2":"type-product","3":"status-publish","4":"has-post-thumbnail","6":"product_cat-caracteristiques-produits","7":"product_cat-gobelets-en-paille","8":"product_cat-meilleures-ventes","9":"product_cat-nouvel-arrivage","10":"product_cat-tasses-et-gobelets-de-voyage-fr","11":"product_cat-tasses-et-gobelets-de-voyage","12":"product_cat-tasses-et-gobelets-en-acier-inoxydable","13":"product_cat-tasses-et-gobelets-en-acier-inoxydable-fr","14":"product_cat-tous-les-produits","15":"pa_color-beige-brun","16":"pa_color-blanc-rouge","17":"pa_color-bleu-fr","18":"pa_color-noir","19":"pa_color-pourpre-rose","20":"pa_materials-acier-inoxydable","22":"first","23":"instock","24":"shipping-taxable","25":"purchasable","26":"product-type-variable"},"_links":{"self":[{"href":"https:\/\/dev.adnart.com\/fr\/wp-json\/wp\/v2\/product\/31918","targetHints":{"allow":["GET"]}}],"collection":[{"href":"https:\/\/dev.adnart.com\/fr\/wp-json\/wp\/v2\/product"}],"about":[{"href":"https:\/\/dev.adnart.com\/fr\/wp-json\/wp\/v2\/types\/product"}],"replies":[{"embeddable":true,"href":"https:\/\/dev.adnart.com\/fr\/wp-json\/wp\/v2\/comments?post=31918"}],"version-history":[{"count":9,"href":"https:\/\/dev.adnart.com\/fr\/wp-json\/wp\/v2\/product\/31918\/revisions"}],"predecessor-version":[{"id":34134,"href":"https:\/\/dev.adnart.com\/fr\/wp-json\/wp\/v2\/product\/31918\/revisions\/34134"}],"wp:featuredmedia":[{"embeddable":true,"href":"https:\/\/dev.adnart.com\/fr\/wp-json\/wp\/v2\/media\/32400"}],"wp:attachment":[{"href":"https:\/\/dev.adnart.com\/fr\/wp-json\/wp\/v2\/media?parent=31918"}],"wp:term":[{"taxonomy":"product_brand","embeddable":true,"href":"https:\/\/dev.adnart.com\/fr\/wp-json\/wp\/v2\/product_brand?post=31918"},{"taxonomy":"product_cat","embeddable":true,"href":"https:\/\/dev.adnart.com\/fr\/wp-json\/wp\/v2\/product_cat?post=31918"},{"taxonomy":"product_tag","embeddable":true,"href":"https:\/\/dev.adnart.com\/fr\/wp-json\/wp\/v2\/product_tag?post=31918"},{"taxonomy":"product-themes","embeddable":true,"href":"https:\/\/dev.adnart.com\/fr\/wp-json\/wp\/v2\/product-themes?post=31918"},{"taxonomy":"special","embeddable":true,"href":"https:\/\/dev.adnart.com\/fr\/wp-json\/wp\/v2\/special?post=31918"}],"curies":[{"name":"wp","href":"https:\/\/api.w.org\/{rel}","templated":true}]}}