{"id":30952,"date":"2024-01-10T18:53:07","date_gmt":"2024-01-10T16:53:07","guid":{"rendered":"https:\/\/dev.adnart.com\/product\/amber-stemless-hg125\/"},"modified":"2026-02-18T10:26:07","modified_gmt":"2026-02-18T08:26:07","slug":"amber-stemless-hg125","status":"publish","type":"product","link":"https:\/\/dev.adnart.com\/fr\/produit\/amber-stemless-hg125\/","title":{"rendered":"Ambre sans pied &#8211; HG125"},"content":{"rendered":"<p>Ad n Art propose une large gamme de verres \u00e0 vin&#8230; des verres \u00e0 vin sp\u00e9cialis\u00e9s pour le porto et le vin de glace aux grands verres \u00e0 pied classiques de 19 oz, pour les vins rouges richement vieillis !  Nous avons des verres sp\u00e9cifiques pour les vins blancs et ros\u00e9s, pour les \u00e9v\u00e9nements de d\u00e9gustation et les repas d\u00e9contract\u00e9s.<\/p>\n<p>Tous nos verres \u00e0 pied sont fabriqu\u00e9s aux \u00c9tats-Unis ou en Europe. Nous ne proposons que des verres \u00e0 pied de qualit\u00e9 reconnue qui r\u00e9sistent au lave-vaisselle et qui sont \u00e9l\u00e9gants pour les repas raffin\u00e9s ou les d\u00e9gustations. Levez votre verre et profitez-en !<\/p>\n<p><strong>Ce produit est exempt de BPA et de plomb.<\/strong><\/p>\n","protected":false},"excerpt":{"rendered":"<p>Ad n Art propose une large gamme de verres \u00e0 vin&#8230; des verres \u00e0 vin sp\u00e9cialis\u00e9s pour le porto et<\/p>\n","protected":false},"featured_media":31176,"comment_status":"closed","ping_status":"closed","template":"","meta":{"inventory_464_copy":"<p>[api_inventory]<\/p>\n"},"product_brand":[],"product_cat":[365,2618,1594],"product_tag":[1717,1795,1578,1938,1606,2559],"product-themes":[],"special":[],"class_list":{"0":"post-30952","1":"product","2":"type-product","3":"status-publish","4":"has-post-thumbnail","6":"product_cat-articles-de-bar","7":"product_cat-tous-les-produits","8":"product_cat-verrerie","9":"product_tag-18-oz-fr","10":"product_tag-articles-de-bar","11":"product_tag-le-vin","12":"product_tag-sans-tige","13":"product_tag-verre","14":"product_tag-verre-a-vin-sans-pied","15":"pa_color-clair","16":"pa_materials-verre","18":"first","19":"instock","20":"purchasable","21":"product-type-simple"},"_links":{"self":[{"href":"https:\/\/dev.adnart.com\/fr\/wp-json\/wp\/v2\/product\/30952","targetHints":{"allow":["GET"]}}],"collection":[{"href":"https:\/\/dev.adnart.com\/fr\/wp-json\/wp\/v2\/product"}],"about":[{"href":"https:\/\/dev.adnart.com\/fr\/wp-json\/wp\/v2\/types\/product"}],"replies":[{"embeddable":true,"href":"https:\/\/dev.adnart.com\/fr\/wp-json\/wp\/v2\/comments?post=30952"}],"version-history":[{"count":2,"href":"https:\/\/dev.adnart.com\/fr\/wp-json\/wp\/v2\/product\/30952\/revisions"}],"predecessor-version":[{"id":32824,"href":"https:\/\/dev.adnart.com\/fr\/wp-json\/wp\/v2\/product\/30952\/revisions\/32824"}],"wp:featuredmedia":[{"embeddable":true,"href":"https:\/\/dev.adnart.com\/fr\/wp-json\/wp\/v2\/media\/31176"}],"wp:attachment":[{"href":"https:\/\/dev.adnart.com\/fr\/wp-json\/wp\/v2\/media?parent=30952"}],"wp:term":[{"taxonomy":"product_brand","embeddable":true,"href":"https:\/\/dev.adnart.com\/fr\/wp-json\/wp\/v2\/product_brand?post=30952"},{"taxonomy":"product_cat","embeddable":true,"href":"https:\/\/dev.adnart.com\/fr\/wp-json\/wp\/v2\/product_cat?post=30952"},{"taxonomy":"product_tag","embeddable":true,"href":"https:\/\/dev.adnart.com\/fr\/wp-json\/wp\/v2\/product_tag?post=30952"},{"taxonomy":"product-themes","embeddable":true,"href":"https:\/\/dev.adnart.com\/fr\/wp-json\/wp\/v2\/product-themes?post=30952"},{"taxonomy":"special","embeddable":true,"href":"https:\/\/dev.adnart.com\/fr\/wp-json\/wp\/v2\/special?post=30952"}],"curies":[{"name":"wp","href":"https:\/\/api.w.org\/{rel}","templated":true}]}}