{"id":30950,"date":"2024-01-10T18:47:15","date_gmt":"2024-01-10T16:47:15","guid":{"rendered":"https:\/\/dev.adnart.com\/product\/highball-glass-do210\/"},"modified":"2026-02-19T20:22:28","modified_gmt":"2026-02-19T18:22:28","slug":"highball-glass-do210","status":"publish","type":"product","link":"https:\/\/dev.adnart.com\/fr\/produit\/highball-glass-do210\/","title":{"rendered":"Verre Highball &#8211; DO210"},"content":{"rendered":"<p>Pr\u00e9sentez votre marque avec style gr\u00e2ce au verre highball <strong>DO210<\/strong> de 11 oz, dot\u00e9 d&#8217;un design fusel\u00e9 \u00e9l\u00e9gant et d&#8217;une base solide pour une prise en main confortable et une sensation d&#8217;\u00e9quilibre. Parfait pour les cocktails, les sodas ou les m\u00e9langes, ce verre est aussi polyvalent qu&#8217;accrocheur. Le verre cristallin met en valeur la boisson de votre choix et peut \u00eatre marqu\u00e9 d&#8217;un logo audacieux, ce qui le rend id\u00e9al pour les \u00e9v\u00e9nements promotionnels, les tournois ou les cadeaux haut de gamme. Durable et lavable au lave-vaisselle, il constitue un ajout \u00e9l\u00e9gant et pratique \u00e0 toute collection d&#8217;articles de bar ou de produits de marque.   <\/p>\n<p><strong>Ce produit est exempt de BPA et de plomb.<\/strong><\/p>\n","protected":false},"excerpt":{"rendered":"<p>Pr\u00e9sentez votre marque avec style gr\u00e2ce au verre highball DO210 de 11 oz, dot\u00e9 d&#8217;un design fusel\u00e9 \u00e9l\u00e9gant et d&#8217;une<\/p>\n","protected":false},"featured_media":30922,"comment_status":"closed","ping_status":"closed","template":"","meta":{"inventory_464_copy":"<p>[api_inventory]<\/p>\n"},"product_brand":[],"product_cat":[365,2618,1594],"product_tag":[1804,1795,2560,1766,1769,1606],"product-themes":[],"special":[],"class_list":{"0":"post-30950","1":"product","2":"type-product","3":"status-publish","4":"has-post-thumbnail","6":"product_cat-articles-de-bar","7":"product_cat-tous-les-produits","8":"product_cat-verrerie","9":"product_tag-a-lancienne","10":"product_tag-articles-de-bar","11":"product_tag-boire","12":"product_tag-boule-de-cristal","13":"product_tag-cocktail-fr","14":"product_tag-verre","15":"pa_color-clair","16":"pa_materials-verre","18":"first","19":"instock","20":"purchasable","21":"product-type-simple"},"_links":{"self":[{"href":"https:\/\/dev.adnart.com\/fr\/wp-json\/wp\/v2\/product\/30950","targetHints":{"allow":["GET"]}}],"collection":[{"href":"https:\/\/dev.adnart.com\/fr\/wp-json\/wp\/v2\/product"}],"about":[{"href":"https:\/\/dev.adnart.com\/fr\/wp-json\/wp\/v2\/types\/product"}],"replies":[{"embeddable":true,"href":"https:\/\/dev.adnart.com\/fr\/wp-json\/wp\/v2\/comments?post=30950"}],"version-history":[{"count":5,"href":"https:\/\/dev.adnart.com\/fr\/wp-json\/wp\/v2\/product\/30950\/revisions"}],"predecessor-version":[{"id":33893,"href":"https:\/\/dev.adnart.com\/fr\/wp-json\/wp\/v2\/product\/30950\/revisions\/33893"}],"wp:featuredmedia":[{"embeddable":true,"href":"https:\/\/dev.adnart.com\/fr\/wp-json\/wp\/v2\/media\/30922"}],"wp:attachment":[{"href":"https:\/\/dev.adnart.com\/fr\/wp-json\/wp\/v2\/media?parent=30950"}],"wp:term":[{"taxonomy":"product_brand","embeddable":true,"href":"https:\/\/dev.adnart.com\/fr\/wp-json\/wp\/v2\/product_brand?post=30950"},{"taxonomy":"product_cat","embeddable":true,"href":"https:\/\/dev.adnart.com\/fr\/wp-json\/wp\/v2\/product_cat?post=30950"},{"taxonomy":"product_tag","embeddable":true,"href":"https:\/\/dev.adnart.com\/fr\/wp-json\/wp\/v2\/product_tag?post=30950"},{"taxonomy":"product-themes","embeddable":true,"href":"https:\/\/dev.adnart.com\/fr\/wp-json\/wp\/v2\/product-themes?post=30950"},{"taxonomy":"special","embeddable":true,"href":"https:\/\/dev.adnart.com\/fr\/wp-json\/wp\/v2\/special?post=30950"}],"curies":[{"name":"wp","href":"https:\/\/api.w.org\/{rel}","templated":true}]}}