{"id":30948,"date":"2024-01-10T16:30:10","date_gmt":"2024-01-10T16:30:10","guid":{"rendered":"https:\/\/dev.adnart.com\/product\/13-5oz-stemless-wine-glass-dw129\/"},"modified":"2026-02-21T01:30:44","modified_gmt":"2026-02-20T23:30:44","slug":"13-5oz-stemless-wine-glass-dw129","status":"publish","type":"product","link":"https:\/\/dev.adnart.com\/fr\/produit\/13-5oz-stemless-wine-glass-dw129\/","title":{"rendered":"Verre \u00e0 martini sans pied 13.5oz-DW129"},"content":{"rendered":"<p class=\"\" data-start=\"158\" data-end=\"502\">Am\u00e9liorez votre exp\u00e9rience de d\u00e9gustation avec le DW129, une version moderne de la verrerie classique. Ce verre \u00e0 vin sans pied de style contemporain fait partie de notre collection sp\u00e9cialis\u00e9e, fabriqu\u00e9e de mani\u00e8re experte pour am\u00e9liorer la d\u00e9gustation de vos cocktails et vins pr\u00e9f\u00e9r\u00e9s. Avec sa silhouette \u00e9l\u00e9gante et anguleuse et ses lignes \u00e9pur\u00e9es, il apporte une touche d&#8217;audace \u00e0 toute table.  <\/p>\n<p class=\"\" data-start=\"504\" data-end=\"748\">Pouvant contenir jusqu&#8217;\u00e0 399 ml (13,5 oz), le DW129 est parfait pour mettre en valeur tous les types de vins, des riches mill\u00e9simes rouges aux cocktails \u00e9clatants. Son design unique allie \u00e9l\u00e9gance et fonctionnalit\u00e9, ce qui est id\u00e9al pour les amateurs de vin. <\/p>\n<p class=\"\" data-start=\"750\" data-end=\"880\">Que vous organisiez une f\u00eate ou que vous passiez une soir\u00e9e tranquille, le verre DW129 offre une exp\u00e9rience de consommation raffin\u00e9e et moderne.<\/p>\n<p><strong>Ce produit est exempt de BPA et de plomb.<\/strong><\/p>\n","protected":false},"excerpt":{"rendered":"<p>Am\u00e9liorez votre exp\u00e9rience de d\u00e9gustation avec le DW129, une version moderne de la verrerie classique. Ce verre \u00e0 vin sans<\/p>\n","protected":false},"featured_media":30919,"comment_status":"closed","ping_status":"closed","template":"","meta":{"inventory_464_copy":"<p>[api_inventory]<\/p>\n"},"product_brand":[],"product_cat":[365,2618,1594],"product_tag":[1769,2575,1578,2559],"product-themes":[],"special":[],"class_list":{"0":"post-30948","1":"product","2":"type-product","3":"status-publish","4":"has-post-thumbnail","6":"product_cat-articles-de-bar","7":"product_cat-tous-les-produits","8":"product_cat-verrerie","9":"product_tag-cocktail-fr","10":"product_tag-glassware-fr","11":"product_tag-le-vin","12":"product_tag-verre-a-vin-sans-pied","13":"pa_color-clair","14":"pa_materials-acier-inoxydable","16":"first","17":"instock","18":"purchasable","19":"product-type-simple"},"_links":{"self":[{"href":"https:\/\/dev.adnart.com\/fr\/wp-json\/wp\/v2\/product\/30948","targetHints":{"allow":["GET"]}}],"collection":[{"href":"https:\/\/dev.adnart.com\/fr\/wp-json\/wp\/v2\/product"}],"about":[{"href":"https:\/\/dev.adnart.com\/fr\/wp-json\/wp\/v2\/types\/product"}],"replies":[{"embeddable":true,"href":"https:\/\/dev.adnart.com\/fr\/wp-json\/wp\/v2\/comments?post=30948"}],"version-history":[{"count":6,"href":"https:\/\/dev.adnart.com\/fr\/wp-json\/wp\/v2\/product\/30948\/revisions"}],"predecessor-version":[{"id":35545,"href":"https:\/\/dev.adnart.com\/fr\/wp-json\/wp\/v2\/product\/30948\/revisions\/35545"}],"wp:featuredmedia":[{"embeddable":true,"href":"https:\/\/dev.adnart.com\/fr\/wp-json\/wp\/v2\/media\/30919"}],"wp:attachment":[{"href":"https:\/\/dev.adnart.com\/fr\/wp-json\/wp\/v2\/media?parent=30948"}],"wp:term":[{"taxonomy":"product_brand","embeddable":true,"href":"https:\/\/dev.adnart.com\/fr\/wp-json\/wp\/v2\/product_brand?post=30948"},{"taxonomy":"product_cat","embeddable":true,"href":"https:\/\/dev.adnart.com\/fr\/wp-json\/wp\/v2\/product_cat?post=30948"},{"taxonomy":"product_tag","embeddable":true,"href":"https:\/\/dev.adnart.com\/fr\/wp-json\/wp\/v2\/product_tag?post=30948"},{"taxonomy":"product-themes","embeddable":true,"href":"https:\/\/dev.adnart.com\/fr\/wp-json\/wp\/v2\/product-themes?post=30948"},{"taxonomy":"special","embeddable":true,"href":"https:\/\/dev.adnart.com\/fr\/wp-json\/wp\/v2\/special?post=30948"}],"curies":[{"name":"wp","href":"https:\/\/api.w.org\/{rel}","templated":true}]}}