{"id":29354,"date":"2024-02-13T15:51:29","date_gmt":"2024-02-13T13:51:29","guid":{"rendered":"https:\/\/dev.adnart.com\/?post_type=product&#038;p=29354"},"modified":"2026-02-20T18:43:44","modified_gmt":"2026-02-20T16:43:44","slug":"asobu-mini-sippy-ict30","status":"publish","type":"product","link":"https:\/\/dev.adnart.com\/fr\/produit\/asobu-mini-sippy-ict30\/","title":{"rendered":"ASOBU Mini Sippy- ICT30"},"content":{"rendered":"<p><span style=\"color: #ff0000;\"><strong>EN STOCK MAINTENANT !<\/strong><\/span><\/p>\n<p><strong>Appr\u00e9ciez les petites choses avec le Mini Sippy !<\/strong><\/p>\n<p>Une bouteille d&#8217;eau isol\u00e9e sous vide de 12oz \/ 360 ml pour s&#8217;assurer que nos enfants puissent rester hydrat\u00e9s lorsqu&#8217;ils jouent \u00e0 l&#8217;ext\u00e9rieur sans que leur boisson ne se r\u00e9chauffe. La paille en silicone flexible int\u00e9gr\u00e9e au couvercle s&#8217;enl\u00e8ve facilement pour un nettoyage rapide. Elle permet de boire en toute s\u00e9curit\u00e9 et de mani\u00e8re plus amusante que les pailles en plastique. Le Mini Sippy est disponible dans une vari\u00e9t\u00e9 de couleurs et de motifs ludiques.   <\/p>\n<p><strong>Ce produit est exempt de BPA et de plomb.<\/strong><\/p>\n","protected":false},"excerpt":{"rendered":"<p>EN STOCK MAINTENANT ! Appr\u00e9ciez les petites choses avec le Mini Sippy ! Une bouteille d&#8217;eau isol\u00e9e sous vide de<\/p>\n","protected":false},"featured_media":34153,"comment_status":"closed","ping_status":"closed","template":"","meta":{"inventory_464_copy":"<p>[api_inventory]<\/p>\n"},"product_brand":[],"product_cat":[1600,2383,2103,2380,1586,1605,2618],"product_tag":[1672,1845,1783,1577,2564,1725,371,1844,1621],"product-themes":[],"special":[],"class_list":{"0":"post-29354","1":"product","2":"type-product","3":"status-publish","4":"has-post-thumbnail","6":"product_cat-acier-inoxydable","7":"product_cat-inventaire-approfondi","8":"product_cat-les-enfants","9":"product_cat-nouvel-arrivage","10":"product_cat-tasses-et-gobelets-en-acier-inoxydable","11":"product_cat-tasses-et-gobelets-en-acier-inoxydable-fr","12":"product_cat-tous-les-produits","13":"product_tag-bouteille-deau","14":"product_tag-cadeau-fr","15":"product_tag-chaud","16":"product_tag-froid","17":"product_tag-gift-fr","18":"product_tag-gobelet","19":"product_tag-isole","20":"product_tag-le-vide","21":"product_tag-vente-au-detail","22":"pa_color-bleu-fr","23":"pa_color-gris","24":"pa_color-jaune","25":"pa_color-rose","26":"pa_color-sarcelle","27":"pa_materials-acier-inoxydable","28":"pa_materials-caoutchouc-de-silicone","30":"first","31":"instock","32":"purchasable","33":"product-type-variable"},"_links":{"self":[{"href":"https:\/\/dev.adnart.com\/fr\/wp-json\/wp\/v2\/product\/29354","targetHints":{"allow":["GET"]}}],"collection":[{"href":"https:\/\/dev.adnart.com\/fr\/wp-json\/wp\/v2\/product"}],"about":[{"href":"https:\/\/dev.adnart.com\/fr\/wp-json\/wp\/v2\/types\/product"}],"replies":[{"embeddable":true,"href":"https:\/\/dev.adnart.com\/fr\/wp-json\/wp\/v2\/comments?post=29354"}],"version-history":[{"count":6,"href":"https:\/\/dev.adnart.com\/fr\/wp-json\/wp\/v2\/product\/29354\/revisions"}],"predecessor-version":[{"id":33689,"href":"https:\/\/dev.adnart.com\/fr\/wp-json\/wp\/v2\/product\/29354\/revisions\/33689"}],"wp:featuredmedia":[{"embeddable":true,"href":"https:\/\/dev.adnart.com\/fr\/wp-json\/wp\/v2\/media\/34153"}],"wp:attachment":[{"href":"https:\/\/dev.adnart.com\/fr\/wp-json\/wp\/v2\/media?parent=29354"}],"wp:term":[{"taxonomy":"product_brand","embeddable":true,"href":"https:\/\/dev.adnart.com\/fr\/wp-json\/wp\/v2\/product_brand?post=29354"},{"taxonomy":"product_cat","embeddable":true,"href":"https:\/\/dev.adnart.com\/fr\/wp-json\/wp\/v2\/product_cat?post=29354"},{"taxonomy":"product_tag","embeddable":true,"href":"https:\/\/dev.adnart.com\/fr\/wp-json\/wp\/v2\/product_tag?post=29354"},{"taxonomy":"product-themes","embeddable":true,"href":"https:\/\/dev.adnart.com\/fr\/wp-json\/wp\/v2\/product-themes?post=29354"},{"taxonomy":"special","embeddable":true,"href":"https:\/\/dev.adnart.com\/fr\/wp-json\/wp\/v2\/special?post=29354"}],"curies":[{"name":"wp","href":"https:\/\/api.w.org\/{rel}","templated":true}]}}