{"id":28716,"date":"2025-02-05T19:17:54","date_gmt":"2025-02-05T17:17:54","guid":{"rendered":"https:\/\/dev.adnart.com\/?post_type=product&#038;p=28716"},"modified":"2026-02-18T09:59:12","modified_gmt":"2026-02-18T07:59:12","slug":"asobu-food-jar-fj20","status":"publish","type":"product","link":"https:\/\/dev.adnart.com\/fr\/produit\/asobu-food-jar-fj20\/","title":{"rendered":"Bocal alimentaire ASOBU &#8211; FJ20"},"content":{"rendered":"<p>&nbsp;<\/p>\n<p>Emportez votre d\u00e9jeuner ou n&#8217;importe quel aliment sur le pouce gr\u00e2ce \u00e0 l&#8217;\u00e9l\u00e9gant et pratique <strong>bocal alimentaire ASOBU<\/strong>! Ce r\u00e9cipient isotherme l\u00e9ger d&#8217;une capacit\u00e9 de 600 ml (20 oz) est con\u00e7u pour garder vos aliments frais et \u00e0 la temp\u00e9rature id\u00e9ale. Dot\u00e9 d&#8217;une finition lisse et \u00e9l\u00e9gante, d&#8217;une poign\u00e9e robuste pour faciliter le transport et d&#8217;un espace de marquage audacieux, c&#8217;est le compagnon id\u00e9al pour les matins press\u00e9s, les pique-niques ou les d\u00e9jeuners au bureau ! <\/p>\n<p><strong>Ce produit est exempt de BPA et de plomb.<\/strong><\/p>\n","protected":false},"excerpt":{"rendered":"<p>&nbsp; Emportez votre d\u00e9jeuner ou n&#8217;importe quel aliment sur le pouce gr\u00e2ce \u00e0 l&#8217;\u00e9l\u00e9gant et pratique bocal alimentaire ASOBU! Ce<\/p>\n","protected":false},"featured_media":32536,"comment_status":"closed","ping_status":"closed","template":"","meta":{"inventory_464_copy":"<p>[api_inventory]<\/p>\n"},"product_brand":[],"product_cat":[1600,2382,2103,1893,2380,2481,2618],"product_tag":[2482],"product-themes":[],"special":[],"class_list":{"0":"post-28716","1":"product","2":"type-product","3":"status-publish","4":"has-post-thumbnail","6":"product_cat-acier-inoxydable","7":"product_cat-caracteristiques-produits","8":"product_cat-les-enfants","9":"product_cat-meilleures-ventes","10":"product_cat-nouvel-arrivage","11":"product_cat-recipient-alimentaire","12":"product_cat-tous-les-produits","13":"product_tag-recipient-alimentaire","14":"pa_color-blanc","15":"pa_color-gris","16":"pa_color-noir","17":"pa_color-rouge-2","18":"pa_materials-acier-inoxydable","20":"first","21":"instock","22":"purchasable","23":"product-type-variable"},"_links":{"self":[{"href":"https:\/\/dev.adnart.com\/fr\/wp-json\/wp\/v2\/product\/28716","targetHints":{"allow":["GET"]}}],"collection":[{"href":"https:\/\/dev.adnart.com\/fr\/wp-json\/wp\/v2\/product"}],"about":[{"href":"https:\/\/dev.adnart.com\/fr\/wp-json\/wp\/v2\/types\/product"}],"replies":[{"embeddable":true,"href":"https:\/\/dev.adnart.com\/fr\/wp-json\/wp\/v2\/comments?post=28716"}],"version-history":[{"count":10,"href":"https:\/\/dev.adnart.com\/fr\/wp-json\/wp\/v2\/product\/28716\/revisions"}],"predecessor-version":[{"id":33799,"href":"https:\/\/dev.adnart.com\/fr\/wp-json\/wp\/v2\/product\/28716\/revisions\/33799"}],"wp:featuredmedia":[{"embeddable":true,"href":"https:\/\/dev.adnart.com\/fr\/wp-json\/wp\/v2\/media\/32536"}],"wp:attachment":[{"href":"https:\/\/dev.adnart.com\/fr\/wp-json\/wp\/v2\/media?parent=28716"}],"wp:term":[{"taxonomy":"product_brand","embeddable":true,"href":"https:\/\/dev.adnart.com\/fr\/wp-json\/wp\/v2\/product_brand?post=28716"},{"taxonomy":"product_cat","embeddable":true,"href":"https:\/\/dev.adnart.com\/fr\/wp-json\/wp\/v2\/product_cat?post=28716"},{"taxonomy":"product_tag","embeddable":true,"href":"https:\/\/dev.adnart.com\/fr\/wp-json\/wp\/v2\/product_tag?post=28716"},{"taxonomy":"product-themes","embeddable":true,"href":"https:\/\/dev.adnart.com\/fr\/wp-json\/wp\/v2\/product-themes?post=28716"},{"taxonomy":"special","embeddable":true,"href":"https:\/\/dev.adnart.com\/fr\/wp-json\/wp\/v2\/special?post=28716"}],"curies":[{"name":"wp","href":"https:\/\/api.w.org\/{rel}","templated":true}]}}