{"id":28637,"date":"2025-02-05T16:49:32","date_gmt":"2025-02-05T14:49:32","guid":{"rendered":"https:\/\/dev.adnart.com\/?post_type=product&#038;p=28637"},"modified":"2026-02-19T20:41:06","modified_gmt":"2026-02-19T18:41:06","slug":"asobu-bestie-foodcontainer-fc43","status":"publish","type":"product","link":"https:\/\/dev.adnart.com\/fr\/produit\/asobu-bestie-foodcontainer-fc43\/","title":{"rendered":"ASOBU Bestie Container alimentaire &#8211; FC43"},"content":{"rendered":"<p><span style=\"color: #ff0000;\"><strong>EN STOCK MAINTENANT !<\/strong><\/span><\/p>\n<p>Le r\u00e9cipient alimentaire portable avec une t\u00eate de personnage en silicone !<br \/>\nParfait pour transporter une vari\u00e9t\u00e9 d&#8217;aliments comme le yaourt, la salade, la soupe et plus encore, ce r\u00e9cipient isol\u00e9 sous vide garde vos repas frais et \u00e0 la bonne temp\u00e9rature pendant des heures.<br \/>\nSimilaire \u00e0 notre populaire bouteille Bestie, le <strong>r\u00e9cipient alimentaire Bestie ASOBU &#8211; FC43<\/strong> comporte une t\u00eate de personnage ludique en silicone qui ajoute une touche d&#8217;amusement \u00e0 votre routine quotidienne.<br \/>\nCompact, durable et \u00e9l\u00e9gant, ce r\u00e9cipient alimentaire est id\u00e9al pour les repas sur le pouce, vous assurant de d\u00e9guster votre nourriture comme vous l&#8217;aimez, n&#8217;importe o\u00f9 et n&#8217;importe quand.<\/p>\n<p><strong>Ce produit est exempt de BPA et de plomb.<\/strong><\/p>\n","protected":false},"excerpt":{"rendered":"<p>EN STOCK MAINTENANT ! Le r\u00e9cipient alimentaire portable avec une t\u00eate de personnage en silicone ! Parfait pour transporter une<\/p>\n","protected":false},"featured_media":32406,"comment_status":"closed","ping_status":"closed","template":"","meta":{"inventory_464_copy":"<p>[api_inventory]<\/p>\n"},"product_brand":[],"product_cat":[2103,1893,2380,2481,2618],"product_tag":[1955,2482],"product-themes":[],"special":[],"class_list":{"0":"post-28637","1":"product","2":"type-product","3":"status-publish","4":"has-post-thumbnail","6":"product_cat-les-enfants","7":"product_cat-meilleures-ventes","8":"product_cat-nouvel-arrivage","9":"product_cat-recipient-alimentaire","10":"product_cat-tous-les-produits","11":"product_tag-les-enfants","12":"product_tag-recipient-alimentaire","13":"pa_color-fc-bear-white","14":"pa_color-fc-bonhomme-de-neige-blanc","15":"pa_color-fc-bunny-rose","16":"pa_color-fc-cow-white","17":"pa_color-fc-dino-green-fr","18":"pa_color-fc-licorne-rose","19":"pa_color-fc-ours-brun","20":"pa_color-fc-santa-red-fr","21":"pa_color-pingouin-noir","22":"pa_materials-acier-inoxydable","24":"first","25":"instock","26":"purchasable","27":"product-type-variable"},"_links":{"self":[{"href":"https:\/\/dev.adnart.com\/fr\/wp-json\/wp\/v2\/product\/28637","targetHints":{"allow":["GET"]}}],"collection":[{"href":"https:\/\/dev.adnart.com\/fr\/wp-json\/wp\/v2\/product"}],"about":[{"href":"https:\/\/dev.adnart.com\/fr\/wp-json\/wp\/v2\/types\/product"}],"replies":[{"embeddable":true,"href":"https:\/\/dev.adnart.com\/fr\/wp-json\/wp\/v2\/comments?post=28637"}],"version-history":[{"count":6,"href":"https:\/\/dev.adnart.com\/fr\/wp-json\/wp\/v2\/product\/28637\/revisions"}],"predecessor-version":[{"id":33006,"href":"https:\/\/dev.adnart.com\/fr\/wp-json\/wp\/v2\/product\/28637\/revisions\/33006"}],"wp:featuredmedia":[{"embeddable":true,"href":"https:\/\/dev.adnart.com\/fr\/wp-json\/wp\/v2\/media\/32406"}],"wp:attachment":[{"href":"https:\/\/dev.adnart.com\/fr\/wp-json\/wp\/v2\/media?parent=28637"}],"wp:term":[{"taxonomy":"product_brand","embeddable":true,"href":"https:\/\/dev.adnart.com\/fr\/wp-json\/wp\/v2\/product_brand?post=28637"},{"taxonomy":"product_cat","embeddable":true,"href":"https:\/\/dev.adnart.com\/fr\/wp-json\/wp\/v2\/product_cat?post=28637"},{"taxonomy":"product_tag","embeddable":true,"href":"https:\/\/dev.adnart.com\/fr\/wp-json\/wp\/v2\/product_tag?post=28637"},{"taxonomy":"product-themes","embeddable":true,"href":"https:\/\/dev.adnart.com\/fr\/wp-json\/wp\/v2\/product-themes?post=28637"},{"taxonomy":"special","embeddable":true,"href":"https:\/\/dev.adnart.com\/fr\/wp-json\/wp\/v2\/special?post=28637"}],"curies":[{"name":"wp","href":"https:\/\/api.w.org\/{rel}","templated":true}]}}