{"id":28577,"date":"2025-02-05T13:48:46","date_gmt":"2025-02-05T11:48:46","guid":{"rendered":"https:\/\/dev.adnart.com\/?post_type=product&#038;p=28577"},"modified":"2026-02-05T21:55:52","modified_gmt":"2026-02-05T19:55:52","slug":"asobu-bestiesling-bp44","status":"publish","type":"product","link":"https:\/\/dev.adnart.com\/fr\/produit\/asobu-bestiesling-bp44\/","title":{"rendered":"ASOBU Bestie Sling &#8211; BP44"},"content":{"rendered":"<p><span style=\"color: #ff0000;\"><strong>EN STOCK MAINTENANT !<\/strong><\/span><\/p>\n<p><strong>FAITES-LE AVEC DES \u00c9LASTIQUES. STYLE IT. AIMER  <\/strong><\/p>\n<p>Le <strong>Bestie Sling<\/strong> est la fa\u00e7on la plus mignonne de transporter votre bouteille Bestie ASOBU partout o\u00f9 vous allez. Fabriqu\u00e9es en silicone souple et durable, ces \u00e9charpes sont dot\u00e9es de breloques interchangeables qui vous permettent d&#8217;exprimer votre style unique. La sangle s&#8217;ajuste facilement pour vous permettre de garder les mains libres, ce qui en fait votre compagnon id\u00e9al pour les promenades, les aventures et tout ce qui se trouve entre les deux.  <\/p>\n<p>Disponible en cinq teintes pastel de r\u00eave, le Bestie Sling n&#8217;est pas seulement fonctionnel &#8211; c&#8217;est une fa\u00e7on amusante et cr\u00e9ative d&#8217;afficher votre personnalit\u00e9 tout en gardant l&#8217;hydratation \u00e0 port\u00e9e de main.<\/p>\n<p><strong>Conseil de pro !<\/strong>  Certains de vos autres favoris ASOBU s&#8217;adaptent au harnais.<\/p>\n<p><strong>Ce produit ne contient pas de plomb.<\/strong><\/p>\n<p>&nbsp;<\/p>\n","protected":false},"excerpt":{"rendered":"<p>Gobelet en acier inoxydable avec couvercle \u00e0 double fonction<\/p>\n","protected":false},"featured_media":28600,"comment_status":"open","ping_status":"closed","template":"","meta":{"inventory_464_copy":"<p>[api_inventory]<\/p>\n"},"product_brand":[],"product_cat":[1945,2103,1893,2618],"product_tag":[],"product-themes":[],"special":[],"class_list":{"0":"post-28577","1":"product","2":"type-product","3":"status-publish","4":"has-post-thumbnail","6":"product_cat-acccessoires","7":"product_cat-les-enfants","8":"product_cat-meilleures-ventes","9":"product_cat-tous-les-produits","10":"pa_color-bleu-fr","11":"pa_color-gris","12":"pa_color-jaune","13":"pa_color-vert","15":"first","16":"instock","17":"shipping-taxable","18":"purchasable","19":"product-type-variable"},"_links":{"self":[{"href":"https:\/\/dev.adnart.com\/fr\/wp-json\/wp\/v2\/product\/28577","targetHints":{"allow":["GET"]}}],"collection":[{"href":"https:\/\/dev.adnart.com\/fr\/wp-json\/wp\/v2\/product"}],"about":[{"href":"https:\/\/dev.adnart.com\/fr\/wp-json\/wp\/v2\/types\/product"}],"replies":[{"embeddable":true,"href":"https:\/\/dev.adnart.com\/fr\/wp-json\/wp\/v2\/comments?post=28577"}],"version-history":[{"count":10,"href":"https:\/\/dev.adnart.com\/fr\/wp-json\/wp\/v2\/product\/28577\/revisions"}],"predecessor-version":[{"id":34142,"href":"https:\/\/dev.adnart.com\/fr\/wp-json\/wp\/v2\/product\/28577\/revisions\/34142"}],"wp:featuredmedia":[{"embeddable":true,"href":"https:\/\/dev.adnart.com\/fr\/wp-json\/wp\/v2\/media\/28600"}],"wp:attachment":[{"href":"https:\/\/dev.adnart.com\/fr\/wp-json\/wp\/v2\/media?parent=28577"}],"wp:term":[{"taxonomy":"product_brand","embeddable":true,"href":"https:\/\/dev.adnart.com\/fr\/wp-json\/wp\/v2\/product_brand?post=28577"},{"taxonomy":"product_cat","embeddable":true,"href":"https:\/\/dev.adnart.com\/fr\/wp-json\/wp\/v2\/product_cat?post=28577"},{"taxonomy":"product_tag","embeddable":true,"href":"https:\/\/dev.adnart.com\/fr\/wp-json\/wp\/v2\/product_tag?post=28577"},{"taxonomy":"product-themes","embeddable":true,"href":"https:\/\/dev.adnart.com\/fr\/wp-json\/wp\/v2\/product-themes?post=28577"},{"taxonomy":"special","embeddable":true,"href":"https:\/\/dev.adnart.com\/fr\/wp-json\/wp\/v2\/special?post=28577"}],"curies":[{"name":"wp","href":"https:\/\/api.w.org\/{rel}","templated":true}]}}