{"id":28382,"date":"2025-02-04T14:44:45","date_gmt":"2025-02-04T12:44:45","guid":{"rendered":"https:\/\/dev.adnart.com\/?post_type=product&#038;p=28382"},"modified":"2026-02-19T21:25:45","modified_gmt":"2026-02-19T19:25:45","slug":"asobu-aspen-bf27","status":"publish","type":"product","link":"https:\/\/dev.adnart.com\/fr\/produit\/asobu-aspen-bf27\/","title":{"rendered":"ASOBU Aspen-BF27"},"content":{"rendered":"<p>Que vous ayez envie de quelque chose de chaud ou de froid, l&#8217;<strong>Aspen<\/strong> 20oz d&#8217;<strong>ASOBU<\/strong> vous couvre. Ce gobelet 2 en 1 en acier inoxydable, isol\u00e9 et \u00e0 double paroi, est con\u00e7u pour les boissons chaudes et froides. Son couvercle \u00e9tanche \u00e0 double fonction est dot\u00e9 d&#8217;une paille pour les boissons froides et d&#8217;un couvercle pour le caf\u00e9 ou le th\u00e9. Cet article est \u00e9galement dot\u00e9 de notre technologie innovante de rev\u00eatement int\u00e9rieur en c\u00e9ramique &#8211; <strong>Puramic<\/strong>&#8211; qui \u00e9limine le go\u00fbt de m\u00e9tal.<\/p>\n<p>Gr\u00e2ce \u00e0 sa polyvalence et \u00e0 sa commodit\u00e9, c&#8217;est le gobelet id\u00e9al pour toutes vos aventures et vos activit\u00e9s quotidiennes. Pr\u00eat \u00e0 tout, comme vous.<\/p>\n<p><strong>Ce produit est exempt de BPA et de plomb.<\/strong><\/p>\n","protected":false},"excerpt":{"rendered":"<p>Gobelet en acier inoxydable avec couvercle \u00e0 double fonction<\/p>\n","protected":false},"featured_media":29781,"comment_status":"open","ping_status":"closed","template":"","meta":{"inventory_464_copy":"<p>[api_inventory]<\/p>\n"},"product_brand":[],"product_cat":[1600,210,276,1893,2639,2380,1609,1612,1605,1586,2618],"product_tag":[220,238,215,229,2269,2308,230,216,213,226,2581],"product-themes":[],"special":[],"class_list":{"0":"post-28382","1":"product","2":"type-product","3":"status-publish","4":"has-post-thumbnail","6":"product_cat-acier-inoxydable","7":"product_cat-bouteilles","8":"product_cat-gobelets","9":"product_cat-meilleures-ventes","10":"product_cat-meilleurs-vendeurs","11":"product_cat-nouvel-arrivage","12":"product_cat-puramic-fr","13":"product_cat-tasses-et-gobelets-de-voyage","14":"product_cat-tasses-et-gobelets-en-acier-inoxydable-fr","15":"product_cat-tasses-et-gobelets-en-acier-inoxydable","16":"product_cat-tous-les-produits","17":"product_tag-acier-inoxydable-a-double-paroi-fr","18":"product_tag-couvercle-a-ouverture-rapide-pour-les-boissons-chaudes-fr","19":"product_tag-couvercle-etanche","20":"product_tag-finition-par-revetement-en-poudre-fr","21":"product_tag-interieur-en-ceramique","22":"product_tag-interieur-revetu-de-ceramique","23":"product_tag-ouverture-de-la-paille","24":"product_tag-paille-de-tritan","25":"product_tag-pour-les-boissons-chaudes-ou-froides","26":"product_tag-revetement-en-cuivre-fr","27":"product_tag-vacuum-insulated-fr","28":"pa_color-basilic-vert","29":"pa_color-blanc","30":"pa_color-bleu-pastel","31":"pa_color-gris-ardoise","32":"pa_color-noir","33":"pa_color-peche-pastel","34":"pa_color-rose-pastel","35":"pa_color-rouge-2","36":"pa_color-vert-pastel","37":"pa_materials-acier-inoxydable","38":"pa_materials-puramic","40":"first","41":"instock","42":"shipping-taxable","43":"purchasable","44":"product-type-variable"},"_links":{"self":[{"href":"https:\/\/dev.adnart.com\/fr\/wp-json\/wp\/v2\/product\/28382","targetHints":{"allow":["GET"]}}],"collection":[{"href":"https:\/\/dev.adnart.com\/fr\/wp-json\/wp\/v2\/product"}],"about":[{"href":"https:\/\/dev.adnart.com\/fr\/wp-json\/wp\/v2\/types\/product"}],"replies":[{"embeddable":true,"href":"https:\/\/dev.adnart.com\/fr\/wp-json\/wp\/v2\/comments?post=28382"}],"version-history":[{"count":6,"href":"https:\/\/dev.adnart.com\/fr\/wp-json\/wp\/v2\/product\/28382\/revisions"}],"predecessor-version":[{"id":31824,"href":"https:\/\/dev.adnart.com\/fr\/wp-json\/wp\/v2\/product\/28382\/revisions\/31824"}],"wp:featuredmedia":[{"embeddable":true,"href":"https:\/\/dev.adnart.com\/fr\/wp-json\/wp\/v2\/media\/29781"}],"wp:attachment":[{"href":"https:\/\/dev.adnart.com\/fr\/wp-json\/wp\/v2\/media?parent=28382"}],"wp:term":[{"taxonomy":"product_brand","embeddable":true,"href":"https:\/\/dev.adnart.com\/fr\/wp-json\/wp\/v2\/product_brand?post=28382"},{"taxonomy":"product_cat","embeddable":true,"href":"https:\/\/dev.adnart.com\/fr\/wp-json\/wp\/v2\/product_cat?post=28382"},{"taxonomy":"product_tag","embeddable":true,"href":"https:\/\/dev.adnart.com\/fr\/wp-json\/wp\/v2\/product_tag?post=28382"},{"taxonomy":"product-themes","embeddable":true,"href":"https:\/\/dev.adnart.com\/fr\/wp-json\/wp\/v2\/product-themes?post=28382"},{"taxonomy":"special","embeddable":true,"href":"https:\/\/dev.adnart.com\/fr\/wp-json\/wp\/v2\/special?post=28382"}],"curies":[{"name":"wp","href":"https:\/\/api.w.org\/{rel}","templated":true}]}}