{"id":26988,"date":"2024-03-14T20:16:01","date_gmt":"2024-03-14T18:16:01","guid":{"rendered":"http:\/\/localhost\/adnartLatest\/?post_type=product&#038;p=26988"},"modified":"2026-02-18T10:05:05","modified_gmt":"2026-02-18T08:05:05","slug":"asobu-grande-bf31","status":"publish","type":"product","link":"https:\/\/dev.adnart.com\/fr\/produit\/asobu-grande-bf31\/","title":{"rendered":"ASOBU Grande &#8211; BF31"},"content":{"rendered":"<p>\u00c9l\u00e9gant, raffin\u00e9 et styl\u00e9, l&#8217;<strong>ASOBU Grande<\/strong> sera certainement votre nouveau compagnon de voyage. Son acier inoxydable \u00e0 double paroi et \u00e0 isolation sous vide garde vos boissons chaudes pendant des heures, et son couvercle \u00e9tanche en fait le gobelet parfait pour vos d\u00e9placements. Sa capacit\u00e9 de 20 oz est suffisante pour vous permettre de vous d\u00e9salt\u00e9rer tout au long de la matin\u00e9e, tandis que la finition en acier inoxydable poudr\u00e9 conf\u00e8re au gobelet Grande un look unique et \u00e9l\u00e9gant.  <\/p>\n<p><strong>Ce produit est exempt de BPA et de plomb.<\/strong><\/p>\n","protected":false},"excerpt":{"rendered":"<p>\u00c9l\u00e9gant, raffin\u00e9 et styl\u00e9, l&#8217;ASOBU Grande sera certainement votre nouveau compagnon de voyage. Son acier inoxydable \u00e0 double paroi et<\/p>\n","protected":false},"featured_media":29619,"comment_status":"open","ping_status":"closed","template":"","meta":{"inventory_464_copy":"<p>[inventory_details]<\/p>\n"},"product_brand":[],"product_cat":[1600,276,1893,2380,2131,1612,1605,1586,2618],"product_tag":[302,303,293,295,298,301,294,297,2569,299,304,2581],"product-themes":[2532,2533,2534],"special":[],"class_list":{"0":"post-26988","1":"product","2":"type-product","3":"status-publish","4":"has-post-thumbnail","6":"product_cat-acier-inoxydable","7":"product_cat-gobelets","8":"product_cat-meilleures-ventes","9":"product_cat-nouvel-arrivage","10":"product_cat-tasses-et-gobelets-de-voyage-fr","11":"product_cat-tasses-et-gobelets-de-voyage","12":"product_cat-tasses-et-gobelets-en-acier-inoxydable-fr","13":"product_cat-tasses-et-gobelets-en-acier-inoxydable","14":"product_cat-tous-les-produits","15":"product_tag-12-heures-chaudes","16":"product_tag-24-heures-de-froid","17":"product_tag-560-ml-fr","18":"product_tag-a-lepreuve-des-deversements","19":"product_tag-acier-inoxydable","20":"product_tag-couvercle-amovible","21":"product_tag-couvercle-coulissant","22":"product_tag-double-paroi-fr","23":"product_tag-double-wall-fr","24":"product_tag-sans-bpa","25":"product_tag-thermos-fr","26":"product_tag-vacuum-insulated-fr","27":"pa_color-blanc","28":"pa_color-gris","29":"pa_color-noir","30":"pa_color-rouge-2","31":"pa_color-vert","32":"pa_materials-acier-inoxydable","33":"pa_materials-tritan-fr","34":"product-themes-beverage-fr","35":"product-themes-drinking-fr","36":"product-themes-travel-fr","38":"first","39":"instock","40":"shipping-taxable","41":"purchasable","42":"product-type-variable"},"_links":{"self":[{"href":"https:\/\/dev.adnart.com\/fr\/wp-json\/wp\/v2\/product\/26988","targetHints":{"allow":["GET"]}}],"collection":[{"href":"https:\/\/dev.adnart.com\/fr\/wp-json\/wp\/v2\/product"}],"about":[{"href":"https:\/\/dev.adnart.com\/fr\/wp-json\/wp\/v2\/types\/product"}],"replies":[{"embeddable":true,"href":"https:\/\/dev.adnart.com\/fr\/wp-json\/wp\/v2\/comments?post=26988"}],"version-history":[{"count":6,"href":"https:\/\/dev.adnart.com\/fr\/wp-json\/wp\/v2\/product\/26988\/revisions"}],"predecessor-version":[{"id":33089,"href":"https:\/\/dev.adnart.com\/fr\/wp-json\/wp\/v2\/product\/26988\/revisions\/33089"}],"wp:featuredmedia":[{"embeddable":true,"href":"https:\/\/dev.adnart.com\/fr\/wp-json\/wp\/v2\/media\/29619"}],"wp:attachment":[{"href":"https:\/\/dev.adnart.com\/fr\/wp-json\/wp\/v2\/media?parent=26988"}],"wp:term":[{"taxonomy":"product_brand","embeddable":true,"href":"https:\/\/dev.adnart.com\/fr\/wp-json\/wp\/v2\/product_brand?post=26988"},{"taxonomy":"product_cat","embeddable":true,"href":"https:\/\/dev.adnart.com\/fr\/wp-json\/wp\/v2\/product_cat?post=26988"},{"taxonomy":"product_tag","embeddable":true,"href":"https:\/\/dev.adnart.com\/fr\/wp-json\/wp\/v2\/product_tag?post=26988"},{"taxonomy":"product-themes","embeddable":true,"href":"https:\/\/dev.adnart.com\/fr\/wp-json\/wp\/v2\/product-themes?post=26988"},{"taxonomy":"special","embeddable":true,"href":"https:\/\/dev.adnart.com\/fr\/wp-json\/wp\/v2\/special?post=26988"}],"curies":[{"name":"wp","href":"https:\/\/api.w.org\/{rel}","templated":true}]}}