{"id":26752,"date":"2024-03-12T12:42:30","date_gmt":"2024-03-12T10:42:30","guid":{"rendered":"http:\/\/localhost\/adnartLatest\/?post_type=product&#038;p=26752"},"modified":"2026-02-18T16:48:29","modified_gmt":"2026-02-18T14:48:29","slug":"asobu-nitro-bf72","status":"publish","type":"product","link":"https:\/\/dev.adnart.com\/fr\/produit\/asobu-nitro-bf72\/","title":{"rendered":"ASOBU Nitro &#8211; BF72"},"content":{"rendered":"<p>D\u00e9couvrez notre gobelet <strong>ASOBU Nitro<\/strong> &#8211; une tasse \u00e0 caf\u00e9 extra-large et anti-d\u00e9bordement avec finition Puramic\u2122 ! Le rev\u00eatement en c\u00e9ramique &#8220;sans go\u00fbt de m\u00e9tal&#8221; garantit une saveur pure en d\u00e9placement. Sa double paroi en acier inoxydable, isol\u00e9e sous vide, permet de garder votre caf\u00e9 chaud pendant des heures, et en prime, sa contenance de 22 oz s&#8217;adapte aux porte-gobelets standard. B\u00e9n\u00e9ficiez d&#8217;une exp\u00e9rience 100% \u00e9tanche gr\u00e2ce au couvercle de la gorg\u00e9e de caf\u00e9 que l&#8217;on trouve habituellement dans le commerce.    Avec une poign\u00e9e facile \u00e0 transporter, c&#8217;est la tasse de voyage parfaite pour vos aventures quotidiennes !<\/p>\n<p><strong>Ce produit est exempt de BPA et de plomb.<\/strong><\/p>\n<p>&nbsp;<\/p>\n","protected":false},"excerpt":{"rendered":"<p>Mug de voyage isotherme doubl\u00e9 de c\u00e9ramique<\/p>\n","protected":false},"featured_media":32027,"comment_status":"open","ping_status":"closed","template":"","meta":{"inventory_464_copy":"<p>API to MS ACCESS<\/p>\n"},"product_brand":[],"product_cat":[1893,2380,1609,2131,1586,2618],"product_tag":[426,425,423,443,445,420,442,421,441,444,446,2581],"product-themes":[],"special":[],"class_list":{"0":"post-26752","1":"product","2":"type-product","3":"status-publish","4":"has-post-thumbnail","6":"product_cat-meilleures-ventes","7":"product_cat-nouvel-arrivage","8":"product_cat-puramic-fr","9":"product_cat-tasses-et-gobelets-de-voyage-fr","10":"product_cat-tasses-et-gobelets-en-acier-inoxydable","11":"product_cat-tous-les-produits","12":"product_tag-cafe","13":"product_tag-couvercle-a-ouverture-rapide","14":"product_tag-exterieur-en-acier-inoxydable","15":"product_tag-gobelet-a-cafe","16":"product_tag-mug-de-voyage","17":"product_tag-pas-de-gout-de-metal","18":"product_tag-puramic-fr","19":"product_tag-revetement-ceramique","20":"product_tag-tasse","21":"product_tag-tasse-a-cafe-fr","22":"product_tag-vacances","23":"product_tag-vacuum-insulated-fr","24":"pa_color-blanc","25":"pa_color-noir","26":"pa_materials-acier-inoxydable","27":"pa_materials-puramic","29":"first","30":"instock","31":"shipping-taxable","32":"purchasable","33":"product-type-variable"},"_links":{"self":[{"href":"https:\/\/dev.adnart.com\/fr\/wp-json\/wp\/v2\/product\/26752","targetHints":{"allow":["GET"]}}],"collection":[{"href":"https:\/\/dev.adnart.com\/fr\/wp-json\/wp\/v2\/product"}],"about":[{"href":"https:\/\/dev.adnart.com\/fr\/wp-json\/wp\/v2\/types\/product"}],"replies":[{"embeddable":true,"href":"https:\/\/dev.adnart.com\/fr\/wp-json\/wp\/v2\/comments?post=26752"}],"version-history":[{"count":4,"href":"https:\/\/dev.adnart.com\/fr\/wp-json\/wp\/v2\/product\/26752\/revisions"}],"predecessor-version":[{"id":30623,"href":"https:\/\/dev.adnart.com\/fr\/wp-json\/wp\/v2\/product\/26752\/revisions\/30623"}],"wp:featuredmedia":[{"embeddable":true,"href":"https:\/\/dev.adnart.com\/fr\/wp-json\/wp\/v2\/media\/32027"}],"wp:attachment":[{"href":"https:\/\/dev.adnart.com\/fr\/wp-json\/wp\/v2\/media?parent=26752"}],"wp:term":[{"taxonomy":"product_brand","embeddable":true,"href":"https:\/\/dev.adnart.com\/fr\/wp-json\/wp\/v2\/product_brand?post=26752"},{"taxonomy":"product_cat","embeddable":true,"href":"https:\/\/dev.adnart.com\/fr\/wp-json\/wp\/v2\/product_cat?post=26752"},{"taxonomy":"product_tag","embeddable":true,"href":"https:\/\/dev.adnart.com\/fr\/wp-json\/wp\/v2\/product_tag?post=26752"},{"taxonomy":"product-themes","embeddable":true,"href":"https:\/\/dev.adnart.com\/fr\/wp-json\/wp\/v2\/product-themes?post=26752"},{"taxonomy":"special","embeddable":true,"href":"https:\/\/dev.adnart.com\/fr\/wp-json\/wp\/v2\/special?post=26752"}],"curies":[{"name":"wp","href":"https:\/\/api.w.org\/{rel}","templated":true}]}}