{"id":26722,"date":"2024-03-12T12:30:45","date_gmt":"2024-03-12T10:30:45","guid":{"rendered":"http:\/\/localhost\/adnartLatest\/?post_type=product&#038;p=26722"},"modified":"2026-02-18T16:04:59","modified_gmt":"2026-02-18T14:04:59","slug":"asobu-cosmic-bf77","status":"publish","type":"product","link":"https:\/\/dev.adnart.com\/fr\/produit\/asobu-cosmic-bf77\/","title":{"rendered":"ASOBU Cosmic &#8211; BF77"},"content":{"rendered":"<p>Faites l&#8217;exp\u00e9rience du style et de la fonctionnalit\u00e9 avec la bouteille <strong>Cosmic<\/strong> d&#8217;<strong>ASOBU<\/strong>! Sa double paroi en acier inoxydable maintient votre boisson \u00e0 la temp\u00e9rature id\u00e9ale. Le couvercle facile \u00e0 ouvrir est dot\u00e9 d&#8217;une paille, tandis que la poign\u00e9e pratique assure une bonne prise en main. Con\u00e7ue pour s&#8217;ins\u00e9rer dans les porte-gobelets, sa forme unique la distingue des autres. Am\u00e9liorez votre hydratation en d\u00e9placement avec la bouteille Cosmic !<\/p>\n<p><strong>Ce produit est exempt de BPA et de plomb.<\/strong><\/p>\n<p><span style=\"color: #ff6600;\"> <\/span><strong>Remarque : Seules les couleurs pastel sont recouvertes d&#8217;un rev\u00eatement int\u00e9rieur en c\u00e9ramique<span style=\"color: #ff6600;\">.<\/span> <\/strong><\/p>\n","protected":false},"excerpt":{"rendered":"<p>Faites l&#8217;exp\u00e9rience du style et de la fonctionnalit\u00e9 avec la bouteille Cosmic d&#8217;ASOBU! Sa double paroi en acier inoxydable maintient<\/p>\n","protected":false},"featured_media":29279,"comment_status":"closed","ping_status":"closed","template":"","meta":{"inventory_464_copy":"<p>[api_inventory]<\/p>\n"},"product_brand":[],"product_cat":[1600,210,276,1893,2380,1612,1586,1605,2618],"product_tag":[1714,298,1672,1643,1642,297,441,1621],"product-themes":[],"special":[],"class_list":{"0":"post-26722","1":"product","2":"type-product","3":"status-publish","4":"has-post-thumbnail","6":"product_cat-acier-inoxydable","7":"product_cat-bouteilles","8":"product_cat-gobelets","9":"product_cat-meilleures-ventes","10":"product_cat-nouvel-arrivage","11":"product_cat-tasses-et-gobelets-de-voyage","12":"product_cat-tasses-et-gobelets-en-acier-inoxydable","13":"product_cat-tasses-et-gobelets-en-acier-inoxydable-fr","14":"product_cat-tous-les-produits","15":"product_tag-100-sans-bpa","16":"product_tag-acier-inoxydable","17":"product_tag-bouteille-deau","18":"product_tag-couvercle-a-large-ouverture","19":"product_tag-couvercle-facile-a-visser","20":"product_tag-double-paroi-fr","21":"product_tag-tasse","22":"product_tag-vente-au-detail","23":"pa_color-basilic-vert","24":"pa_color-blanc","25":"pa_color-bleu-pastel","26":"pa_color-gris-ardoise","27":"pa_color-noir","28":"pa_color-peche-pastel","29":"pa_color-rose-pastel","30":"pa_color-rouge-2","31":"pa_color-vert-pastel","32":"pa_materials-acier-inoxydable","33":"pa_materials-puramic","35":"first","36":"instock","37":"purchasable","38":"product-type-variable"},"_links":{"self":[{"href":"https:\/\/dev.adnart.com\/fr\/wp-json\/wp\/v2\/product\/26722","targetHints":{"allow":["GET"]}}],"collection":[{"href":"https:\/\/dev.adnart.com\/fr\/wp-json\/wp\/v2\/product"}],"about":[{"href":"https:\/\/dev.adnart.com\/fr\/wp-json\/wp\/v2\/types\/product"}],"replies":[{"embeddable":true,"href":"https:\/\/dev.adnart.com\/fr\/wp-json\/wp\/v2\/comments?post=26722"}],"version-history":[{"count":10,"href":"https:\/\/dev.adnart.com\/fr\/wp-json\/wp\/v2\/product\/26722\/revisions"}],"predecessor-version":[{"id":33870,"href":"https:\/\/dev.adnart.com\/fr\/wp-json\/wp\/v2\/product\/26722\/revisions\/33870"}],"wp:featuredmedia":[{"embeddable":true,"href":"https:\/\/dev.adnart.com\/fr\/wp-json\/wp\/v2\/media\/29279"}],"wp:attachment":[{"href":"https:\/\/dev.adnart.com\/fr\/wp-json\/wp\/v2\/media?parent=26722"}],"wp:term":[{"taxonomy":"product_brand","embeddable":true,"href":"https:\/\/dev.adnart.com\/fr\/wp-json\/wp\/v2\/product_brand?post=26722"},{"taxonomy":"product_cat","embeddable":true,"href":"https:\/\/dev.adnart.com\/fr\/wp-json\/wp\/v2\/product_cat?post=26722"},{"taxonomy":"product_tag","embeddable":true,"href":"https:\/\/dev.adnart.com\/fr\/wp-json\/wp\/v2\/product_tag?post=26722"},{"taxonomy":"product-themes","embeddable":true,"href":"https:\/\/dev.adnart.com\/fr\/wp-json\/wp\/v2\/product-themes?post=26722"},{"taxonomy":"special","embeddable":true,"href":"https:\/\/dev.adnart.com\/fr\/wp-json\/wp\/v2\/special?post=26722"}],"curies":[{"name":"wp","href":"https:\/\/api.w.org\/{rel}","templated":true}]}}