{"id":26593,"date":"2024-03-11T21:35:14","date_gmt":"2024-03-11T19:35:14","guid":{"rendered":"http:\/\/localhost\/adnartLatest\/?post_type=product&#038;p=26593"},"modified":"2026-02-18T16:52:23","modified_gmt":"2026-02-18T14:52:23","slug":"asobu-duplex-sm82","status":"publish","type":"product","link":"https:\/\/dev.adnart.com\/fr\/produit\/asobu-duplex-sm82\/","title":{"rendered":"ASOBU Duplex &#8211; SM82"},"content":{"rendered":"<p><strong>Vous est-il d\u00e9j\u00e0 arriv\u00e9 de commencer votre journ\u00e9e de travail par un caf\u00e9 chaud et d&#8217;avoir besoin d&#8217;une bi\u00e8re fra\u00eeche \u00e0 la fin de la journ\u00e9e ?<\/strong><\/p>\n<p>Nous avons quelque chose pour vous ! Notre <strong>gobelet Duplex<\/strong> est une tasse \u00e0 caf\u00e9 de voyage de 22 oz avec un support qui se transforme en glaci\u00e8re isol\u00e9e pour votre canette de bi\u00e8re standard de 12 oz. Les deux compartiments sont isol\u00e9s sous vide, en acier inoxydable \u00e0 double paroi, de sorte que votre caf\u00e9 reste chaud tandis que votre bi\u00e8re reste froide. Procurez-vous notre Duplex \u00e0 double usage pour une journ\u00e9e bien remplie !<\/p>\n<p><strong>Ce produit est exempt de BPA et de plomb.<\/strong><\/p>\n","protected":false},"excerpt":{"rendered":"<p>Vous est-il d\u00e9j\u00e0 arriv\u00e9 de commencer votre journ\u00e9e de travail par un caf\u00e9 chaud et d&#8217;avoir besoin d&#8217;une bi\u00e8re fra\u00eeche<\/p>\n","protected":false},"featured_media":29682,"comment_status":"closed","ping_status":"closed","template":"","meta":{"inventory_464_copy":"<p>[api_inventory]<\/p>\n"},"product_brand":[],"product_cat":[210,276,364,1893,2380,1612,1586,2618],"product_tag":[1714,298,1914,1642,297,1915,441,1621],"product-themes":[],"special":[],"class_list":{"0":"post-26593","1":"product","2":"type-product","3":"status-publish","4":"has-post-thumbnail","6":"product_cat-bouteilles","7":"product_cat-gobelets","8":"product_cat-isolateur","9":"product_cat-meilleures-ventes","10":"product_cat-nouvel-arrivage","11":"product_cat-tasses-et-gobelets-de-voyage","12":"product_cat-tasses-et-gobelets-en-acier-inoxydable","13":"product_cat-tous-les-produits","14":"product_tag-100-sans-bpa","15":"product_tag-acier-inoxydable","16":"product_tag-bouteille-deau-couvercle-a-large-ouverture","17":"product_tag-couvercle-facile-a-visser","18":"product_tag-double-paroi-fr","19":"product_tag-recompense-par-un-prix","20":"product_tag-tasse","21":"product_tag-vente-au-detail","22":"pa_color-basilic-vert","23":"pa_color-blanc","24":"pa_color-gris-ardoise","25":"pa_color-noir","26":"pa_color-rouge-2","27":"pa_materials-acier-inoxydable","28":"pa_materials-tritan-fr","30":"first","31":"instock","32":"purchasable","33":"product-type-variable"},"_links":{"self":[{"href":"https:\/\/dev.adnart.com\/fr\/wp-json\/wp\/v2\/product\/26593","targetHints":{"allow":["GET"]}}],"collection":[{"href":"https:\/\/dev.adnart.com\/fr\/wp-json\/wp\/v2\/product"}],"about":[{"href":"https:\/\/dev.adnart.com\/fr\/wp-json\/wp\/v2\/types\/product"}],"replies":[{"embeddable":true,"href":"https:\/\/dev.adnart.com\/fr\/wp-json\/wp\/v2\/comments?post=26593"}],"version-history":[{"count":3,"href":"https:\/\/dev.adnart.com\/fr\/wp-json\/wp\/v2\/product\/26593\/revisions"}],"predecessor-version":[{"id":30303,"href":"https:\/\/dev.adnart.com\/fr\/wp-json\/wp\/v2\/product\/26593\/revisions\/30303"}],"wp:featuredmedia":[{"embeddable":true,"href":"https:\/\/dev.adnart.com\/fr\/wp-json\/wp\/v2\/media\/29682"}],"wp:attachment":[{"href":"https:\/\/dev.adnart.com\/fr\/wp-json\/wp\/v2\/media?parent=26593"}],"wp:term":[{"taxonomy":"product_brand","embeddable":true,"href":"https:\/\/dev.adnart.com\/fr\/wp-json\/wp\/v2\/product_brand?post=26593"},{"taxonomy":"product_cat","embeddable":true,"href":"https:\/\/dev.adnart.com\/fr\/wp-json\/wp\/v2\/product_cat?post=26593"},{"taxonomy":"product_tag","embeddable":true,"href":"https:\/\/dev.adnart.com\/fr\/wp-json\/wp\/v2\/product_tag?post=26593"},{"taxonomy":"product-themes","embeddable":true,"href":"https:\/\/dev.adnart.com\/fr\/wp-json\/wp\/v2\/product-themes?post=26593"},{"taxonomy":"special","embeddable":true,"href":"https:\/\/dev.adnart.com\/fr\/wp-json\/wp\/v2\/special?post=26593"}],"curies":[{"name":"wp","href":"https:\/\/api.w.org\/{rel}","templated":true}]}}