{"id":26496,"date":"2024-03-11T12:56:44","date_gmt":"2024-03-11T10:56:44","guid":{"rendered":"http:\/\/localhost\/adnartLatest\/?post_type=product&#038;p=26496"},"modified":"2026-02-19T20:20:07","modified_gmt":"2026-02-19T18:20:07","slug":"asobu-bestie-bottle-sbv44","status":"publish","type":"product","link":"https:\/\/dev.adnart.com\/fr\/produit\/asobu-bestie-bottle-sbv44\/","title":{"rendered":"Bouteille Bestie ASOBU &#8211; SBV44"},"content":{"rendered":"<p>Irr\u00e9sistiblement mignon et infiniment amusant ! Notre <strong>bouteille Bestie ASOBU<\/strong> est une adorable bouteille d&#8217;eau en acier inoxydable avec une adorable t\u00eate de personnage sur le couvercle ! Cette bouteille de 16 oz est 100 % \u00e9tanche, ce qui la rend parfaite pour les aventures ! Avec la paille flexible et r\u00e9utilisable incluse, boire sera tr\u00e8s amusant !   <\/p>\n<p><strong>Ce produit est exempt de BPA et de plomb.<\/strong><\/p>\n","protected":false},"excerpt":{"rendered":"<p>Irr\u00e9sistiblement mignon et infiniment amusant ! Notre bouteille Bestie ASOBU est une adorable bouteille d&#8217;eau en acier inoxydable avec une<\/p>\n","protected":false},"featured_media":32404,"comment_status":"closed","ping_status":"closed","template":"","meta":{"inventory_464_copy":"<p>[api_inventory]<\/p>\n"},"product_brand":[],"product_cat":[1600,2376,210,2383,2103,1893,2639,2380,2618],"product_tag":[303,1894,298,1896,1897,2569,424,1725,300,299,1696,1895,304,1618],"product-themes":[],"special":[],"class_list":{"0":"post-26496","1":"product","2":"type-product","3":"status-publish","4":"has-post-thumbnail","6":"product_cat-acier-inoxydable","7":"product_cat-bouteille-bestie","8":"product_cat-bouteilles","9":"product_cat-inventaire-approfondi","10":"product_cat-les-enfants","11":"product_cat-meilleures-ventes","12":"product_cat-meilleurs-vendeurs","13":"product_cat-nouvel-arrivage","14":"product_cat-tous-les-produits","15":"product_tag-24-heures-de-froid","16":"product_tag-460-ml-fr-2","17":"product_tag-acier-inoxydable","18":"product_tag-capuchon-torsade","19":"product_tag-couvercle-a-vis","20":"product_tag-double-wall-fr","21":"product_tag-etancheite","22":"product_tag-gobelet","23":"product_tag-lavable-au-lave-vaisselle","24":"product_tag-sans-bpa","25":"product_tag-sports-fr","26":"product_tag-texture-facile-a-saisir","27":"product_tag-thermos-fr","28":"product_tag-voyage","29":"pa_color-bonhomme-de-neige","30":"pa_color-canard","31":"pa_color-chat","32":"pa_color-cheval-brun-2","33":"pa_color-chevre-blanche","34":"pa_color-chien","35":"pa_color-chien-brun-2","36":"pa_color-dinosaure","37":"pa_color-elephant-fr","38":"pa_color-fusee","39":"pa_color-girafe","40":"pa_color-koala-fr","41":"pa_color-lapin","42":"pa_color-licorne","43":"pa_color-mouton-noir-2","44":"pa_color-moutons","45":"pa_color-ours","46":"pa_color-ours-brun","47":"pa_color-panda-fr-2","48":"pa_color-pere-noel","49":"pa_color-pingouin","50":"pa_color-poisson-meduse","51":"pa_color-panda-fr","52":"pa_color-renard","53":"pa_color-renne","54":"pa_color-sceau","55":"pa_color-vache","56":"pa_materials-acier-inoxydable","57":"pa_materials-caoutchouc-de-silicone","59":"first","60":"instock","61":"purchasable","62":"product-type-variable"},"_links":{"self":[{"href":"https:\/\/dev.adnart.com\/fr\/wp-json\/wp\/v2\/product\/26496","targetHints":{"allow":["GET"]}}],"collection":[{"href":"https:\/\/dev.adnart.com\/fr\/wp-json\/wp\/v2\/product"}],"about":[{"href":"https:\/\/dev.adnart.com\/fr\/wp-json\/wp\/v2\/types\/product"}],"replies":[{"embeddable":true,"href":"https:\/\/dev.adnart.com\/fr\/wp-json\/wp\/v2\/comments?post=26496"}],"version-history":[{"count":5,"href":"https:\/\/dev.adnart.com\/fr\/wp-json\/wp\/v2\/product\/26496\/revisions"}],"predecessor-version":[{"id":34644,"href":"https:\/\/dev.adnart.com\/fr\/wp-json\/wp\/v2\/product\/26496\/revisions\/34644"}],"wp:featuredmedia":[{"embeddable":true,"href":"https:\/\/dev.adnart.com\/fr\/wp-json\/wp\/v2\/media\/32404"}],"wp:attachment":[{"href":"https:\/\/dev.adnart.com\/fr\/wp-json\/wp\/v2\/media?parent=26496"}],"wp:term":[{"taxonomy":"product_brand","embeddable":true,"href":"https:\/\/dev.adnart.com\/fr\/wp-json\/wp\/v2\/product_brand?post=26496"},{"taxonomy":"product_cat","embeddable":true,"href":"https:\/\/dev.adnart.com\/fr\/wp-json\/wp\/v2\/product_cat?post=26496"},{"taxonomy":"product_tag","embeddable":true,"href":"https:\/\/dev.adnart.com\/fr\/wp-json\/wp\/v2\/product_tag?post=26496"},{"taxonomy":"product-themes","embeddable":true,"href":"https:\/\/dev.adnart.com\/fr\/wp-json\/wp\/v2\/product-themes?post=26496"},{"taxonomy":"special","embeddable":true,"href":"https:\/\/dev.adnart.com\/fr\/wp-json\/wp\/v2\/special?post=26496"}],"curies":[{"name":"wp","href":"https:\/\/api.w.org\/{rel}","templated":true}]}}