{"id":26461,"date":"2024-03-11T12:10:38","date_gmt":"2024-03-11T10:10:38","guid":{"rendered":"http:\/\/localhost\/adnartLatest\/?post_type=product&#038;p=26461"},"modified":"2026-02-18T16:57:13","modified_gmt":"2026-02-18T14:57:13","slug":"asobu-boulder-bf28","status":"publish","type":"product","link":"https:\/\/dev.adnart.com\/fr\/produit\/asobu-boulder-bf28\/","title":{"rendered":"ASOBU Boulder &#8211; BF28"},"content":{"rendered":"<p>Parfois, vous avez envie de quelque chose de chaud, et d&#8217;autres fois, de quelque chose de froid &#8211; nous le comprenons. C&#8217;est pourquoi la <strong>bouteille ASOBU Boulder<\/strong> a \u00e9t\u00e9 con\u00e7ue pour les deux ! Cette bouteille de voyage 2 en 1 en acier inoxydable, isol\u00e9e et \u00e0 double paroi, est votre compagnon id\u00e9al pour les boissons chaudes et froides. Son couvercle \u00e9tanche \u00e0 double fonction est dot\u00e9 d&#8217;une paille rabattable pour les boissons froides et d&#8217;un couvercle \u00e0 bec pour le caf\u00e9 ou le th\u00e9. Parfaitement polyvalente et pratique, c&#8217;est la bouteille id\u00e9ale pour les d\u00e9placements.    <\/p>\n<p><strong>Ce produit est exempt de BPA et de plomb.<\/strong><\/p>\n<p>&nbsp;<\/p>\n","protected":false},"excerpt":{"rendered":"<p>Gobelet en acier inoxydable avec couvercle \u00e0 double fonction<\/p>\n","protected":false},"featured_media":32255,"comment_status":"open","ping_status":"closed","template":"","meta":{"inventory_464_copy":"<p>[api_inventory]<\/p>\n"},"product_brand":[],"product_cat":[1600,210,276,1893,2380,1609,1612,1605,1586,2618],"product_tag":[220,238,215,229,2269,2308,230,216,213,226,2581],"product-themes":[],"special":[],"class_list":{"0":"post-26461","1":"product","2":"type-product","3":"status-publish","4":"has-post-thumbnail","6":"product_cat-acier-inoxydable","7":"product_cat-bouteilles","8":"product_cat-gobelets","9":"product_cat-meilleures-ventes","10":"product_cat-nouvel-arrivage","11":"product_cat-puramic-fr","12":"product_cat-tasses-et-gobelets-de-voyage","13":"product_cat-tasses-et-gobelets-en-acier-inoxydable-fr","14":"product_cat-tasses-et-gobelets-en-acier-inoxydable","15":"product_cat-tous-les-produits","16":"product_tag-acier-inoxydable-a-double-paroi-fr","17":"product_tag-couvercle-a-ouverture-rapide-pour-les-boissons-chaudes-fr","18":"product_tag-couvercle-etanche","19":"product_tag-finition-par-revetement-en-poudre-fr","20":"product_tag-interieur-en-ceramique","21":"product_tag-interieur-revetu-de-ceramique","22":"product_tag-ouverture-de-la-paille","23":"product_tag-paille-de-tritan","24":"product_tag-pour-les-boissons-chaudes-ou-froides","25":"product_tag-revetement-en-cuivre-fr","26":"product_tag-vacuum-insulated-fr","27":"pa_color-basilic-vert","28":"pa_color-blanc","29":"pa_color-gris-ardoise","30":"pa_color-noir","31":"pa_color-rouge-2","32":"pa_materials-acier-inoxydable","33":"pa_materials-puramic","35":"first","36":"instock","37":"shipping-taxable","38":"purchasable","39":"product-type-variable"},"_links":{"self":[{"href":"https:\/\/dev.adnart.com\/fr\/wp-json\/wp\/v2\/product\/26461","targetHints":{"allow":["GET"]}}],"collection":[{"href":"https:\/\/dev.adnart.com\/fr\/wp-json\/wp\/v2\/product"}],"about":[{"href":"https:\/\/dev.adnart.com\/fr\/wp-json\/wp\/v2\/types\/product"}],"replies":[{"embeddable":true,"href":"https:\/\/dev.adnart.com\/fr\/wp-json\/wp\/v2\/comments?post=26461"}],"version-history":[{"count":8,"href":"https:\/\/dev.adnart.com\/fr\/wp-json\/wp\/v2\/product\/26461\/revisions"}],"predecessor-version":[{"id":33876,"href":"https:\/\/dev.adnart.com\/fr\/wp-json\/wp\/v2\/product\/26461\/revisions\/33876"}],"wp:featuredmedia":[{"embeddable":true,"href":"https:\/\/dev.adnart.com\/fr\/wp-json\/wp\/v2\/media\/32255"}],"wp:attachment":[{"href":"https:\/\/dev.adnart.com\/fr\/wp-json\/wp\/v2\/media?parent=26461"}],"wp:term":[{"taxonomy":"product_brand","embeddable":true,"href":"https:\/\/dev.adnart.com\/fr\/wp-json\/wp\/v2\/product_brand?post=26461"},{"taxonomy":"product_cat","embeddable":true,"href":"https:\/\/dev.adnart.com\/fr\/wp-json\/wp\/v2\/product_cat?post=26461"},{"taxonomy":"product_tag","embeddable":true,"href":"https:\/\/dev.adnart.com\/fr\/wp-json\/wp\/v2\/product_tag?post=26461"},{"taxonomy":"product-themes","embeddable":true,"href":"https:\/\/dev.adnart.com\/fr\/wp-json\/wp\/v2\/product-themes?post=26461"},{"taxonomy":"special","embeddable":true,"href":"https:\/\/dev.adnart.com\/fr\/wp-json\/wp\/v2\/special?post=26461"}],"curies":[{"name":"wp","href":"https:\/\/api.w.org\/{rel}","templated":true}]}}