{"id":26383,"date":"2024-01-10T18:41:37","date_gmt":"2024-01-10T16:41:37","guid":{"rendered":"http:\/\/localhost\/adnartLatest\/shop\/non%20class\u00e9\/carafe-a-cafe-portable-asobu-cold-brew-avec-poignee-kb901\/"},"modified":"2026-02-20T05:51:56","modified_gmt":"2026-02-20T03:51:56","slug":"asobu-cold-brew-portable-coffee-carafe-w-handle-kb901","status":"publish","type":"product","link":"https:\/\/dev.adnart.com\/fr\/produit\/asobu-cold-brew-portable-coffee-carafe-w-handle-kb901\/","title":{"rendered":"ASOBU Carafe \u00e0 caf\u00e9 portable Cold Brew avec poign\u00e9e &#8211; KB901"},"content":{"rendered":"<p>Le Cold Brew &#8211; une m\u00e9thode d&#8217;infusion innovante combinant un gros marc de caf\u00e9, de l&#8217;eau froide et une longue p\u00e9riode d&#8217;infusion. Le caf\u00e9 qui en r\u00e9sulte est plus doux, moins amer, et globalement meilleur &#8211; avec un coup de fouet ! <\/p>\n<p>Gr\u00e2ce \u00e0 la carafe et \u00e0 la poign\u00e9e <strong>ASOBU KB901*<\/strong>, vous pouvez d\u00e9sormais d\u00e9guster du caf\u00e9 infus\u00e9 \u00e0 froid \u00e0 tout moment et en tout lieu. Il suffit d&#8217;ajouter du caf\u00e9 moulu de grosseur moyenne dans la cafeti\u00e8re, de verser de l&#8217;eau et de laisser infuser pendant 12 \u00e0 18 heures. Appuyez sur un bouton pour transf\u00e9rer le caf\u00e9 infus\u00e9 \u00e0 froid dans la carafe isol\u00e9e en acier inoxydable jointe et ajoutez de la glace. La carafe garde le caf\u00e9 froid toute la journ\u00e9e, ce qui vous permet de d\u00e9guster un caf\u00e9 rafra\u00eechissant et plein d&#8217;ar\u00f4mes \u00e0 tout moment.   <\/p>\n<p>*Brevet mondial en cours d&#8217;homologation.<\/p>\n<p><strong>Ce produit est exempt de BPA et de plomb.<\/strong><\/p>\n","protected":false},"excerpt":{"rendered":"<p>Le Cold Brew &#8211; une m\u00e9thode d&#8217;infusion innovante combinant un gros marc de caf\u00e9, de l&#8217;eau froide et une longue<\/p>\n","protected":false},"featured_media":30699,"comment_status":"closed","ping_status":"closed","template":"","meta":{"inventory_464_copy":"<p>[api_inventory]<\/p>\n"},"product_brand":[],"product_cat":[1859,2618],"product_tag":[303,2335,426,1688,1864,1862,2336,2032,2258,2337,335,1863,427,2334,2581],"product-themes":[],"special":[],"class_list":{"0":"post-26383","1":"product","2":"type-product","3":"status-publish","4":"has-post-thumbnail","6":"product_cat-cafetieres","7":"product_cat-tous-les-produits","8":"product_tag-24-heures-de-froid","9":"product_tag-brasseur-a-froid","10":"product_tag-cafe","11":"product_tag-camping-fr","12":"product_tag-carafe-a-biere","13":"product_tag-carafe-portable","14":"product_tag-dunkin-fr","15":"product_tag-exterieur","16":"product_tag-filtre-en-acier-inoxydable","17":"product_tag-oprah-fr","18":"product_tag-portable-fr","19":"product_tag-starbucks-fr","20":"product_tag-the","21":"product_tag-utilisation-de-leau-froide","22":"product_tag-vacuum-insulated-fr","23":"pa_color-argent","24":"pa_color-cuivre","25":"pa_color-noir","26":"pa_materials-acier-inoxydable","28":"first","29":"instock","30":"purchasable","31":"product-type-simple"},"_links":{"self":[{"href":"https:\/\/dev.adnart.com\/fr\/wp-json\/wp\/v2\/product\/26383","targetHints":{"allow":["GET"]}}],"collection":[{"href":"https:\/\/dev.adnart.com\/fr\/wp-json\/wp\/v2\/product"}],"about":[{"href":"https:\/\/dev.adnart.com\/fr\/wp-json\/wp\/v2\/types\/product"}],"replies":[{"embeddable":true,"href":"https:\/\/dev.adnart.com\/fr\/wp-json\/wp\/v2\/comments?post=26383"}],"version-history":[{"count":6,"href":"https:\/\/dev.adnart.com\/fr\/wp-json\/wp\/v2\/product\/26383\/revisions"}],"predecessor-version":[{"id":33943,"href":"https:\/\/dev.adnart.com\/fr\/wp-json\/wp\/v2\/product\/26383\/revisions\/33943"}],"wp:featuredmedia":[{"embeddable":true,"href":"https:\/\/dev.adnart.com\/fr\/wp-json\/wp\/v2\/media\/30699"}],"wp:attachment":[{"href":"https:\/\/dev.adnart.com\/fr\/wp-json\/wp\/v2\/media?parent=26383"}],"wp:term":[{"taxonomy":"product_brand","embeddable":true,"href":"https:\/\/dev.adnart.com\/fr\/wp-json\/wp\/v2\/product_brand?post=26383"},{"taxonomy":"product_cat","embeddable":true,"href":"https:\/\/dev.adnart.com\/fr\/wp-json\/wp\/v2\/product_cat?post=26383"},{"taxonomy":"product_tag","embeddable":true,"href":"https:\/\/dev.adnart.com\/fr\/wp-json\/wp\/v2\/product_tag?post=26383"},{"taxonomy":"product-themes","embeddable":true,"href":"https:\/\/dev.adnart.com\/fr\/wp-json\/wp\/v2\/product-themes?post=26383"},{"taxonomy":"special","embeddable":true,"href":"https:\/\/dev.adnart.com\/fr\/wp-json\/wp\/v2\/special?post=26383"}],"curies":[{"name":"wp","href":"https:\/\/api.w.org\/{rel}","templated":true}]}}