{"id":26332,"date":"2024-03-05T21:07:52","date_gmt":"2024-03-05T19:07:52","guid":{"rendered":"http:\/\/localhost\/adnartLatest\/?post_type=product&#038;p=26332"},"modified":"2026-02-18T16:21:26","modified_gmt":"2026-02-18T14:21:26","slug":"asobu-orbit-sbv45","status":"publish","type":"product","link":"https:\/\/dev.adnart.com\/fr\/produit\/asobu-orbit-sbv45\/","title":{"rendered":"ASOBU Orbit- SBV45"},"content":{"rendered":"<p><span style=\"color: #ff0000;\"><strong>Nouvelles couleurs pastel !<\/strong><\/span><\/p>\n<p>Il n&#8217;y a jamais eu de bouteille comme celle-ci. L&#8217;<strong>ASOBU Orbit<\/strong> est la bouteille d&#8217;eau parfaite pour garder votre eau fra\u00eeche et fra\u00eeche, et votre caf\u00e9 bien chaud tout au long de la matin\u00e9e. Sa forme unique est \u00e9l\u00e9gante et fait tourner les t\u00eates. Dot\u00e9 d&#8217;une poign\u00e9e facile \u00e0 transporter, l&#8217;Orbit est un accessoire parfait pour toutes les tenues.<\/p>\n<p><span style=\"color: #ff0000;\"> <\/span><strong>Remarque : Seules les couleurs pastel sont recouvertes d&#8217;un rev\u00eatement int\u00e9rieur en c\u00e9ramique<span style=\"color: #ff0000;\">.<\/span> <\/strong><\/p>\n<p><strong>Ce produit est exempt de BPA et de plomb.<\/strong><\/p>\n","protected":false},"excerpt":{"rendered":"<p>Nouvelles couleurs pastel ! Il n&#8217;y a jamais eu de bouteille comme celle-ci. L&#8217;ASOBU Orbit est la bouteille d&#8217;eau parfaite<\/p>\n","protected":false},"featured_media":29672,"comment_status":"closed","ping_status":"closed","template":"","meta":{"inventory_464_copy":"<p>[api_inventory]<\/p>\n"},"product_brand":[],"product_cat":[210,1893,2380,2618],"product_tag":[1714,1911,1910,298,1914,1642,297,1913,1912,1915,441,1621],"product-themes":[],"special":[],"class_list":{"0":"post-26332","1":"product","2":"type-product","3":"status-publish","4":"has-post-thumbnail","6":"product_cat-bouteilles","7":"product_cat-meilleures-ventes","8":"product_cat-nouvel-arrivage","9":"product_cat-tous-les-produits","10":"product_tag-100-sans-bpa","11":"product_tag-14-oz-fr","12":"product_tag-420-ml-fr","13":"product_tag-acier-inoxydable","14":"product_tag-bouteille-deau-couvercle-a-large-ouverture","15":"product_tag-couvercle-facile-a-visser","16":"product_tag-double-paroi-fr","17":"product_tag-exterieur-doux-au-toucher","18":"product_tag-orbe","19":"product_tag-recompense-par-un-prix","20":"product_tag-tasse","21":"product_tag-vente-au-detail","22":"pa_color-basilic-vert","23":"pa_color-blanc","24":"pa_color-bleu-pastel","25":"pa_color-gris-ardoise","26":"pa_color-noir","27":"pa_color-peche-pastel","28":"pa_color-rose-pastel","29":"pa_color-rouge-2","30":"pa_color-vert-pastel","31":"pa_materials-acier-inoxydable","33":"first","34":"instock","35":"purchasable","36":"product-type-variable"},"_links":{"self":[{"href":"https:\/\/dev.adnart.com\/fr\/wp-json\/wp\/v2\/product\/26332","targetHints":{"allow":["GET"]}}],"collection":[{"href":"https:\/\/dev.adnart.com\/fr\/wp-json\/wp\/v2\/product"}],"about":[{"href":"https:\/\/dev.adnart.com\/fr\/wp-json\/wp\/v2\/types\/product"}],"replies":[{"embeddable":true,"href":"https:\/\/dev.adnart.com\/fr\/wp-json\/wp\/v2\/comments?post=26332"}],"version-history":[{"count":8,"href":"https:\/\/dev.adnart.com\/fr\/wp-json\/wp\/v2\/product\/26332\/revisions"}],"predecessor-version":[{"id":33485,"href":"https:\/\/dev.adnart.com\/fr\/wp-json\/wp\/v2\/product\/26332\/revisions\/33485"}],"wp:featuredmedia":[{"embeddable":true,"href":"https:\/\/dev.adnart.com\/fr\/wp-json\/wp\/v2\/media\/29672"}],"wp:attachment":[{"href":"https:\/\/dev.adnart.com\/fr\/wp-json\/wp\/v2\/media?parent=26332"}],"wp:term":[{"taxonomy":"product_brand","embeddable":true,"href":"https:\/\/dev.adnart.com\/fr\/wp-json\/wp\/v2\/product_brand?post=26332"},{"taxonomy":"product_cat","embeddable":true,"href":"https:\/\/dev.adnart.com\/fr\/wp-json\/wp\/v2\/product_cat?post=26332"},{"taxonomy":"product_tag","embeddable":true,"href":"https:\/\/dev.adnart.com\/fr\/wp-json\/wp\/v2\/product_tag?post=26332"},{"taxonomy":"product-themes","embeddable":true,"href":"https:\/\/dev.adnart.com\/fr\/wp-json\/wp\/v2\/product-themes?post=26332"},{"taxonomy":"special","embeddable":true,"href":"https:\/\/dev.adnart.com\/fr\/wp-json\/wp\/v2\/special?post=26332"}],"curies":[{"name":"wp","href":"https:\/\/api.w.org\/{rel}","templated":true}]}}