{"id":26285,"date":"2024-03-05T11:09:40","date_gmt":"2024-03-05T09:09:40","guid":{"rendered":"http:\/\/localhost\/adnartLatest\/?post_type=product&#038;p=26285"},"modified":"2026-02-18T16:34:08","modified_gmt":"2026-02-18T14:34:08","slug":"asobu-metro-bottle-sbv34","status":"publish","type":"product","link":"https:\/\/dev.adnart.com\/fr\/produit\/asobu-metro-bottle-sbv34\/","title":{"rendered":"M\u00e9tro ASOBU &#8211; SBV34"},"content":{"rendered":"<p>Buvez avec style gr\u00e2ce \u00e0 la bouteille <strong>Metro<\/strong> d&#8217;<strong>ASOBU<\/strong>! Son profil moderne s&#8217;harmonise avec tous les ensembles, et sa paille escamotable est id\u00e9ale pour boire en d\u00e9placement. L&#8217;isolation sous vide \u00e0 double paroi garde les boissons froides jusqu&#8217;\u00e0 24 heures. La poign\u00e9e attach\u00e9e facilite la prise en main et donne un aspect luxueux, mais cette bouteille pratique ne se contente pas d&#8217;\u00eatre belle &#8211; elle est suffisamment solide pour durer toute une vie.<\/p>\n<p><strong>Remarque : Seules les couleurs pastel sont recouvertes d&#8217;un rev\u00eatement int\u00e9rieur en c\u00e9ramique<span style=\"color: #ff0000;\">.<\/span>  <\/strong><\/p>\n<p><strong>Ce produit est exempt de BPA et de plomb.<\/strong><\/p>\n","protected":false},"excerpt":{"rendered":"<p>Buvez avec style gr\u00e2ce \u00e0 la bouteille Metro d&#8217;ASOBU! Son profil moderne s&#8217;harmonise avec tous les ensembles, et sa paille<\/p>\n","protected":false},"featured_media":29670,"comment_status":"closed","ping_status":"closed","template":"","meta":{"inventory_464_copy":"<p>[api_inventory]<\/p>\n"},"product_brand":[],"product_cat":[1600,210,364,1893,2380,1609,2618],"product_tag":[303,298,1688,1896,1897,2569,424,1725,300,1626,299,1696,1895,304,1618],"product-themes":[],"special":[],"class_list":{"0":"post-26285","1":"product","2":"type-product","3":"status-publish","4":"has-post-thumbnail","6":"product_cat-acier-inoxydable","7":"product_cat-bouteilles","8":"product_cat-isolateur","9":"product_cat-meilleures-ventes","10":"product_cat-nouvel-arrivage","11":"product_cat-puramic-fr","12":"product_cat-tous-les-produits","13":"product_tag-24-heures-de-froid","14":"product_tag-acier-inoxydable","15":"product_tag-camping-fr","16":"product_tag-capuchon-torsade","17":"product_tag-couvercle-a-vis","18":"product_tag-double-wall-fr","19":"product_tag-etancheite","20":"product_tag-gobelet","21":"product_tag-lavable-au-lave-vaisselle","22":"product_tag-randonnee","23":"product_tag-sans-bpa","24":"product_tag-sports-fr","25":"product_tag-texture-facile-a-saisir","26":"product_tag-thermos-fr","27":"product_tag-voyage","28":"pa_color-basilic-vert","29":"pa_color-blanc","30":"pa_color-bleu-pastel","31":"pa_color-gris-ardoise","32":"pa_color-noir","33":"pa_color-peche-pastel","34":"pa_color-rose-pastel","35":"pa_color-rouge-2","36":"pa_color-vert-pastel","37":"pa_materials-acier-inoxydable","38":"pa_materials-caoutchouc-de-silicone","39":"pa_materials-puramic","41":"first","42":"instock","43":"purchasable","44":"product-type-variable","45":"has-default-attributes"},"_links":{"self":[{"href":"https:\/\/dev.adnart.com\/fr\/wp-json\/wp\/v2\/product\/26285","targetHints":{"allow":["GET"]}}],"collection":[{"href":"https:\/\/dev.adnart.com\/fr\/wp-json\/wp\/v2\/product"}],"about":[{"href":"https:\/\/dev.adnart.com\/fr\/wp-json\/wp\/v2\/types\/product"}],"replies":[{"embeddable":true,"href":"https:\/\/dev.adnart.com\/fr\/wp-json\/wp\/v2\/comments?post=26285"}],"version-history":[{"count":4,"href":"https:\/\/dev.adnart.com\/fr\/wp-json\/wp\/v2\/product\/26285\/revisions"}],"predecessor-version":[{"id":33097,"href":"https:\/\/dev.adnart.com\/fr\/wp-json\/wp\/v2\/product\/26285\/revisions\/33097"}],"wp:featuredmedia":[{"embeddable":true,"href":"https:\/\/dev.adnart.com\/fr\/wp-json\/wp\/v2\/media\/29670"}],"wp:attachment":[{"href":"https:\/\/dev.adnart.com\/fr\/wp-json\/wp\/v2\/media?parent=26285"}],"wp:term":[{"taxonomy":"product_brand","embeddable":true,"href":"https:\/\/dev.adnart.com\/fr\/wp-json\/wp\/v2\/product_brand?post=26285"},{"taxonomy":"product_cat","embeddable":true,"href":"https:\/\/dev.adnart.com\/fr\/wp-json\/wp\/v2\/product_cat?post=26285"},{"taxonomy":"product_tag","embeddable":true,"href":"https:\/\/dev.adnart.com\/fr\/wp-json\/wp\/v2\/product_tag?post=26285"},{"taxonomy":"product-themes","embeddable":true,"href":"https:\/\/dev.adnart.com\/fr\/wp-json\/wp\/v2\/product-themes?post=26285"},{"taxonomy":"special","embeddable":true,"href":"https:\/\/dev.adnart.com\/fr\/wp-json\/wp\/v2\/special?post=26285"}],"curies":[{"name":"wp","href":"https:\/\/api.w.org\/{rel}","templated":true}]}}