{"id":26243,"date":"2024-01-10T18:51:35","date_gmt":"2024-01-10T16:51:35","guid":{"rendered":"http:\/\/localhost\/adnartLatest\/shop\/non%20class\u00e9\/tasse-en-ceramique-big-cork-sm70\/"},"modified":"2026-02-19T18:01:16","modified_gmt":"2026-02-19T16:01:16","slug":"16-oz-big-cork-ceramic-mug-sm70","status":"publish","type":"product","link":"https:\/\/dev.adnart.com\/fr\/produit\/16-oz-big-cork-ceramic-mug-sm70\/","title":{"rendered":"Tasse en c\u00e9ramique Big Cork &#8211; SM70"},"content":{"rendered":"<p>Le <strong>mug en c\u00e9ramique SM70<\/strong> allie un design minimaliste et \u00e9l\u00e9gant \u00e0 une fonctionnalit\u00e9 quotidienne. Con\u00e7u pour am\u00e9liorer votre exp\u00e9rience du caf\u00e9 ou du th\u00e9, ce mug est dot\u00e9 d&#8217;un <strong>sous-verre en li\u00e8ge int\u00e9gr\u00e9<\/strong> qui prot\u00e8ge vos surfaces des rayures tout en maintenant votre boisson bien en place. Gr\u00e2ce \u00e0 sa capacit\u00e9 g\u00e9n\u00e9reuse, vous pouvez d\u00e9guster plus de vos boissons pr\u00e9f\u00e9r\u00e9es en une seule fois. La finition mate ajoute une touche d&#8217;\u00e9l\u00e9gance \u00e0 l&#8217;esth\u00e9tique moderne de la tasse, tandis que la poign\u00e9e antid\u00e9rapante assure une prise en main confortable. Parfait pour ceux qui appr\u00e9cient \u00e0 la fois le style et l&#8217;aspect pratique, le SM70 est le choix id\u00e9al pour rehausser votre routine quotidienne.    <\/p>\n<p>Ce produit est exempt de BPA et de plomb.<\/p>\n<p><span style=\"color: #ff6600;\">\u2605 Note : Les tasses en c\u00e9ramique SM70 Cork ne vont pas au micro-ondes.<\/span><\/p>\n","protected":false},"excerpt":{"rendered":"<p>Le mug en c\u00e9ramique SM70 allie un design minimaliste et \u00e9l\u00e9gant \u00e0 une fonctionnalit\u00e9 quotidienne. Con\u00e7u pour am\u00e9liorer votre exp\u00e9rience<\/p>\n","protected":false},"featured_media":31168,"comment_status":"closed","ping_status":"closed","template":"","meta":{"inventory_464_copy":"<p>[api_inventory]<\/p>\n"},"product_brand":[],"product_cat":[2464,2383,1893,277,1654,2618],"product_tag":[2122,426,1787,336,441,427,1738,1621],"product-themes":[],"special":[],"class_list":{"0":"post-26243","1":"product","2":"type-product","3":"status-publish","4":"has-post-thumbnail","6":"product_cat-ceramique","7":"product_cat-inventaire-approfondi","8":"product_cat-meilleures-ventes","9":"product_cat-mugs-fr","10":"product_cat-mugs-en-ceramique","11":"product_cat-tous-les-produits","12":"product_tag-bien-etre","13":"product_tag-cafe","14":"product_tag-employe","15":"product_tag-porte-gobelet","16":"product_tag-tasse","17":"product_tag-the","18":"product_tag-vacances-fr","19":"product_tag-vente-au-detail","20":"pa_color-blanc","21":"pa_color-noir","22":"pa_materials-ceramique","24":"first","25":"instock","26":"purchasable","27":"product-type-variable"},"_links":{"self":[{"href":"https:\/\/dev.adnart.com\/fr\/wp-json\/wp\/v2\/product\/26243","targetHints":{"allow":["GET"]}}],"collection":[{"href":"https:\/\/dev.adnart.com\/fr\/wp-json\/wp\/v2\/product"}],"about":[{"href":"https:\/\/dev.adnart.com\/fr\/wp-json\/wp\/v2\/types\/product"}],"replies":[{"embeddable":true,"href":"https:\/\/dev.adnart.com\/fr\/wp-json\/wp\/v2\/comments?post=26243"}],"version-history":[{"count":10,"href":"https:\/\/dev.adnart.com\/fr\/wp-json\/wp\/v2\/product\/26243\/revisions"}],"predecessor-version":[{"id":34646,"href":"https:\/\/dev.adnart.com\/fr\/wp-json\/wp\/v2\/product\/26243\/revisions\/34646"}],"wp:featuredmedia":[{"embeddable":true,"href":"https:\/\/dev.adnart.com\/fr\/wp-json\/wp\/v2\/media\/31168"}],"wp:attachment":[{"href":"https:\/\/dev.adnart.com\/fr\/wp-json\/wp\/v2\/media?parent=26243"}],"wp:term":[{"taxonomy":"product_brand","embeddable":true,"href":"https:\/\/dev.adnart.com\/fr\/wp-json\/wp\/v2\/product_brand?post=26243"},{"taxonomy":"product_cat","embeddable":true,"href":"https:\/\/dev.adnart.com\/fr\/wp-json\/wp\/v2\/product_cat?post=26243"},{"taxonomy":"product_tag","embeddable":true,"href":"https:\/\/dev.adnart.com\/fr\/wp-json\/wp\/v2\/product_tag?post=26243"},{"taxonomy":"product-themes","embeddable":true,"href":"https:\/\/dev.adnart.com\/fr\/wp-json\/wp\/v2\/product-themes?post=26243"},{"taxonomy":"special","embeddable":true,"href":"https:\/\/dev.adnart.com\/fr\/wp-json\/wp\/v2\/special?post=26243"}],"curies":[{"name":"wp","href":"https:\/\/api.w.org\/{rel}","templated":true}]}}