{"id":26235,"date":"2024-01-10T18:51:31","date_gmt":"2024-01-10T16:51:31","guid":{"rendered":"http:\/\/localhost\/adnartLatest\/shop\/non%20class\u00e9\/mug-asobu-infini-sm60\/"},"modified":"2026-02-19T18:06:54","modified_gmt":"2026-02-19T16:06:54","slug":"16-oz-asobu-infinite-mug-sm60","status":"publish","type":"product","link":"https:\/\/dev.adnart.com\/fr\/produit\/16-oz-asobu-infinite-mug-sm60\/","title":{"rendered":"Mug ASOBU Infini &#8211; SM60"},"content":{"rendered":"<p>Le <strong>mug ASOBU Infinite<\/strong> est un mug en acier inoxydable \u00e0 double paroi doubl\u00e9 de cuivre, con\u00e7u pour une performance et un style ultimes. Il pr\u00e9sente deux innovations remarquables : un int\u00e9rieur unique recouvert de c\u00e9ramique pour un go\u00fbt pur et propre et un rin\u00e7age facile, et une base en li\u00e8ge extra-large. La base en li\u00e8ge r\u00e9sistante aux rayures est parfaite pour prot\u00e9ger les surfaces sensibles du bureau et \u00e9limine le besoin d&#8217;un sous-verre. Il est livr\u00e9 avec un couvercle coulissant anti-\u00e9claboussures et est isol\u00e9 sous vide pour garder les boissons chaudes pendant des heures.   <\/p>\n<p>Con\u00e7ue pour \u00eatre \u00e0 la fois luxueuse et fonctionnelle, la tasse ASOBU Infinite Mug offre un confort exceptionnel et une exp\u00e9rience de consommation sup\u00e9rieure. Appr\u00e9ciez le m\u00e9lange parfait d&#8217;innovation et de design \u00e0 chaque gorg\u00e9e ! <\/p>\n<p><strong>Ce produit est exempt de BPA et de plomb.<\/strong><\/p>\n<p><span style=\"color: #ff0000;\">\u2605 Remarque : les tasses en c\u00e9ramique SM60 Cork ne vont pas au micro-ondes.<\/span><\/p>\n","protected":false},"excerpt":{"rendered":"<p>Le mug ASOBU Infinite est un mug en acier inoxydable \u00e0 double paroi doubl\u00e9 de cuivre, con\u00e7u pour une performance<\/p>\n","protected":false},"featured_media":30715,"comment_status":"closed","ping_status":"closed","template":"","meta":{"inventory_464_copy":"<p>[api_inventory]<\/p>\n"},"product_brand":[],"product_cat":[2383,1893,277,1609,2115,1605,2618],"product_tag":[298,2306,2310,426,328,2569,424,2308,1703,2309,1738,2581],"product-themes":[],"special":[],"class_list":{"0":"post-26235","1":"product","2":"type-product","3":"status-publish","4":"has-post-thumbnail","6":"product_cat-inventaire-approfondi","7":"product_cat-meilleures-ventes","8":"product_cat-mugs-fr","9":"product_cat-puramic-fr","10":"product_cat-puramic-fr-2","11":"product_cat-tasses-et-gobelets-en-acier-inoxydable-fr","12":"product_cat-tous-les-produits","13":"product_tag-acier-inoxydable","14":"product_tag-base-en-liege","15":"product_tag-boire-a-travers-le-couvercle","16":"product_tag-cafe","17":"product_tag-couvercle-anti-deversement","18":"product_tag-double-wall-fr","19":"product_tag-etancheite","20":"product_tag-interieur-revetu-de-ceramique","21":"product_tag-revetement-en-cuivre-fr-2","22":"product_tag-structure-de-retention-de-la-chaleur","23":"product_tag-vacances-fr","24":"product_tag-vacuum-insulated-fr","25":"pa_color-blanc","26":"pa_color-noir","27":"pa_materials-acier-inoxydable","28":"pa_materials-puramic","29":"pa_materials-tritan-fr","31":"first","32":"instock","33":"purchasable","34":"product-type-variable"},"_links":{"self":[{"href":"https:\/\/dev.adnart.com\/fr\/wp-json\/wp\/v2\/product\/26235","targetHints":{"allow":["GET"]}}],"collection":[{"href":"https:\/\/dev.adnart.com\/fr\/wp-json\/wp\/v2\/product"}],"about":[{"href":"https:\/\/dev.adnart.com\/fr\/wp-json\/wp\/v2\/types\/product"}],"replies":[{"embeddable":true,"href":"https:\/\/dev.adnart.com\/fr\/wp-json\/wp\/v2\/comments?post=26235"}],"version-history":[{"count":6,"href":"https:\/\/dev.adnart.com\/fr\/wp-json\/wp\/v2\/product\/26235\/revisions"}],"predecessor-version":[{"id":34649,"href":"https:\/\/dev.adnart.com\/fr\/wp-json\/wp\/v2\/product\/26235\/revisions\/34649"}],"wp:featuredmedia":[{"embeddable":true,"href":"https:\/\/dev.adnart.com\/fr\/wp-json\/wp\/v2\/media\/30715"}],"wp:attachment":[{"href":"https:\/\/dev.adnart.com\/fr\/wp-json\/wp\/v2\/media?parent=26235"}],"wp:term":[{"taxonomy":"product_brand","embeddable":true,"href":"https:\/\/dev.adnart.com\/fr\/wp-json\/wp\/v2\/product_brand?post=26235"},{"taxonomy":"product_cat","embeddable":true,"href":"https:\/\/dev.adnart.com\/fr\/wp-json\/wp\/v2\/product_cat?post=26235"},{"taxonomy":"product_tag","embeddable":true,"href":"https:\/\/dev.adnart.com\/fr\/wp-json\/wp\/v2\/product_tag?post=26235"},{"taxonomy":"product-themes","embeddable":true,"href":"https:\/\/dev.adnart.com\/fr\/wp-json\/wp\/v2\/product-themes?post=26235"},{"taxonomy":"special","embeddable":true,"href":"https:\/\/dev.adnart.com\/fr\/wp-json\/wp\/v2\/special?post=26235"}],"curies":[{"name":"wp","href":"https:\/\/api.w.org\/{rel}","templated":true}]}}