{"id":26223,"date":"2024-01-10T18:51:16","date_gmt":"2024-01-10T16:51:16","guid":{"rendered":"http:\/\/localhost\/adnartLatest\/shop\/non%20class\u00e9\/tasse-a-cafe-en-liege-et-en-ceramique-sm50\/"},"modified":"2026-02-19T18:35:25","modified_gmt":"2026-02-19T16:35:25","slug":"12-oz-cork-ceramic-coffee-mug-sm50","status":"publish","type":"product","link":"https:\/\/dev.adnart.com\/fr\/produit\/12-oz-cork-ceramic-coffee-mug-sm50\/","title":{"rendered":"Tasse \u00e0 caf\u00e9 en li\u00e8ge et en c\u00e9ramique &#8211; SM50"},"content":{"rendered":"<p>Mug en c\u00e9ramique au style \u00e9pur\u00e9 et minimaliste avec dessous de verre en li\u00e8ge int\u00e9gr\u00e9.<\/p>\n<p>La <strong>tasse en li\u00e8ge et en c\u00e9ramique ASOBU<\/strong> est le cadeau id\u00e9al pour les f\u00eates de fin d&#8217;ann\u00e9e. Restez au chaud, avec style, et prot\u00e9gez vos meubles pendant les f\u00eates. Il est dot\u00e9 d&#8217;un dessous de verre en li\u00e8ge int\u00e9gr\u00e9 qui prot\u00e8ge la tasse des rayures, d&#8217;un couvercle anti-\u00e9claboussures avec joint en silicone, d&#8217;une finition mate pour une bonne prise en main et d&#8217;un design moderne et minimaliste.  <\/p>\n<p><strong>Ce produit est exempt de BPA et de plomb.<\/strong><\/p>\n<p><span style=\"color: #ff0000;\">\u2605 Remarque : les tasses en c\u00e9ramique SM50 Cork ne vont pas au four \u00e0 micro-ondes.<\/span><\/p>\n","protected":false},"excerpt":{"rendered":"<p>Mug en c\u00e9ramique au style \u00e9pur\u00e9 et minimaliste avec dessous de verre en li\u00e8ge int\u00e9gr\u00e9. La tasse en li\u00e8ge et<\/p>\n","protected":false},"featured_media":31172,"comment_status":"closed","ping_status":"closed","template":"","meta":{"inventory_464_copy":"<p>[api_inventory]<\/p>\n"},"product_brand":[],"product_cat":[2464,2383,1893,277,1654,2618],"product_tag":[2288,1693,295,1742,2291,2292,2294,1888,2293,2106,2290,2289,1738],"product-themes":[],"special":[],"class_list":{"0":"post-26223","1":"product","2":"type-product","3":"status-publish","4":"has-post-thumbnail","6":"product_cat-ceramique","7":"product_cat-inventaire-approfondi","8":"product_cat-meilleures-ventes","9":"product_cat-mugs-fr","10":"product_cat-mugs-en-ceramique","11":"product_cat-tous-les-produits","12":"product_tag-12-oz-fr","13":"product_tag-355-ml-fr","14":"product_tag-a-lepreuve-des-deversements","15":"product_tag-couvercle","16":"product_tag-couvercle-anti-eclaboussures","17":"product_tag-couvercle-protecteur","18":"product_tag-design-minimaliste","19":"product_tag-finition-mate","20":"product_tag-joint-en-silicone","21":"product_tag-resistant-aux-rayures","22":"product_tag-sous-verre-en-liege","23":"product_tag-sous-verre-integre","24":"product_tag-vacances-fr","25":"pa_color-blanc-argent","26":"pa_color-bleu-fr","27":"pa_color-bourgogne","28":"pa_color-gris","29":"pa_materials-ceramique","31":"first","32":"instock","33":"purchasable","34":"product-type-variable","35":"has-default-attributes"},"_links":{"self":[{"href":"https:\/\/dev.adnart.com\/fr\/wp-json\/wp\/v2\/product\/26223","targetHints":{"allow":["GET"]}}],"collection":[{"href":"https:\/\/dev.adnart.com\/fr\/wp-json\/wp\/v2\/product"}],"about":[{"href":"https:\/\/dev.adnart.com\/fr\/wp-json\/wp\/v2\/types\/product"}],"replies":[{"embeddable":true,"href":"https:\/\/dev.adnart.com\/fr\/wp-json\/wp\/v2\/comments?post=26223"}],"version-history":[{"count":7,"href":"https:\/\/dev.adnart.com\/fr\/wp-json\/wp\/v2\/product\/26223\/revisions"}],"predecessor-version":[{"id":34652,"href":"https:\/\/dev.adnart.com\/fr\/wp-json\/wp\/v2\/product\/26223\/revisions\/34652"}],"wp:featuredmedia":[{"embeddable":true,"href":"https:\/\/dev.adnart.com\/fr\/wp-json\/wp\/v2\/media\/31172"}],"wp:attachment":[{"href":"https:\/\/dev.adnart.com\/fr\/wp-json\/wp\/v2\/media?parent=26223"}],"wp:term":[{"taxonomy":"product_brand","embeddable":true,"href":"https:\/\/dev.adnart.com\/fr\/wp-json\/wp\/v2\/product_brand?post=26223"},{"taxonomy":"product_cat","embeddable":true,"href":"https:\/\/dev.adnart.com\/fr\/wp-json\/wp\/v2\/product_cat?post=26223"},{"taxonomy":"product_tag","embeddable":true,"href":"https:\/\/dev.adnart.com\/fr\/wp-json\/wp\/v2\/product_tag?post=26223"},{"taxonomy":"product-themes","embeddable":true,"href":"https:\/\/dev.adnart.com\/fr\/wp-json\/wp\/v2\/product-themes?post=26223"},{"taxonomy":"special","embeddable":true,"href":"https:\/\/dev.adnart.com\/fr\/wp-json\/wp\/v2\/special?post=26223"}],"curies":[{"name":"wp","href":"https:\/\/api.w.org\/{rel}","templated":true}]}}