{"id":26222,"date":"2024-01-10T18:51:53","date_gmt":"2024-01-10T16:51:53","guid":{"rendered":"http:\/\/localhost\/adnartLatest\/shop\/non%20class\u00e9\/set-demballage-metallique-pour-la-tasse-asobu-tower-sm90-mps\/"},"modified":"2026-02-18T10:28:21","modified_gmt":"2026-02-18T08:28:21","slug":"20-oz-asobu-tower-mug-metallic-packaging-set-sm90-mps","status":"publish","type":"product","link":"https:\/\/dev.adnart.com\/fr\/produit\/20-oz-asobu-tower-mug-metallic-packaging-set-sm90-mps\/","title":{"rendered":"ASOBU Tower Mug Metallic Packaging Set &#8211; SM90 MPS"},"content":{"rendered":"<p>Faites-vous plaisir pendant les f\u00eates de fin d&#8217;ann\u00e9e avec notre nouvel emballage m\u00e9tallique de qualit\u00e9 sup\u00e9rieure. Une vari\u00e9t\u00e9 d&#8217;options de coffrets cadeaux et de coffrets pr\u00e9fabriqu\u00e9s pour r\u00e9pondre aux besoins de tous les utilisateurs finaux. Impression PMS assortie sur la couverture et d\u00e9coration int\u00e9rieure optionnelle pour am\u00e9liorer votre set cette saison. Les inserts en mousse d\u00e9coup\u00e9s au laser permettent de fixer et d&#8217;exposer n&#8217;importe quel article pour laisser une impression durable cette saison.<\/p>\n<p><strong>Ce produit est exempt de BPA et de plomb.<\/strong><\/p>\n","protected":false},"excerpt":{"rendered":"<p>Faites-vous plaisir pendant les f\u00eates de fin d&#8217;ann\u00e9e avec notre nouvel emballage m\u00e9tallique de qualit\u00e9 sup\u00e9rieure. Une vari\u00e9t\u00e9 d&#8217;options de<\/p>\n","protected":false},"featured_media":30274,"comment_status":"closed","ping_status":"closed","template":"","meta":{"inventory_464_copy":"<p>[api_inventory]<\/p>\n"},"product_brand":[],"product_cat":[1721,1723,2115,1609,2618],"product_tag":[2571,2565,2564,2269,2287,1580,428,369,2581,1621,1618],"product-themes":[],"special":[],"class_list":{"0":"post-26222","1":"product","2":"type-product","3":"status-publish","4":"has-post-thumbnail","6":"product_cat-coffrets-cadeaux","7":"product_cat-coffrets-cadeaux-fr","8":"product_cat-puramic-fr-2","9":"product_cat-puramic-fr","10":"product_cat-tous-les-produits","11":"product_tag-award-fr","12":"product_tag-executive-fr","13":"product_tag-gift-fr","14":"product_tag-interieur-en-ceramique","15":"product_tag-porte-gobelets","16":"product_tag-refroidisseur","17":"product_tag-revetement-en-poudre","18":"product_tag-tasse-a-cafe","19":"product_tag-vacuum-insulated-fr","20":"product_tag-vente-au-detail","21":"product_tag-voyage","22":"pa_color-blanc","23":"pa_color-menthe","24":"pa_color-noir","25":"pa_color-rose","26":"pa_color-rouge-2","27":"pa_materials-acier-inoxydable","28":"pa_materials-puramic","30":"first","31":"instock","32":"purchasable","33":"product-type-simple"},"_links":{"self":[{"href":"https:\/\/dev.adnart.com\/fr\/wp-json\/wp\/v2\/product\/26222","targetHints":{"allow":["GET"]}}],"collection":[{"href":"https:\/\/dev.adnart.com\/fr\/wp-json\/wp\/v2\/product"}],"about":[{"href":"https:\/\/dev.adnart.com\/fr\/wp-json\/wp\/v2\/types\/product"}],"replies":[{"embeddable":true,"href":"https:\/\/dev.adnart.com\/fr\/wp-json\/wp\/v2\/comments?post=26222"}],"version-history":[{"count":5,"href":"https:\/\/dev.adnart.com\/fr\/wp-json\/wp\/v2\/product\/26222\/revisions"}],"predecessor-version":[{"id":32827,"href":"https:\/\/dev.adnart.com\/fr\/wp-json\/wp\/v2\/product\/26222\/revisions\/32827"}],"wp:featuredmedia":[{"embeddable":true,"href":"https:\/\/dev.adnart.com\/fr\/wp-json\/wp\/v2\/media\/30274"}],"wp:attachment":[{"href":"https:\/\/dev.adnart.com\/fr\/wp-json\/wp\/v2\/media?parent=26222"}],"wp:term":[{"taxonomy":"product_brand","embeddable":true,"href":"https:\/\/dev.adnart.com\/fr\/wp-json\/wp\/v2\/product_brand?post=26222"},{"taxonomy":"product_cat","embeddable":true,"href":"https:\/\/dev.adnart.com\/fr\/wp-json\/wp\/v2\/product_cat?post=26222"},{"taxonomy":"product_tag","embeddable":true,"href":"https:\/\/dev.adnart.com\/fr\/wp-json\/wp\/v2\/product_tag?post=26222"},{"taxonomy":"product-themes","embeddable":true,"href":"https:\/\/dev.adnart.com\/fr\/wp-json\/wp\/v2\/product-themes?post=26222"},{"taxonomy":"special","embeddable":true,"href":"https:\/\/dev.adnart.com\/fr\/wp-json\/wp\/v2\/special?post=26222"}],"curies":[{"name":"wp","href":"https:\/\/api.w.org\/{rel}","templated":true}]}}