{"id":26208,"date":"2024-01-10T18:55:03","date_gmt":"2024-01-10T16:55:03","guid":{"rendered":"http:\/\/localhost\/adnartLatest\/shop\/non%20class\u00e9\/gobelet-a-isolation-sous-vide-imperial-wine-viw2\/"},"modified":"2026-02-18T10:24:53","modified_gmt":"2026-02-18T08:24:53","slug":"9-oz-asobu-imperial-wine-vacuum-insulated-tumbler-viw2","status":"publish","type":"product","link":"https:\/\/dev.adnart.com\/fr\/produit\/9-oz-asobu-imperial-wine-vacuum-insulated-tumbler-viw2\/","title":{"rendered":"Vin imp\u00e9rial ASOBU &#8211; VIW2"},"content":{"rendered":"<p>Le gobelet \u00e0 vin imp\u00e9rial s&#8217;appuie sur nos fabuleux motifs avec de nouveaux designs. Nous avons repris le design chic de la bouteille et l&#8217;avons associ\u00e9 \u00e0 des graphismes superbes. <\/p>\n<p><strong>Ce produit est exempt de BPA et de plomb.<\/strong><\/p>\n","protected":false},"excerpt":{"rendered":"<p>Le gobelet \u00e0 vin imp\u00e9rial s&#8217;appuie sur nos fabuleux motifs avec de nouveaux designs. Nous avons repris le design chic<\/p>\n","protected":false},"featured_media":31174,"comment_status":"closed","ping_status":"closed","template":"","meta":{"inventory_464_copy":"<p>[api_inventory]<\/p>\n"},"product_brand":[],"product_cat":[365,1893,1605,2618],"product_tag":[2021,298,2273,300,334,299,2271,2272,2581],"product-themes":[],"special":[],"class_list":{"0":"post-26208","1":"product","2":"type-product","3":"status-publish","4":"has-post-thumbnail","6":"product_cat-articles-de-bar","7":"product_cat-meilleures-ventes","8":"product_cat-tasses-et-gobelets-en-acier-inoxydable-fr","9":"product_cat-tous-les-produits","10":"product_tag-270-ml-fr","11":"product_tag-acier-inoxydable","12":"product_tag-exterieur-mat-et-soyeux","13":"product_tag-lavable-au-lave-vaisselle","14":"product_tag-rond","15":"product_tag-sans-bpa","16":"product_tag-sirop-a-vin","17":"product_tag-temperature-ideale","18":"product_tag-vacuum-insulated-fr","19":"pa_color-argent","20":"pa_color-floral-fr","21":"pa_color-marbre","22":"pa_materials-acier-inoxydable","24":"first","25":"instock","26":"purchasable","27":"product-type-variable"},"_links":{"self":[{"href":"https:\/\/dev.adnart.com\/fr\/wp-json\/wp\/v2\/product\/26208","targetHints":{"allow":["GET"]}}],"collection":[{"href":"https:\/\/dev.adnart.com\/fr\/wp-json\/wp\/v2\/product"}],"about":[{"href":"https:\/\/dev.adnart.com\/fr\/wp-json\/wp\/v2\/types\/product"}],"replies":[{"embeddable":true,"href":"https:\/\/dev.adnart.com\/fr\/wp-json\/wp\/v2\/comments?post=26208"}],"version-history":[{"count":7,"href":"https:\/\/dev.adnart.com\/fr\/wp-json\/wp\/v2\/product\/26208\/revisions"}],"predecessor-version":[{"id":33878,"href":"https:\/\/dev.adnart.com\/fr\/wp-json\/wp\/v2\/product\/26208\/revisions\/33878"}],"wp:featuredmedia":[{"embeddable":true,"href":"https:\/\/dev.adnart.com\/fr\/wp-json\/wp\/v2\/media\/31174"}],"wp:attachment":[{"href":"https:\/\/dev.adnart.com\/fr\/wp-json\/wp\/v2\/media?parent=26208"}],"wp:term":[{"taxonomy":"product_brand","embeddable":true,"href":"https:\/\/dev.adnart.com\/fr\/wp-json\/wp\/v2\/product_brand?post=26208"},{"taxonomy":"product_cat","embeddable":true,"href":"https:\/\/dev.adnart.com\/fr\/wp-json\/wp\/v2\/product_cat?post=26208"},{"taxonomy":"product_tag","embeddable":true,"href":"https:\/\/dev.adnart.com\/fr\/wp-json\/wp\/v2\/product_tag?post=26208"},{"taxonomy":"product-themes","embeddable":true,"href":"https:\/\/dev.adnart.com\/fr\/wp-json\/wp\/v2\/product-themes?post=26208"},{"taxonomy":"special","embeddable":true,"href":"https:\/\/dev.adnart.com\/fr\/wp-json\/wp\/v2\/special?post=26208"}],"curies":[{"name":"wp","href":"https:\/\/api.w.org\/{rel}","templated":true}]}}