{"id":26199,"date":"2024-01-10T18:51:49","date_gmt":"2024-01-10T16:51:49","guid":{"rendered":"http:\/\/localhost\/adnartLatest\/shop\/non%20class\u00e9\/mug-tour-asobu-sm90\/"},"modified":"2026-02-19T17:54:34","modified_gmt":"2026-02-19T15:54:34","slug":"20-oz-asobu-tower-mug-sm90-2","status":"publish","type":"product","link":"https:\/\/dev.adnart.com\/fr\/produit\/20-oz-asobu-tower-mug-sm90-2\/","title":{"rendered":"Mug Tour ASOBU &#8211; SM90"},"content":{"rendered":"<p>La robuste <strong>tasse ASOBU Tower<\/strong> se dresse au-dessus de la foule. La poign\u00e9e ergonomique et le couvercle transparent facile d&#8217;acc\u00e8s en font un produit indispensable. L&#8217;int\u00e9rieur en acier inoxydable et en c\u00e9ramique, isol\u00e9 sous vide, garantit que les boissons restent chaudes pendant des heures ! S&#8217;adapte \u00e0 tous les porte-gobelets des v\u00e9hicules. L&#8217;int\u00e9rieur rev\u00eatu de c\u00e9ramique garantit \u00e9galement que votre boisson chaude n&#8217;a pas le go\u00fbt de l&#8217;acier inoxydable, la gardant fra\u00eeche, savoureuse et chaude jusqu&#8217;\u00e0 la derni\u00e8re goutte.<\/p>\n<p><strong>Ce produit est exempt de BPA et de plomb.<\/strong><\/p>\n","protected":false},"excerpt":{"rendered":"<p>La robuste tasse ASOBU Tower se dresse au-dessus de la foule. La poign\u00e9e ergonomique et le couvercle transparent facile d&#8217;acc\u00e8s<\/p>\n","protected":false},"featured_media":29684,"comment_status":"closed","ping_status":"closed","template":"","meta":{"inventory_464_copy":"<p>[api_inventory]<\/p>\n"},"product_brand":[],"product_cat":[2383,1893,2639,277,2380,1609,2115,1605,2618],"product_tag":[295,426,1688,1742,326,2265,1725,1737,2269,371,336,428,441,427,1740,1738,2581,1621,1618],"product-themes":[],"special":[],"class_list":{"0":"post-26199","1":"product","2":"type-product","3":"status-publish","4":"has-post-thumbnail","6":"product_cat-inventaire-approfondi","7":"product_cat-meilleures-ventes","8":"product_cat-meilleurs-vendeurs","9":"product_cat-mugs-fr","10":"product_cat-nouvel-arrivage","11":"product_cat-puramic-fr","12":"product_cat-puramic-fr-2","13":"product_cat-tasses-et-gobelets-en-acier-inoxydable-fr","14":"product_cat-tous-les-produits","15":"product_tag-a-lepreuve-des-deversements","16":"product_tag-cafe","17":"product_tag-camping-fr","18":"product_tag-couvercle","19":"product_tag-cuivre","20":"product_tag-etancheite-fr","21":"product_tag-gobelet","22":"product_tag-hydrater","23":"product_tag-interieur-en-ceramique","24":"product_tag-isole","25":"product_tag-porte-gobelet","26":"product_tag-revetement-en-poudre","27":"product_tag-tasse","28":"product_tag-the","29":"product_tag-thermique","30":"product_tag-vacances-fr","31":"product_tag-vacuum-insulated-fr","32":"product_tag-vente-au-detail","33":"product_tag-voyage","34":"pa_color-blanc","35":"pa_color-bleu-pastel","36":"pa_color-menthe","37":"pa_color-noir","38":"pa_color-peche-pastel","39":"pa_color-rose","40":"pa_color-rose-pastel","41":"pa_color-rouge-2","42":"pa_color-vert","43":"pa_color-vert-pastel","44":"pa_materials-acier-inoxydable","45":"pa_materials-puramic","46":"pa_materials-tritan-fr","48":"first","49":"instock","50":"purchasable","51":"product-type-variable"},"_links":{"self":[{"href":"https:\/\/dev.adnart.com\/fr\/wp-json\/wp\/v2\/product\/26199","targetHints":{"allow":["GET"]}}],"collection":[{"href":"https:\/\/dev.adnart.com\/fr\/wp-json\/wp\/v2\/product"}],"about":[{"href":"https:\/\/dev.adnart.com\/fr\/wp-json\/wp\/v2\/types\/product"}],"replies":[{"embeddable":true,"href":"https:\/\/dev.adnart.com\/fr\/wp-json\/wp\/v2\/comments?post=26199"}],"version-history":[{"count":3,"href":"https:\/\/dev.adnart.com\/fr\/wp-json\/wp\/v2\/product\/26199\/revisions"}],"predecessor-version":[{"id":31008,"href":"https:\/\/dev.adnart.com\/fr\/wp-json\/wp\/v2\/product\/26199\/revisions\/31008"}],"wp:featuredmedia":[{"embeddable":true,"href":"https:\/\/dev.adnart.com\/fr\/wp-json\/wp\/v2\/media\/29684"}],"wp:attachment":[{"href":"https:\/\/dev.adnart.com\/fr\/wp-json\/wp\/v2\/media?parent=26199"}],"wp:term":[{"taxonomy":"product_brand","embeddable":true,"href":"https:\/\/dev.adnart.com\/fr\/wp-json\/wp\/v2\/product_brand?post=26199"},{"taxonomy":"product_cat","embeddable":true,"href":"https:\/\/dev.adnart.com\/fr\/wp-json\/wp\/v2\/product_cat?post=26199"},{"taxonomy":"product_tag","embeddable":true,"href":"https:\/\/dev.adnart.com\/fr\/wp-json\/wp\/v2\/product_tag?post=26199"},{"taxonomy":"product-themes","embeddable":true,"href":"https:\/\/dev.adnart.com\/fr\/wp-json\/wp\/v2\/product-themes?post=26199"},{"taxonomy":"special","embeddable":true,"href":"https:\/\/dev.adnart.com\/fr\/wp-json\/wp\/v2\/special?post=26199"}],"curies":[{"name":"wp","href":"https:\/\/api.w.org\/{rel}","templated":true}]}}