{"id":26197,"date":"2024-01-10T18:50:52","date_gmt":"2024-01-10T16:50:52","guid":{"rendered":"http:\/\/localhost\/adnartLatest\/shop\/non%20class\u00e9\/mug-asobu-360-sm35\/"},"modified":"2026-02-19T19:18:22","modified_gmt":"2026-02-19T17:18:22","slug":"28-oz-asobu-360-mug-sm35","status":"publish","type":"product","link":"https:\/\/dev.adnart.com\/fr\/produit\/28-oz-asobu-360-mug-sm35\/","title":{"rendered":"Mug ASOBU 360 &#8211; SM35"},"content":{"rendered":"<p>Le <strong>mug 360 d&#8217;ASOBU<\/strong> est con\u00e7u pour s&#8217;adapter \u00e0 tous les porte-gobelets standard des v\u00e9hicules et est dot\u00e9 d&#8217;une poign\u00e9e ergonomique en acier inoxydable facile \u00e0 saisir, pour plus de confort et de commodit\u00e9. Les boissons peuvent \u00eatre consomm\u00e9es <em>chaudes pendant 12 heures<\/em> <em>ou froides pendant 24 heures<\/em>, gr\u00e2ce \u00e0 l&#8217;int\u00e9rieur isol\u00e9 sous vide. Le couvercle anti-\u00e9claboussures r\u00e9glable \u00e0 360\u00b0 permet d&#8217;acc\u00e9der instantan\u00e9ment et sans effort \u00e0 votre boisson, tandis que l&#8217;int\u00e9rieur rev\u00eatu de c\u00e9ramique garantit un go\u00fbt propre et frais \u00e0 chaque fois. Parfaite pour tous les styles de vie, la tasse 360 est pr\u00eate lorsque vous \u00eates en d\u00e9placement, \u00e0 la maison ou au bureau.   <\/p>\n<p><strong>Ce produit est exempt de BPA et de plomb.<\/strong><\/p>\n","protected":false},"excerpt":{"rendered":"<p>Le mug 360 d&#8217;ASOBU est con\u00e7u pour s&#8217;adapter \u00e0 tous les porte-gobelets standard des v\u00e9hicules et est dot\u00e9 d&#8217;une poign\u00e9e<\/p>\n","protected":false},"featured_media":29678,"comment_status":"closed","ping_status":"closed","template":"","meta":{"inventory_464_copy":"<p>[api_inventory]<\/p>\n"},"product_brand":[],"product_cat":[2383,1893,1609,2115,1605,2618],"product_tag":[295,426,1688,1742,326,2265,1725,1737,371,2129,336,428,441,427,1740,1738,2581,1621,1618],"product-themes":[],"special":[],"class_list":{"0":"post-26197","1":"product","2":"type-product","3":"status-publish","4":"has-post-thumbnail","6":"product_cat-inventaire-approfondi","7":"product_cat-meilleures-ventes","8":"product_cat-puramic-fr","9":"product_cat-puramic-fr-2","10":"product_cat-tasses-et-gobelets-en-acier-inoxydable-fr","11":"product_cat-tous-les-produits","12":"product_tag-a-lepreuve-des-deversements","13":"product_tag-cafe","14":"product_tag-camping-fr","15":"product_tag-couvercle","16":"product_tag-cuivre","17":"product_tag-etancheite-fr","18":"product_tag-gobelet","19":"product_tag-hydrater","20":"product_tag-isole","21":"product_tag-navire","22":"product_tag-porte-gobelet","23":"product_tag-revetement-en-poudre","24":"product_tag-tasse","25":"product_tag-the","26":"product_tag-thermique","27":"product_tag-vacances-fr","28":"product_tag-vacuum-insulated-fr","29":"product_tag-vente-au-detail","30":"product_tag-voyage","31":"pa_color-blanc","32":"pa_color-menthe","33":"pa_color-noir","34":"pa_materials-acier-inoxydable","35":"pa_materials-tritan-fr","37":"first","38":"instock","39":"purchasable","40":"product-type-variable","41":"has-default-attributes"},"_links":{"self":[{"href":"https:\/\/dev.adnart.com\/fr\/wp-json\/wp\/v2\/product\/26197","targetHints":{"allow":["GET"]}}],"collection":[{"href":"https:\/\/dev.adnart.com\/fr\/wp-json\/wp\/v2\/product"}],"about":[{"href":"https:\/\/dev.adnart.com\/fr\/wp-json\/wp\/v2\/types\/product"}],"replies":[{"embeddable":true,"href":"https:\/\/dev.adnart.com\/fr\/wp-json\/wp\/v2\/comments?post=26197"}],"version-history":[{"count":8,"href":"https:\/\/dev.adnart.com\/fr\/wp-json\/wp\/v2\/product\/26197\/revisions"}],"predecessor-version":[{"id":33887,"href":"https:\/\/dev.adnart.com\/fr\/wp-json\/wp\/v2\/product\/26197\/revisions\/33887"}],"wp:featuredmedia":[{"embeddable":true,"href":"https:\/\/dev.adnart.com\/fr\/wp-json\/wp\/v2\/media\/29678"}],"wp:attachment":[{"href":"https:\/\/dev.adnart.com\/fr\/wp-json\/wp\/v2\/media?parent=26197"}],"wp:term":[{"taxonomy":"product_brand","embeddable":true,"href":"https:\/\/dev.adnart.com\/fr\/wp-json\/wp\/v2\/product_brand?post=26197"},{"taxonomy":"product_cat","embeddable":true,"href":"https:\/\/dev.adnart.com\/fr\/wp-json\/wp\/v2\/product_cat?post=26197"},{"taxonomy":"product_tag","embeddable":true,"href":"https:\/\/dev.adnart.com\/fr\/wp-json\/wp\/v2\/product_tag?post=26197"},{"taxonomy":"product-themes","embeddable":true,"href":"https:\/\/dev.adnart.com\/fr\/wp-json\/wp\/v2\/product-themes?post=26197"},{"taxonomy":"special","embeddable":true,"href":"https:\/\/dev.adnart.com\/fr\/wp-json\/wp\/v2\/special?post=26197"}],"curies":[{"name":"wp","href":"https:\/\/api.w.org\/{rel}","templated":true}]}}