{"id":26182,"date":"2024-01-10T18:46:11","date_gmt":"2024-01-10T16:46:11","guid":{"rendered":"http:\/\/localhost\/adnartLatest\/shop\/non%20class\u00e9\/tasse-en-ceramique-the-ruby-mug888\/"},"modified":"2026-02-19T20:36:47","modified_gmt":"2026-02-19T18:36:47","slug":"14-oz-the-ruby-ceramic-mug-mug888","status":"publish","type":"product","link":"https:\/\/dev.adnart.com\/fr\/produit\/14-oz-the-ruby-ceramic-mug-mug888\/","title":{"rendered":"Tasse en c\u00e9ramique The Ruby &#8211; MUG888"},"content":{"rendered":"<p>La tasse en c\u00e9ramique Ruby Mug sip and savor vous donne l&#8217;impression d&#8217;\u00eatre un d\u00e9gustateur de caf\u00e9 tous les jours. La forme cannel\u00e9e de cette tasse en c\u00e9ramique est con\u00e7ue pour capturer les ar\u00f4mes du caf\u00e9 pour le nez et concentrer les saveurs dans chaque gorg\u00e9e de caf\u00e9 que vous prenez. Ce mug en c\u00e9ramique de qualit\u00e9 est disponible dans une s\u00e9lection de couleurs tendance. L&#8217;int\u00e9rieur brillant et l&#8217;ext\u00e9rieur mat sont parfaits pour l&#8217;impression ou la gravure de votre logo.   <\/p>\n<p><strong>Ce produit est exempt de BPA et de plomb.<\/strong><\/p>\n","protected":false},"excerpt":{"rendered":"<p>La tasse en c\u00e9ramique Ruby Mug sip and savor vous donne l&#8217;impression d&#8217;\u00eatre un d\u00e9gustateur de caf\u00e9 tous les jours.<\/p>\n","protected":false},"featured_media":30711,"comment_status":"closed","ping_status":"closed","template":"","meta":{"inventory_464_copy":"<p>[api_inventory]<\/p>\n"},"product_brand":[],"product_cat":[1893,1654,2618],"product_tag":[1911,2262,2214,2263,2264,1655,1698,2261,2065,2064,1660,1758,369],"product-themes":[],"special":[],"class_list":{"0":"post-26182","1":"product","2":"type-product","3":"status-publish","4":"has-post-thumbnail","6":"product_cat-meilleures-ventes","7":"product_cat-mugs-en-ceramique","8":"product_cat-tous-les-produits","9":"product_tag-14-oz-fr","10":"product_tag-2-tone-fr","11":"product_tag-414-ml-fr","12":"product_tag-base-large","13":"product_tag-bouche-conique","14":"product_tag-c-poignee","15":"product_tag-ceramique","16":"product_tag-corps-cannele","17":"product_tag-finition-brillante-de-linterieur","18":"product_tag-finition-exterieure-mate","19":"product_tag-interieur-contraste","20":"product_tag-porte-boissons-chauds","21":"product_tag-tasse-a-cafe","22":"pa_color-blanc","23":"pa_color-bleu-fr","24":"pa_color-gris","25":"pa_color-menthe","26":"pa_color-rouge-2","27":"pa_materials-ceramique","29":"first","30":"instock","31":"purchasable","32":"product-type-variable"},"_links":{"self":[{"href":"https:\/\/dev.adnart.com\/fr\/wp-json\/wp\/v2\/product\/26182","targetHints":{"allow":["GET"]}}],"collection":[{"href":"https:\/\/dev.adnart.com\/fr\/wp-json\/wp\/v2\/product"}],"about":[{"href":"https:\/\/dev.adnart.com\/fr\/wp-json\/wp\/v2\/types\/product"}],"replies":[{"embeddable":true,"href":"https:\/\/dev.adnart.com\/fr\/wp-json\/wp\/v2\/comments?post=26182"}],"version-history":[{"count":7,"href":"https:\/\/dev.adnart.com\/fr\/wp-json\/wp\/v2\/product\/26182\/revisions"}],"predecessor-version":[{"id":33900,"href":"https:\/\/dev.adnart.com\/fr\/wp-json\/wp\/v2\/product\/26182\/revisions\/33900"}],"wp:featuredmedia":[{"embeddable":true,"href":"https:\/\/dev.adnart.com\/fr\/wp-json\/wp\/v2\/media\/30711"}],"wp:attachment":[{"href":"https:\/\/dev.adnart.com\/fr\/wp-json\/wp\/v2\/media?parent=26182"}],"wp:term":[{"taxonomy":"product_brand","embeddable":true,"href":"https:\/\/dev.adnart.com\/fr\/wp-json\/wp\/v2\/product_brand?post=26182"},{"taxonomy":"product_cat","embeddable":true,"href":"https:\/\/dev.adnart.com\/fr\/wp-json\/wp\/v2\/product_cat?post=26182"},{"taxonomy":"product_tag","embeddable":true,"href":"https:\/\/dev.adnart.com\/fr\/wp-json\/wp\/v2\/product_tag?post=26182"},{"taxonomy":"product-themes","embeddable":true,"href":"https:\/\/dev.adnart.com\/fr\/wp-json\/wp\/v2\/product-themes?post=26182"},{"taxonomy":"special","embeddable":true,"href":"https:\/\/dev.adnart.com\/fr\/wp-json\/wp\/v2\/special?post=26182"}],"curies":[{"name":"wp","href":"https:\/\/api.w.org\/{rel}","templated":true}]}}