{"id":26177,"date":"2024-01-10T18:50:16","date_gmt":"2024-01-10T16:50:16","guid":{"rendered":"http:\/\/localhost\/adnartLatest\/shop\/non%20class\u00e9\/asobu-mini-jug-sju3\/"},"modified":"2026-02-25T21:26:15","modified_gmt":"2026-02-25T19:26:15","slug":"33-oz-asobu-mini-jug-sju3","status":"publish","type":"product","link":"https:\/\/dev.adnart.com\/fr\/produit\/33-oz-asobu-mini-jug-sju3\/","title":{"rendered":"ASOBU Mini Jug &#8211; SJU3"},"content":{"rendered":"<p>Tout \u00e0 fait amusant, tout \u00e0 fait n\u00e9cessaire et tout \u00e0 fait digne d&#8217;\u00eatre vu sur Insta ! Prenez d&#8217;assaut votre jungle urbaine avec <em data-start=\"92\" data-end=\"103\">Le Petite<\/em> &#8211; le <strong>Mini Jug-SJU3 d&#8217;ASOBU<\/strong>. Con\u00e7u en acier inoxydable \u00e0 double paroi et isol\u00e9 sous vide, il conserve vos boissons fra\u00eeches pendant des heures. La poign\u00e9e ergonomique ajoute \u00e0 la commodit\u00e9 et au style, compl\u00e9tant parfaitement ce pichet d&#8217;inspiration ext\u00e9rieure. Frais, amusant et \u00e0 la mode &#8211; le Mini Jug est l\u00e0 pour colorer votre monde. Procurez-vous le v\u00f4tre d\u00e8s aujourd&#8217;hui et augmentez votre niveau d&#8217;hydratation !<\/p>\n<p><strong>Ce produit est exempt de BPA et de plomb.<\/strong><\/p>\n","protected":false},"excerpt":{"rendered":"<p>Tout \u00e0 fait amusant, tout \u00e0 fait n\u00e9cessaire et tout \u00e0 fait digne d&#8217;\u00eatre vu sur Insta ! Prenez d&#8217;assaut<\/p>\n","protected":false},"featured_media":29676,"comment_status":"closed","ping_status":"closed","template":"","meta":{"inventory_464_copy":"<p>[api_inventory]<\/p>\n"},"product_brand":[],"product_cat":[2383,1689,1691,1893,2380,2618],"product_tag":[1775,2122,1688,2566,1725,1737,371,2129,1692,1626,1960,1696,2002,1621],"product-themes":[],"special":[],"class_list":{"0":"post-26177","1":"product","2":"type-product","3":"status-publish","4":"has-post-thumbnail","6":"product_cat-inventaire-approfondi","7":"product_cat-jugs-fr","8":"product_cat-jugs-fr-2","9":"product_cat-meilleures-ventes","10":"product_cat-nouvel-arrivage","11":"product_cat-tous-les-produits","12":"product_tag-barbecue-fr","13":"product_tag-bien-etre","14":"product_tag-camping-fr","15":"product_tag-gift-set-fr","16":"product_tag-gobelet","17":"product_tag-hydrater","18":"product_tag-isole","19":"product_tag-navire","20":"product_tag-pichet","21":"product_tag-randonnee","22":"product_tag-sante","23":"product_tag-sports-fr","24":"product_tag-tritan-fr","25":"product_tag-vente-au-detail","26":"pa_color-bouleau-bois-blanc","27":"pa_color-menthe","28":"pa_color-noir","29":"pa_color-rose","30":"pa_color-rouge-2","31":"pa_materials-acier-inoxydable","33":"first","34":"instock","35":"purchasable","36":"product-type-variable","37":"has-default-attributes"},"_links":{"self":[{"href":"https:\/\/dev.adnart.com\/fr\/wp-json\/wp\/v2\/product\/26177","targetHints":{"allow":["GET"]}}],"collection":[{"href":"https:\/\/dev.adnart.com\/fr\/wp-json\/wp\/v2\/product"}],"about":[{"href":"https:\/\/dev.adnart.com\/fr\/wp-json\/wp\/v2\/types\/product"}],"replies":[{"embeddable":true,"href":"https:\/\/dev.adnart.com\/fr\/wp-json\/wp\/v2\/comments?post=26177"}],"version-history":[{"count":4,"href":"https:\/\/dev.adnart.com\/fr\/wp-json\/wp\/v2\/product\/26177\/revisions"}],"predecessor-version":[{"id":33797,"href":"https:\/\/dev.adnart.com\/fr\/wp-json\/wp\/v2\/product\/26177\/revisions\/33797"}],"wp:featuredmedia":[{"embeddable":true,"href":"https:\/\/dev.adnart.com\/fr\/wp-json\/wp\/v2\/media\/29676"}],"wp:attachment":[{"href":"https:\/\/dev.adnart.com\/fr\/wp-json\/wp\/v2\/media?parent=26177"}],"wp:term":[{"taxonomy":"product_brand","embeddable":true,"href":"https:\/\/dev.adnart.com\/fr\/wp-json\/wp\/v2\/product_brand?post=26177"},{"taxonomy":"product_cat","embeddable":true,"href":"https:\/\/dev.adnart.com\/fr\/wp-json\/wp\/v2\/product_cat?post=26177"},{"taxonomy":"product_tag","embeddable":true,"href":"https:\/\/dev.adnart.com\/fr\/wp-json\/wp\/v2\/product_tag?post=26177"},{"taxonomy":"product-themes","embeddable":true,"href":"https:\/\/dev.adnart.com\/fr\/wp-json\/wp\/v2\/product-themes?post=26177"},{"taxonomy":"special","embeddable":true,"href":"https:\/\/dev.adnart.com\/fr\/wp-json\/wp\/v2\/special?post=26177"}],"curies":[{"name":"wp","href":"https:\/\/api.w.org\/{rel}","templated":true}]}}