{"id":26173,"date":"2024-01-10T18:46:51","date_gmt":"2024-01-10T16:46:51","guid":{"rendered":"http:\/\/localhost\/adnartLatest\/shop\/non%20class\u00e9\/cafetiere-isotherme-asobu-pourover-po300\/"},"modified":"2026-02-19T20:27:35","modified_gmt":"2026-02-19T18:27:35","slug":"asobu-pourover-insulated-coffee-maker-po300","status":"publish","type":"product","link":"https:\/\/dev.adnart.com\/fr\/produit\/asobu-pourover-insulated-coffee-maker-po300\/","title":{"rendered":"Cafeti\u00e8re isotherme ASOBU &#8211; PO300"},"content":{"rendered":"<p>Cette cafeti\u00e8re allie un style \u00e9l\u00e9gant \u00e0 la fonctionnalit\u00e9 et \u00e0 une caract\u00e9ristique de portabilit\u00e9 unique, qui porte la m\u00e9thode d&#8217;infusion du caf\u00e9 \u00e0 un tout nouveau niveau d&#8217;excellence ! Il est \u00e9quip\u00e9 d&#8217;un filtre en acier inoxydable \u00e0 double paroi, d&#8217;une section sup\u00e9rieure d&#8217;infusion en verre borosilicat\u00e9 en forme de c\u00f4ne r\u00e9sistant \u00e0 la chaleur et d&#8217;une carafe inf\u00e9rieure en acier inoxydable \u00e0 double paroi, isol\u00e9e sous vide et doubl\u00e9e de cuivre, ainsi que d&#8217;un couvercle assorti pour usage intensif. Il reste chaud jusqu&#8217;\u00e0 12 heures et est portable.<\/p>\n<p><strong>Ce produit est exempt de BPA et de plomb.<\/strong><\/p>\n","protected":false},"excerpt":{"rendered":"<p>Cette cafeti\u00e8re allie un style \u00e9l\u00e9gant \u00e0 la fonctionnalit\u00e9 et \u00e0 une caract\u00e9ristique de portabilit\u00e9 unique, qui porte la m\u00e9thode<\/p>\n","protected":false},"featured_media":25228,"comment_status":"closed","ping_status":"closed","template":"","meta":{"inventory_464_copy":"<p>[api_inventory]<\/p>\n"},"product_brand":[],"product_cat":[1859,2383,1893,2618],"product_tag":[2143,1699,1790,2045,1869,1860,2137,2569,2258,1865,335,1867,299,427,2259,2581,1606],"product-themes":[],"special":[],"class_list":{"0":"post-26173","1":"product","2":"type-product","3":"status-publish","4":"has-post-thumbnail","6":"product_cat-cafetieres","7":"product_cat-inventaire-approfondi","8":"product_cat-meilleures-ventes","9":"product_cat-tous-les-produits","10":"product_tag-1-litre","11":"product_tag-40-oz-fr","12":"product_tag-accueil","13":"product_tag-bec-verseur","14":"product_tag-chemex-fr","15":"product_tag-cuisine","16":"product_tag-double-doublure-en-cuivre","17":"product_tag-double-wall-fr","18":"product_tag-filtre-en-acier-inoxydable","19":"product_tag-keurig-fr","20":"product_tag-portable-fr","21":"product_tag-presse-francaise","22":"product_tag-sans-bpa","23":"product_tag-the","24":"product_tag-the-vert","25":"product_tag-vacuum-insulated-fr","26":"product_tag-verre","27":"pa_color-argent","28":"pa_color-bourgogne","29":"pa_color-cuivre","30":"pa_color-noir","32":"first","33":"instock","34":"purchasable","35":"product-type-variable"},"_links":{"self":[{"href":"https:\/\/dev.adnart.com\/fr\/wp-json\/wp\/v2\/product\/26173","targetHints":{"allow":["GET"]}}],"collection":[{"href":"https:\/\/dev.adnart.com\/fr\/wp-json\/wp\/v2\/product"}],"about":[{"href":"https:\/\/dev.adnart.com\/fr\/wp-json\/wp\/v2\/types\/product"}],"replies":[{"embeddable":true,"href":"https:\/\/dev.adnart.com\/fr\/wp-json\/wp\/v2\/comments?post=26173"}],"version-history":[{"count":3,"href":"https:\/\/dev.adnart.com\/fr\/wp-json\/wp\/v2\/product\/26173\/revisions"}],"predecessor-version":[{"id":32867,"href":"https:\/\/dev.adnart.com\/fr\/wp-json\/wp\/v2\/product\/26173\/revisions\/32867"}],"wp:featuredmedia":[{"embeddable":true,"href":"https:\/\/dev.adnart.com\/fr\/wp-json\/wp\/v2\/media\/25228"}],"wp:attachment":[{"href":"https:\/\/dev.adnart.com\/fr\/wp-json\/wp\/v2\/media?parent=26173"}],"wp:term":[{"taxonomy":"product_brand","embeddable":true,"href":"https:\/\/dev.adnart.com\/fr\/wp-json\/wp\/v2\/product_brand?post=26173"},{"taxonomy":"product_cat","embeddable":true,"href":"https:\/\/dev.adnart.com\/fr\/wp-json\/wp\/v2\/product_cat?post=26173"},{"taxonomy":"product_tag","embeddable":true,"href":"https:\/\/dev.adnart.com\/fr\/wp-json\/wp\/v2\/product_tag?post=26173"},{"taxonomy":"product-themes","embeddable":true,"href":"https:\/\/dev.adnart.com\/fr\/wp-json\/wp\/v2\/product-themes?post=26173"},{"taxonomy":"special","embeddable":true,"href":"https:\/\/dev.adnart.com\/fr\/wp-json\/wp\/v2\/special?post=26173"}],"curies":[{"name":"wp","href":"https:\/\/api.w.org\/{rel}","templated":true}]}}