{"id":26161,"date":"2024-01-10T18:48:07","date_gmt":"2024-01-10T16:48:07","guid":{"rendered":"http:\/\/localhost\/adnartLatest\/shop\/non%20class\u00e9\/bouteille-deau-oasis-sbv23\/"},"modified":"2026-02-25T18:01:22","modified_gmt":"2026-02-25T16:01:22","slug":"20-oz-oasis-water-bottle-sbv23","status":"publish","type":"product","link":"https:\/\/dev.adnart.com\/fr\/produit\/20-oz-oasis-water-bottle-sbv23\/","title":{"rendered":"ASOBU Oasis-SBV23"},"content":{"rendered":"<p>La ligne de bouteilles<strong> ASOBU Oasis<\/strong> est un accessoire indispensable ! La bouteille Oasis a une contenance de 600 ml (20 oz) et est isol\u00e9e sous vide, avec une double paroi en acier inoxydable, ce qui lui permet de rester fra\u00eeche jusqu&#8217;\u00e0 24 heures ! Le couvercle \u00e9tanche et la texture facile \u00e0 saisir en font un compagnon de voyage pratique. Elle est isol\u00e9e sous vide et plaqu\u00e9e de cuivre, en acier inoxydable \u00e0 double paroi, 100 % sans BPA, peut \u00eatre lav\u00e9e au lave-vaisselle et reste froide jusqu&#8217;\u00e0 24 heures.<\/p>\n<p><strong>Ce produit est exempt de BPA et de plomb.<\/strong><\/p>\n","protected":false},"excerpt":{"rendered":"<p>La ligne de bouteilles ASOBU Oasis est un accessoire indispensable ! La bouteille Oasis a une contenance de 600 ml<\/p>\n","protected":false},"featured_media":29666,"comment_status":"closed","ping_status":"closed","template":"","meta":{"inventory_464_copy":"<p>[api_inventory]<\/p>\n"},"product_brand":[],"product_cat":[210,1893,2618],"product_tag":[1714,2577,1887,2256,301,2569,2257,2171,300,2124,2581],"product-themes":[],"special":[],"class_list":{"0":"post-26161","1":"product","2":"type-product","3":"status-publish","4":"has-post-thumbnail","6":"product_cat-bouteilles","7":"product_cat-meilleures-ventes","8":"product_cat-tous-les-produits","9":"product_tag-100-sans-bpa","10":"product_tag-18-8-stainless-steel-fr","11":"product_tag-600-ml-fr","12":"product_tag-couvercle-a-visser","13":"product_tag-couvercle-amovible","14":"product_tag-double-wall-fr","15":"product_tag-infuseur-de-fruits","16":"product_tag-isolation-plaquee-cuivre","17":"product_tag-lavable-au-lave-vaisselle","18":"product_tag-recipient-deau","19":"product_tag-vacuum-insulated-fr","20":"pa_color-basilic-vert","21":"pa_color-blanc","22":"pa_color-gris","23":"pa_color-gris-ardoise","24":"pa_color-noir","25":"pa_color-rouge-2","26":"pa_color-turquoise-fr","27":"pa_color-vert-citron","28":"pa_materials-acier-inoxydable","30":"first","31":"instock","32":"purchasable","33":"product-type-variable"},"_links":{"self":[{"href":"https:\/\/dev.adnart.com\/fr\/wp-json\/wp\/v2\/product\/26161","targetHints":{"allow":["GET"]}}],"collection":[{"href":"https:\/\/dev.adnart.com\/fr\/wp-json\/wp\/v2\/product"}],"about":[{"href":"https:\/\/dev.adnart.com\/fr\/wp-json\/wp\/v2\/types\/product"}],"replies":[{"embeddable":true,"href":"https:\/\/dev.adnart.com\/fr\/wp-json\/wp\/v2\/comments?post=26161"}],"version-history":[{"count":2,"href":"https:\/\/dev.adnart.com\/fr\/wp-json\/wp\/v2\/product\/26161\/revisions"}],"predecessor-version":[{"id":30747,"href":"https:\/\/dev.adnart.com\/fr\/wp-json\/wp\/v2\/product\/26161\/revisions\/30747"}],"wp:featuredmedia":[{"embeddable":true,"href":"https:\/\/dev.adnart.com\/fr\/wp-json\/wp\/v2\/media\/29666"}],"wp:attachment":[{"href":"https:\/\/dev.adnart.com\/fr\/wp-json\/wp\/v2\/media?parent=26161"}],"wp:term":[{"taxonomy":"product_brand","embeddable":true,"href":"https:\/\/dev.adnart.com\/fr\/wp-json\/wp\/v2\/product_brand?post=26161"},{"taxonomy":"product_cat","embeddable":true,"href":"https:\/\/dev.adnart.com\/fr\/wp-json\/wp\/v2\/product_cat?post=26161"},{"taxonomy":"product_tag","embeddable":true,"href":"https:\/\/dev.adnart.com\/fr\/wp-json\/wp\/v2\/product_tag?post=26161"},{"taxonomy":"product-themes","embeddable":true,"href":"https:\/\/dev.adnart.com\/fr\/wp-json\/wp\/v2\/product-themes?post=26161"},{"taxonomy":"special","embeddable":true,"href":"https:\/\/dev.adnart.com\/fr\/wp-json\/wp\/v2\/special?post=26161"}],"curies":[{"name":"wp","href":"https:\/\/api.w.org\/{rel}","templated":true}]}}