{"id":26159,"date":"2024-01-10T18:50:47","date_gmt":"2024-01-10T16:50:47","guid":{"rendered":"http:\/\/localhost\/adnartLatest\/shop\/non%20class\u00e9\/tasse-a-cafe-isolee-sous-vide-asobu-ultimate-lot-de-2-sm30-set\/"},"modified":"2026-02-18T10:40:52","modified_gmt":"2026-02-18T08:40:52","slug":"12-oz-asobu-ultimate-vacuum-insulated-coffee-mug-set-of-2-sm30-set","status":"publish","type":"product","link":"https:\/\/dev.adnart.com\/fr\/produit\/12-oz-asobu-ultimate-vacuum-insulated-coffee-mug-set-of-2-sm30-set\/","title":{"rendered":"ASOBU Ultimate Mug Set of 2 &#8211; SM30 SET"},"content":{"rendered":"<p>C&#8217;est vraiment la tasse \u00e0 caf\u00e9 par excellence ! Le mug est fabriqu\u00e9 en acier inoxydable 18\/8 doubl\u00e9 de cuivre et isol\u00e9 sous vide, ce qui permet de garder le caf\u00e9 chaud pendant des heures lorsqu&#8217;il est utilis\u00e9 avec le couvercle anti-\u00e9claboussures r\u00e9glable. Le rev\u00eatement int\u00e9rieur en c\u00e9ramique du mug le rend facile \u00e0 nettoyer et l&#8217;isole davantage. La poign\u00e9e ergonomique arrondie permet une prise en main et un transport faciles et s\u00fbrs. Id\u00e9al pour la maison et le bureau. Une impression suppl\u00e9mentaire est disponible sur la bo\u00eete cadeau (nous contacter pour plus de d\u00e9tails).<\/p>\n<p><strong>Ce produit est exempt de BPA et de plomb.<\/strong><\/p>\n","protected":false},"excerpt":{"rendered":"<p>C&#8217;est vraiment la tasse \u00e0 caf\u00e9 par excellence ! Le mug est fabriqu\u00e9 en acier inoxydable 18\/8 doubl\u00e9 de cuivre<\/p>\n","protected":false},"featured_media":34123,"comment_status":"closed","ping_status":"closed","template":"","meta":{"inventory_464_copy":"<p>[api_inventory]<\/p>\n"},"product_brand":[],"product_cat":[1721,1723,2115,1609,2618],"product_tag":[1714,298,2254,328,297,226],"product-themes":[],"special":[],"class_list":{"0":"post-26159","1":"product","2":"type-product","3":"status-publish","4":"has-post-thumbnail","6":"product_cat-coffrets-cadeaux","7":"product_cat-coffrets-cadeaux-fr","8":"product_cat-puramic-fr-2","9":"product_cat-puramic-fr","10":"product_cat-tous-les-produits","11":"product_tag-100-sans-bpa","12":"product_tag-acier-inoxydable","13":"product_tag-construction-en-ceramique","14":"product_tag-couvercle-anti-deversement","15":"product_tag-double-paroi-fr","16":"product_tag-revetement-en-cuivre-fr","17":"pa_color-blanc","18":"pa_color-bleu-fr","19":"pa_color-bourgogne","20":"pa_color-noir","21":"pa_materials-acier-inoxydable","22":"pa_materials-puramic","24":"first","25":"instock","26":"purchasable","27":"product-type-simple"},"_links":{"self":[{"href":"https:\/\/dev.adnart.com\/fr\/wp-json\/wp\/v2\/product\/26159","targetHints":{"allow":["GET"]}}],"collection":[{"href":"https:\/\/dev.adnart.com\/fr\/wp-json\/wp\/v2\/product"}],"about":[{"href":"https:\/\/dev.adnart.com\/fr\/wp-json\/wp\/v2\/types\/product"}],"replies":[{"embeddable":true,"href":"https:\/\/dev.adnart.com\/fr\/wp-json\/wp\/v2\/comments?post=26159"}],"version-history":[{"count":2,"href":"https:\/\/dev.adnart.com\/fr\/wp-json\/wp\/v2\/product\/26159\/revisions"}],"predecessor-version":[{"id":32842,"href":"https:\/\/dev.adnart.com\/fr\/wp-json\/wp\/v2\/product\/26159\/revisions\/32842"}],"wp:featuredmedia":[{"embeddable":true,"href":"https:\/\/dev.adnart.com\/fr\/wp-json\/wp\/v2\/media\/34123"}],"wp:attachment":[{"href":"https:\/\/dev.adnart.com\/fr\/wp-json\/wp\/v2\/media?parent=26159"}],"wp:term":[{"taxonomy":"product_brand","embeddable":true,"href":"https:\/\/dev.adnart.com\/fr\/wp-json\/wp\/v2\/product_brand?post=26159"},{"taxonomy":"product_cat","embeddable":true,"href":"https:\/\/dev.adnart.com\/fr\/wp-json\/wp\/v2\/product_cat?post=26159"},{"taxonomy":"product_tag","embeddable":true,"href":"https:\/\/dev.adnart.com\/fr\/wp-json\/wp\/v2\/product_tag?post=26159"},{"taxonomy":"product-themes","embeddable":true,"href":"https:\/\/dev.adnart.com\/fr\/wp-json\/wp\/v2\/product-themes?post=26159"},{"taxonomy":"special","embeddable":true,"href":"https:\/\/dev.adnart.com\/fr\/wp-json\/wp\/v2\/special?post=26159"}],"curies":[{"name":"wp","href":"https:\/\/api.w.org\/{rel}","templated":true}]}}