{"id":26152,"date":"2024-01-10T18:44:21","date_gmt":"2024-01-10T16:44:21","guid":{"rendered":"http:\/\/localhost\/adnartLatest\/shop\/non%20class\u00e9\/mug-lychee-natures-garden-mug223\/"},"modified":"2026-02-09T18:28:43","modified_gmt":"2026-02-09T16:28:43","slug":"15-oz-natures-garden-lychee-mug-mug223","status":"publish","type":"product","link":"https:\/\/dev.adnart.com\/fr\/produit\/15-oz-natures-garden-lychee-mug-mug223\/","title":{"rendered":"Mug Lychee Nature&#8217;s Garden &#8211; MUG223"},"content":{"rendered":"<p><strong data-start=\"59\" data-end=\"90\">Tasse \u00e9l\u00e9gante en porcelaine de Chine 223<\/strong> &#8211; Fabriqu\u00e9e \u00e0 <strong data-start=\"106\" data-end=\"130\" data-is-only-node=\"\">100 % en porcelaine de Chine<\/strong>, cette tasse exquise est \u00e0 la fois l\u00e9g\u00e8re et extr\u00eamement durable. La surface de ce mug &#8220;Nature Garden Lychee&#8221; est con\u00e7ue avec une texture en forme de diamant. Les motifs en relief cr\u00e9ent un aspect \u00e9l\u00e9gant et sophistiqu\u00e9, ajoutant de la profondeur et de l&#8217;int\u00e9r\u00eat visuel \u00e0 la tasse. Parfait pour un usage quotidien ou pour compl\u00e9ter votre collection avec style.<\/p>\n<p>Remarque : La gravure ou l&#8217;impression personnalis\u00e9e n&#8217;est possible que sur la poign\u00e9e.<\/p>\n<p><strong>Ce produit est exempt de BPA et de plomb.<\/strong><\/p>\n","protected":false},"excerpt":{"rendered":"<p>Tasse \u00e9l\u00e9gante en porcelaine de Chine 223 &#8211; Fabriqu\u00e9e \u00e0 100 % en porcelaine de Chine, cette tasse exquise est<\/p>\n","protected":false},"featured_media":30645,"comment_status":"closed","ping_status":"closed","template":"","meta":{"inventory_464_copy":"<p>[api_inventory]<\/p>\n"},"product_brand":[],"product_cat":[1893,277,1654,2618],"product_tag":[329,1655,2206,2210,2218,1685,1601,369],"product-themes":[],"special":[],"class_list":{"0":"post-26152","1":"product","2":"type-product","3":"status-publish","4":"has-post-thumbnail","6":"product_cat-meilleures-ventes","7":"product_cat-mugs-fr","8":"product_cat-mugs-en-ceramique","9":"product_cat-tous-les-produits","10":"product_tag-bouche-large","11":"product_tag-c-poignee","12":"product_tag-coupe-texturee","13":"product_tag-durable-fr-2","14":"product_tag-fond-rond","15":"product_tag-leger","16":"product_tag-porte-boissons","17":"product_tag-tasse-a-cafe","18":"pa_color-blanc","19":"pa_materials-ceramique","21":"first","22":"instock","23":"purchasable","24":"product-type-simple"},"_links":{"self":[{"href":"https:\/\/dev.adnart.com\/fr\/wp-json\/wp\/v2\/product\/26152","targetHints":{"allow":["GET"]}}],"collection":[{"href":"https:\/\/dev.adnart.com\/fr\/wp-json\/wp\/v2\/product"}],"about":[{"href":"https:\/\/dev.adnart.com\/fr\/wp-json\/wp\/v2\/types\/product"}],"replies":[{"embeddable":true,"href":"https:\/\/dev.adnart.com\/fr\/wp-json\/wp\/v2\/comments?post=26152"}],"version-history":[{"count":6,"href":"https:\/\/dev.adnart.com\/fr\/wp-json\/wp\/v2\/product\/26152\/revisions"}],"predecessor-version":[{"id":33777,"href":"https:\/\/dev.adnart.com\/fr\/wp-json\/wp\/v2\/product\/26152\/revisions\/33777"}],"wp:featuredmedia":[{"embeddable":true,"href":"https:\/\/dev.adnart.com\/fr\/wp-json\/wp\/v2\/media\/30645"}],"wp:attachment":[{"href":"https:\/\/dev.adnart.com\/fr\/wp-json\/wp\/v2\/media?parent=26152"}],"wp:term":[{"taxonomy":"product_brand","embeddable":true,"href":"https:\/\/dev.adnart.com\/fr\/wp-json\/wp\/v2\/product_brand?post=26152"},{"taxonomy":"product_cat","embeddable":true,"href":"https:\/\/dev.adnart.com\/fr\/wp-json\/wp\/v2\/product_cat?post=26152"},{"taxonomy":"product_tag","embeddable":true,"href":"https:\/\/dev.adnart.com\/fr\/wp-json\/wp\/v2\/product_tag?post=26152"},{"taxonomy":"product-themes","embeddable":true,"href":"https:\/\/dev.adnart.com\/fr\/wp-json\/wp\/v2\/product-themes?post=26152"},{"taxonomy":"special","embeddable":true,"href":"https:\/\/dev.adnart.com\/fr\/wp-json\/wp\/v2\/special?post=26152"}],"curies":[{"name":"wp","href":"https:\/\/api.w.org\/{rel}","templated":true}]}}