{"id":26147,"date":"2024-01-10T18:46:08","date_gmt":"2024-01-10T16:46:08","guid":{"rendered":"http:\/\/localhost\/adnartLatest\/shop\/non%20class\u00e9\/la-tasse-black-onyx-12-oz-mug880\/"},"modified":"2026-02-21T15:54:16","modified_gmt":"2026-02-21T13:54:16","slug":"12-oz-the-black-onyx-mug-screen-printed-mug880","status":"publish","type":"product","link":"https:\/\/dev.adnart.com\/fr\/produit\/12-oz-the-black-onyx-mug-screen-printed-mug880\/","title":{"rendered":"Mug Onyx noir &#8211; MUG880"},"content":{"rendered":"<p>Ajoutez du caract\u00e8re \u00e0 votre gamme de boissons avec cette tasse \u00e0 caf\u00e9 en c\u00e9ramique de 12 oz aux couleurs contrast\u00e9es distinctives. Sa silhouette classique et son ext\u00e9rieur lisse et mat en font un objet id\u00e9al pour un usage quotidien \u00e0 la maison, au bureau ou dans les lieux d&#8217;accueil. Con\u00e7ue dans un souci de personnalisation, cette tasse offre une surface d&#8217;impression g\u00e9n\u00e9reuse et peut \u00eatre d\u00e9cor\u00e9e en s\u00e9rigraphie ou en gravure profonde pour une visibilit\u00e9 durable de la marque. Un choix polyvalent et accrocheur pour les programmes promotionnels, les cadeaux d&#8217;entreprise et les collections de d\u00e9tail.   <\/p>\n<p><strong>Ce produit est exempt de BPA et de plomb.<\/strong><\/p>\n","protected":false},"excerpt":{"rendered":"<p>Ajoutez du caract\u00e8re \u00e0 votre gamme de boissons avec cette tasse \u00e0 caf\u00e9 en c\u00e9ramique de 12 oz aux couleurs<\/p>\n","protected":false},"featured_media":25452,"comment_status":"closed","ping_status":"closed","template":"","meta":{"inventory_464_copy":"<p>[api_inventory]<\/p>\n"},"product_brand":[],"product_cat":[1654,2618],"product_tag":[1710,1614,1698,1888,1701,2249,1576,1608,1601,369],"product-themes":[],"special":[],"class_list":{"0":"post-26147","1":"product","2":"type-product","3":"status-publish","4":"has-post-thumbnail","6":"product_cat-mugs-en-ceramique","7":"product_cat-tous-les-produits","8":"product_tag-360-ml-fr","9":"product_tag-boissons","10":"product_tag-ceramique","11":"product_tag-finition-mate","12":"product_tag-gres","13":"product_tag-interieur-contraste-fr","14":"product_tag-poignee","15":"product_tag-poignee-doreille","16":"product_tag-porte-boissons","17":"product_tag-tasse-a-cafe","18":"pa_color-rouge-2","19":"pa_materials-ceramique","21":"first","22":"instock","23":"purchasable","24":"product-type-variable"},"_links":{"self":[{"href":"https:\/\/dev.adnart.com\/fr\/wp-json\/wp\/v2\/product\/26147","targetHints":{"allow":["GET"]}}],"collection":[{"href":"https:\/\/dev.adnart.com\/fr\/wp-json\/wp\/v2\/product"}],"about":[{"href":"https:\/\/dev.adnart.com\/fr\/wp-json\/wp\/v2\/types\/product"}],"replies":[{"embeddable":true,"href":"https:\/\/dev.adnart.com\/fr\/wp-json\/wp\/v2\/comments?post=26147"}],"version-history":[{"count":3,"href":"https:\/\/dev.adnart.com\/fr\/wp-json\/wp\/v2\/product\/26147\/revisions"}],"predecessor-version":[{"id":35559,"href":"https:\/\/dev.adnart.com\/fr\/wp-json\/wp\/v2\/product\/26147\/revisions\/35559"}],"wp:featuredmedia":[{"embeddable":true,"href":"https:\/\/dev.adnart.com\/fr\/wp-json\/wp\/v2\/media\/25452"}],"wp:attachment":[{"href":"https:\/\/dev.adnart.com\/fr\/wp-json\/wp\/v2\/media?parent=26147"}],"wp:term":[{"taxonomy":"product_brand","embeddable":true,"href":"https:\/\/dev.adnart.com\/fr\/wp-json\/wp\/v2\/product_brand?post=26147"},{"taxonomy":"product_cat","embeddable":true,"href":"https:\/\/dev.adnart.com\/fr\/wp-json\/wp\/v2\/product_cat?post=26147"},{"taxonomy":"product_tag","embeddable":true,"href":"https:\/\/dev.adnart.com\/fr\/wp-json\/wp\/v2\/product_tag?post=26147"},{"taxonomy":"product-themes","embeddable":true,"href":"https:\/\/dev.adnart.com\/fr\/wp-json\/wp\/v2\/product-themes?post=26147"},{"taxonomy":"special","embeddable":true,"href":"https:\/\/dev.adnart.com\/fr\/wp-json\/wp\/v2\/special?post=26147"}],"curies":[{"name":"wp","href":"https:\/\/api.w.org\/{rel}","templated":true}]}}