{"id":26142,"date":"2024-01-10T18:42:54","date_gmt":"2024-01-10T16:42:54","guid":{"rendered":"http:\/\/localhost\/adnartLatest\/shop\/non%20class\u00e9\/verre-a-flute-a-champagne-avec-pied-effile-lch103\/"},"modified":"2026-02-20T05:33:47","modified_gmt":"2026-02-20T03:33:47","slug":"5-75-oz-champagne-flute-glass-w-tapered-stem-screen-printed-lch103","status":"publish","type":"product","link":"https:\/\/dev.adnart.com\/fr\/produit\/5-75-oz-champagne-flute-glass-w-tapered-stem-screen-printed-lch103\/","title":{"rendered":"Fl\u00fbte \u00e0 champagne \u00e0 pied conique &#8211; LCH103"},"content":{"rendered":"<p>Nous proposons une large gamme de fl\u00fbtes \u00e0 champagne&#8230; des fl\u00fbtes de mariage sp\u00e9ciales aux fl\u00fbtes plus grandes de 8 Oz. capacit\u00e9 du bol, grandes tiges, pour ces vins de champagne fins richement vieillis ! Nous avons des verres sp\u00e9cifiques pour les \u00e9v\u00e9nements \u00e0 cravate noire, pour les d\u00e9gustations et pour les repas d\u00e9contract\u00e9s. Toute notre verrerie est fabriqu\u00e9e aux \u00c9tats-Unis ou en Europe. Nous ne proposons que des verres \u00e0 pied de qualit\u00e9 reconnue qui r\u00e9sisteront au lave-vaisselle et seront \u00e9l\u00e9gants pour les repas raffin\u00e9s ou les d\u00e9gustations.<\/p>\n<p><strong>Ce produit est exempt de BPA et de plomb.<\/strong><\/p>\n","protected":false},"excerpt":{"rendered":"<p>Nous proposons une large gamme de fl\u00fbtes \u00e0 champagne&#8230; des fl\u00fbtes de mariage sp\u00e9ciales aux fl\u00fbtes plus grandes de 8<\/p>\n","protected":false},"featured_media":29891,"comment_status":"closed","ping_status":"closed","template":"","meta":{"inventory_464_copy":"<p>[api_inventory]<\/p>\n"},"product_brand":[],"product_cat":[365,1893,2618,1594],"product_tag":[2247,2246,1923,1614,2251,2253,2248,2252,2575,2250,1983,1597],"product-themes":[],"special":[],"class_list":{"0":"post-26142","1":"product","2":"type-product","3":"status-publish","4":"has-post-thumbnail","6":"product_cat-articles-de-bar","7":"product_cat-meilleures-ventes","8":"product_cat-tous-les-produits","9":"product_cat-verrerie","10":"product_tag-167-ml-fr","11":"product_tag-5-75-oz-fr","12":"product_tag-base-ronde","13":"product_tag-boissons","14":"product_tag-cannele","15":"product_tag-corps-etroit","16":"product_tag-flute-a-champagne","17":"product_tag-flute-longue","18":"product_tag-glassware-fr","19":"product_tag-porte-vin-mousseux","20":"product_tag-tige-longue","21":"product_tag-transparent-fr","22":"pa_color-clair","23":"pa_materials-verre","25":"first","26":"instock","27":"purchasable","28":"product-type-simple"},"_links":{"self":[{"href":"https:\/\/dev.adnart.com\/fr\/wp-json\/wp\/v2\/product\/26142","targetHints":{"allow":["GET"]}}],"collection":[{"href":"https:\/\/dev.adnart.com\/fr\/wp-json\/wp\/v2\/product"}],"about":[{"href":"https:\/\/dev.adnart.com\/fr\/wp-json\/wp\/v2\/types\/product"}],"replies":[{"embeddable":true,"href":"https:\/\/dev.adnart.com\/fr\/wp-json\/wp\/v2\/comments?post=26142"}],"version-history":[{"count":2,"href":"https:\/\/dev.adnart.com\/fr\/wp-json\/wp\/v2\/product\/26142\/revisions"}],"predecessor-version":[{"id":31029,"href":"https:\/\/dev.adnart.com\/fr\/wp-json\/wp\/v2\/product\/26142\/revisions\/31029"}],"wp:featuredmedia":[{"embeddable":true,"href":"https:\/\/dev.adnart.com\/fr\/wp-json\/wp\/v2\/media\/29891"}],"wp:attachment":[{"href":"https:\/\/dev.adnart.com\/fr\/wp-json\/wp\/v2\/media?parent=26142"}],"wp:term":[{"taxonomy":"product_brand","embeddable":true,"href":"https:\/\/dev.adnart.com\/fr\/wp-json\/wp\/v2\/product_brand?post=26142"},{"taxonomy":"product_cat","embeddable":true,"href":"https:\/\/dev.adnart.com\/fr\/wp-json\/wp\/v2\/product_cat?post=26142"},{"taxonomy":"product_tag","embeddable":true,"href":"https:\/\/dev.adnart.com\/fr\/wp-json\/wp\/v2\/product_tag?post=26142"},{"taxonomy":"product-themes","embeddable":true,"href":"https:\/\/dev.adnart.com\/fr\/wp-json\/wp\/v2\/product-themes?post=26142"},{"taxonomy":"special","embeddable":true,"href":"https:\/\/dev.adnart.com\/fr\/wp-json\/wp\/v2\/special?post=26142"}],"curies":[{"name":"wp","href":"https:\/\/api.w.org\/{rel}","templated":true}]}}