{"id":26139,"date":"2024-01-10T18:46:45","date_gmt":"2024-01-10T16:46:45","guid":{"rendered":"http:\/\/localhost\/adnartLatest\/shop\/non%20class\u00e9\/tasse-a-entonnoir-pm8\/"},"modified":"2026-02-19T20:29:36","modified_gmt":"2026-02-19T18:29:36","slug":"12-oz-funnel-mug-screen-print-pm8","status":"publish","type":"product","link":"https:\/\/dev.adnart.com\/fr\/produit\/12-oz-funnel-mug-screen-print-pm8\/","title":{"rendered":"Tasse \u00e0 entonnoir &#8211; PM8"},"content":{"rendered":"<p>Commencez votre journ\u00e9e du bon pied avec cette superbe tasse \u00e0 caf\u00e9. La finition brillante et \u00e9l\u00e9gante et l&#8217;int\u00e9rieur assorti font de cette tasse \u00e0 caf\u00e9 en forme d&#8217;entonnoir une coupe au-dessus du lot. Que ce soit \u00e0 la maison ou au bureau, un bon caf\u00e9 doit toujours \u00eatre d\u00e9gust\u00e9 avec style. <\/p>\n<p><strong>Ce produit est exempt de plomb et de BPA.<\/strong><\/p>\n","protected":false},"excerpt":{"rendered":"<p>Commencez votre journ\u00e9e du bon pied avec cette superbe tasse \u00e0 caf\u00e9. La finition brillante et \u00e9l\u00e9gante et l&#8217;int\u00e9rieur assorti<\/p>\n","protected":false},"featured_media":24069,"comment_status":"closed","ping_status":"closed","template":"","meta":{"inventory_464_copy":"<p>[api_inventory]<\/p>\n"},"product_brand":[],"product_cat":[1893,1654,2618],"product_tag":[],"product-themes":[],"special":[],"class_list":{"0":"post-26139","1":"product","2":"type-product","3":"status-publish","4":"has-post-thumbnail","6":"product_cat-meilleures-ventes","7":"product_cat-mugs-en-ceramique","8":"product_cat-tous-les-produits","9":"pa_color-blanc","10":"pa_color-bleu-fr","11":"pa_color-noir","12":"pa_color-rouge-2","13":"pa_materials-ceramique","15":"first","16":"instock","17":"purchasable","18":"product-type-variable"},"_links":{"self":[{"href":"https:\/\/dev.adnart.com\/fr\/wp-json\/wp\/v2\/product\/26139","targetHints":{"allow":["GET"]}}],"collection":[{"href":"https:\/\/dev.adnart.com\/fr\/wp-json\/wp\/v2\/product"}],"about":[{"href":"https:\/\/dev.adnart.com\/fr\/wp-json\/wp\/v2\/types\/product"}],"replies":[{"embeddable":true,"href":"https:\/\/dev.adnart.com\/fr\/wp-json\/wp\/v2\/comments?post=26139"}],"version-history":[{"count":2,"href":"https:\/\/dev.adnart.com\/fr\/wp-json\/wp\/v2\/product\/26139\/revisions"}],"predecessor-version":[{"id":35325,"href":"https:\/\/dev.adnart.com\/fr\/wp-json\/wp\/v2\/product\/26139\/revisions\/35325"}],"wp:featuredmedia":[{"embeddable":true,"href":"https:\/\/dev.adnart.com\/fr\/wp-json\/wp\/v2\/media\/24069"}],"wp:attachment":[{"href":"https:\/\/dev.adnart.com\/fr\/wp-json\/wp\/v2\/media?parent=26139"}],"wp:term":[{"taxonomy":"product_brand","embeddable":true,"href":"https:\/\/dev.adnart.com\/fr\/wp-json\/wp\/v2\/product_brand?post=26139"},{"taxonomy":"product_cat","embeddable":true,"href":"https:\/\/dev.adnart.com\/fr\/wp-json\/wp\/v2\/product_cat?post=26139"},{"taxonomy":"product_tag","embeddable":true,"href":"https:\/\/dev.adnart.com\/fr\/wp-json\/wp\/v2\/product_tag?post=26139"},{"taxonomy":"product-themes","embeddable":true,"href":"https:\/\/dev.adnart.com\/fr\/wp-json\/wp\/v2\/product-themes?post=26139"},{"taxonomy":"special","embeddable":true,"href":"https:\/\/dev.adnart.com\/fr\/wp-json\/wp\/v2\/special?post=26139"}],"curies":[{"name":"wp","href":"https:\/\/api.w.org\/{rel}","templated":true}]}}