{"id":26130,"date":"2024-01-10T18:47:29","date_gmt":"2024-01-10T16:47:29","guid":{"rendered":"http:\/\/localhost\/adnartLatest\/shop\/non%20class\u00e9\/asobu-mini-jug-puramique-33oz-pure-sju3\/"},"modified":"2026-02-25T21:26:27","modified_gmt":"2026-02-25T19:26:27","slug":"33oz-asobu-puramic-mini-jug-pure-sju3","status":"publish","type":"product","link":"https:\/\/dev.adnart.com\/fr\/produit\/33oz-asobu-puramic-mini-jug-pure-sju3\/","title":{"rendered":"ASOBU Puramic Mini Jug &#8211; PURE SJU3"},"content":{"rendered":"<p>L&#8217;eau froide n&#8217;a-t-elle qu&#8217;un petit arri\u00e8re-go\u00fbt m\u00e9tallique ? Nous savons que vous le ressentez \u00e9galement dans votre tasse \u00e0 caf\u00e9 en acier inoxydable. Chez ASOBU, nous nous effor\u00e7ons d&#8217;am\u00e9liorer votre quotidien en faisant dispara\u00eetre ces petits probl\u00e8mes. C&#8217;est pourquoi nous avons cr\u00e9\u00e9 notre ligne de bouteilles et de mugs PURAMIC. Une fois que vous aurez utilis\u00e9 ces bouteilles isothermes \u00e0 rev\u00eatement c\u00e9ramique, vous ne pourrez plus jamais utiliser une bouteille ordinaire en acier inoxydable.<\/p>\n<p><strong>Ce produit est exempt de BPA et de plomb.<\/strong><\/p>\n","protected":false},"excerpt":{"rendered":"<p>L&#8217;eau froide n&#8217;a-t-elle qu&#8217;un petit arri\u00e8re-go\u00fbt m\u00e9tallique ? Nous savons que vous le ressentez \u00e9galement dans votre tasse \u00e0 caf\u00e9<\/p>\n","protected":false},"featured_media":34272,"comment_status":"closed","ping_status":"closed","template":"","meta":{"inventory_464_copy":"<p>[api_inventory]<\/p>\n"},"product_brand":[],"product_cat":[2383,1689,1691,1609,2115,2618],"product_tag":[2125,2239,423,2241,2238,420,1739,442,421,2581],"product-themes":[],"special":[],"class_list":{"0":"post-26130","1":"product","2":"type-product","3":"status-publish","4":"has-post-thumbnail","6":"product_cat-inventaire-approfondi","7":"product_cat-jugs-fr","8":"product_cat-jugs-fr-2","9":"product_cat-puramic-fr","10":"product_cat-puramic-fr-2","11":"product_cat-tous-les-produits","12":"product_tag-bec-facile-dacces","13":"product_tag-ergonomique","14":"product_tag-exterieur-en-acier-inoxydable","15":"product_tag-mini-pichet","16":"product_tag-paille-amovible-fr","17":"product_tag-pas-de-gout-de-metal","18":"product_tag-poignee-facile-a-saisir","19":"product_tag-puramic-fr","20":"product_tag-revetement-ceramique","21":"product_tag-vacuum-insulated-fr","22":"pa_color-noir","23":"pa_materials-acier-inoxydable","24":"pa_materials-puramic","26":"first","27":"instock","28":"purchasable","29":"product-type-simple"},"_links":{"self":[{"href":"https:\/\/dev.adnart.com\/fr\/wp-json\/wp\/v2\/product\/26130","targetHints":{"allow":["GET"]}}],"collection":[{"href":"https:\/\/dev.adnart.com\/fr\/wp-json\/wp\/v2\/product"}],"about":[{"href":"https:\/\/dev.adnart.com\/fr\/wp-json\/wp\/v2\/types\/product"}],"replies":[{"embeddable":true,"href":"https:\/\/dev.adnart.com\/fr\/wp-json\/wp\/v2\/comments?post=26130"}],"version-history":[{"count":4,"href":"https:\/\/dev.adnart.com\/fr\/wp-json\/wp\/v2\/product\/26130\/revisions"}],"predecessor-version":[{"id":32860,"href":"https:\/\/dev.adnart.com\/fr\/wp-json\/wp\/v2\/product\/26130\/revisions\/32860"}],"wp:featuredmedia":[{"embeddable":true,"href":"https:\/\/dev.adnart.com\/fr\/wp-json\/wp\/v2\/media\/34272"}],"wp:attachment":[{"href":"https:\/\/dev.adnart.com\/fr\/wp-json\/wp\/v2\/media?parent=26130"}],"wp:term":[{"taxonomy":"product_brand","embeddable":true,"href":"https:\/\/dev.adnart.com\/fr\/wp-json\/wp\/v2\/product_brand?post=26130"},{"taxonomy":"product_cat","embeddable":true,"href":"https:\/\/dev.adnart.com\/fr\/wp-json\/wp\/v2\/product_cat?post=26130"},{"taxonomy":"product_tag","embeddable":true,"href":"https:\/\/dev.adnart.com\/fr\/wp-json\/wp\/v2\/product_tag?post=26130"},{"taxonomy":"product-themes","embeddable":true,"href":"https:\/\/dev.adnart.com\/fr\/wp-json\/wp\/v2\/product-themes?post=26130"},{"taxonomy":"special","embeddable":true,"href":"https:\/\/dev.adnart.com\/fr\/wp-json\/wp\/v2\/special?post=26130"}],"curies":[{"name":"wp","href":"https:\/\/api.w.org\/{rel}","templated":true}]}}