{"id":26123,"date":"2024-01-10T18:50:09","date_gmt":"2024-01-10T16:50:09","guid":{"rendered":"http:\/\/localhost\/adnartLatest\/shop\/non%20class\u00e9\/asobu-mighty-jug-sju1\/"},"modified":"2026-02-25T21:26:37","modified_gmt":"2026-02-25T19:26:37","slug":"68-oz-asobu-mighty-jug-sju1","status":"publish","type":"product","link":"https:\/\/dev.adnart.com\/fr\/produit\/68-oz-asobu-mighty-jug-sju1\/","title":{"rendered":"ASOBU Mighty Jug &#8211; SJU1"},"content":{"rendered":"<p>Le <strong>Mighty Jug d&#8217;ASOBU<\/strong> est un pichet en acier inoxydable robuste, \u00e0 double paroi, isol\u00e9 sous vide et doubl\u00e9 de cuivre, pr\u00eat \u00e0 vous aider dans de nombreuses situations. Il peut \u00eatre utilis\u00e9 comme seau \u00e0 glace, r\u00e9servoir de bi\u00e8re, cruche \u00e0 eau et r\u00e9cipient de stockage. Cet incroyable bidon de 2 litres est id\u00e9al pour le camping, les r\u00e9ceptions dans le jardin, la plage, le bord de la piscine, le Bar B Q et d&#8217;autres activit\u00e9s de plein air. Il peut \u00eatre utilis\u00e9 pour des fonctions de stockage \u00e0 chaud ou \u00e0 froid.<\/p>\n<p><strong>Ce produit est exempt de BPA et de plomb.<\/strong><\/p>\n","protected":false},"excerpt":{"rendered":"<p>Le Mighty Jug d&#8217;ASOBU est un pichet en acier inoxydable robuste, \u00e0 double paroi, isol\u00e9 sous vide et doubl\u00e9 de<\/p>\n","protected":false},"featured_media":29998,"comment_status":"closed","ping_status":"closed","template":"","meta":{"inventory_464_copy":"<p>[api_inventory]<\/p>\n"},"product_brand":[],"product_cat":[1600,1689,1691,1893,2618],"product_tag":[2231,2244,2236,2243,2245,1688,2242,2240,297,1898,1965,1576,1703,2581],"product-themes":[],"special":[],"class_list":{"0":"post-26123","1":"product","2":"type-product","3":"status-publish","4":"has-post-thumbnail","6":"product_cat-acier-inoxydable","7":"product_cat-jugs-fr","8":"product_cat-jugs-fr-2","9":"product_cat-meilleures-ventes","10":"product_cat-tous-les-produits","11":"product_tag-12-heures","12":"product_tag-2-litres","13":"product_tag-24-heures-froid-demi-gallon","14":"product_tag-68-oz-capacite","15":"product_tag-agriculture-fr","16":"product_tag-camping-fr","17":"product_tag-conteneur-de-stockage","18":"product_tag-couvercle-facile-dacces","19":"product_tag-double-paroi-fr","20":"product_tag-grogne","21":"product_tag-la-construction","22":"product_tag-poignee","23":"product_tag-revetement-en-cuivre-fr-2","24":"product_tag-vacuum-insulated-fr","25":"pa_color-blanc","26":"pa_color-cuivre","27":"pa_color-marbre-de-minuit","28":"pa_color-noir","29":"pa_color-sarcelle","30":"pa_materials-acier-inoxydable","32":"first","33":"instock","34":"purchasable","35":"product-type-variable"},"_links":{"self":[{"href":"https:\/\/dev.adnart.com\/fr\/wp-json\/wp\/v2\/product\/26123","targetHints":{"allow":["GET"]}}],"collection":[{"href":"https:\/\/dev.adnart.com\/fr\/wp-json\/wp\/v2\/product"}],"about":[{"href":"https:\/\/dev.adnart.com\/fr\/wp-json\/wp\/v2\/types\/product"}],"replies":[{"embeddable":true,"href":"https:\/\/dev.adnart.com\/fr\/wp-json\/wp\/v2\/comments?post=26123"}],"version-history":[{"count":1,"href":"https:\/\/dev.adnart.com\/fr\/wp-json\/wp\/v2\/product\/26123\/revisions"}],"predecessor-version":[{"id":30323,"href":"https:\/\/dev.adnart.com\/fr\/wp-json\/wp\/v2\/product\/26123\/revisions\/30323"}],"wp:featuredmedia":[{"embeddable":true,"href":"https:\/\/dev.adnart.com\/fr\/wp-json\/wp\/v2\/media\/29998"}],"wp:attachment":[{"href":"https:\/\/dev.adnart.com\/fr\/wp-json\/wp\/v2\/media?parent=26123"}],"wp:term":[{"taxonomy":"product_brand","embeddable":true,"href":"https:\/\/dev.adnart.com\/fr\/wp-json\/wp\/v2\/product_brand?post=26123"},{"taxonomy":"product_cat","embeddable":true,"href":"https:\/\/dev.adnart.com\/fr\/wp-json\/wp\/v2\/product_cat?post=26123"},{"taxonomy":"product_tag","embeddable":true,"href":"https:\/\/dev.adnart.com\/fr\/wp-json\/wp\/v2\/product_tag?post=26123"},{"taxonomy":"product-themes","embeddable":true,"href":"https:\/\/dev.adnart.com\/fr\/wp-json\/wp\/v2\/product-themes?post=26123"},{"taxonomy":"special","embeddable":true,"href":"https:\/\/dev.adnart.com\/fr\/wp-json\/wp\/v2\/special?post=26123"}],"curies":[{"name":"wp","href":"https:\/\/api.w.org\/{rel}","templated":true}]}}