{"id":26118,"date":"2024-01-10T18:42:08","date_gmt":"2024-01-10T16:42:08","guid":{"rendered":"http:\/\/localhost\/adnartLatest\/shop\/non%20class\u00e9\/set-executif-asobu-set-lao21\/"},"modified":"2026-02-20T05:43:24","modified_gmt":"2026-02-20T03:43:24","slug":"10-5-oz-asobu-executive-set-lao21-set","status":"publish","type":"product","link":"https:\/\/dev.adnart.com\/fr\/produit\/10-5-oz-asobu-executive-set-lao21-set\/","title":{"rendered":"Set ex\u00e9cutif ASOBU &#8211; LAO21 SET"},"content":{"rendered":"<p>D\u00e9couvrez le luxe des boissons fra\u00eeches gr\u00e2ce \u00e0 notre \u00e9l\u00e9gant coffret cadeau, dot\u00e9 d&#8217;une fermeture magn\u00e9tique, d&#8217;un insert en mousse d\u00e9coup\u00e9 au laser et d&#8217;une poign\u00e9e en corde. \u00c0 l&#8217;int\u00e9rieur, vous trouverez : La glaci\u00e8re isol\u00e9e &#8220;On the Rocks&#8221; d&#8217;ASOBU : Une glaci\u00e8re isol\u00e9e sous vide con\u00e7ue pour les spiritueux, adapt\u00e9e \u00e0 un verre \u00e0 pied am\u00e9ricain standard (inclus) : Une glaci\u00e8re \u00e0 vin qui conserve votre vin \u00e0 la temp\u00e9rature id\u00e9ale, avec un verre \u00e0 vin sans pied de 15 oz \/ 443 ml.<\/p>\n<p><strong>Ce produit est exempt de BPA et de plomb.<\/strong><\/p>\n","protected":false},"excerpt":{"rendered":"<p>D\u00e9couvrez le luxe des boissons fra\u00eeches gr\u00e2ce \u00e0 notre \u00e9l\u00e9gant coffret cadeau, dot\u00e9 d&#8217;une fermeture magn\u00e9tique, d&#8217;un insert en mousse<\/p>\n","protected":false},"featured_media":25141,"comment_status":"closed","ping_status":"closed","template":"","meta":{"inventory_464_copy":"<p>[api_inventory]<\/p>\n"},"product_brand":[],"product_cat":[1721,1723,2618],"product_tag":[295,2571,2122,426,1688,1742,326,1787,1725,1737,371,2129,336,428,441,427,1740,1738,2581,1621,1618],"product-themes":[],"special":[],"class_list":{"0":"post-26118","1":"product","2":"type-product","3":"status-publish","4":"has-post-thumbnail","6":"product_cat-coffrets-cadeaux","7":"product_cat-coffrets-cadeaux-fr","8":"product_cat-tous-les-produits","9":"product_tag-a-lepreuve-des-deversements","10":"product_tag-award-fr","11":"product_tag-bien-etre","12":"product_tag-cafe","13":"product_tag-camping-fr","14":"product_tag-couvercle","15":"product_tag-cuivre","16":"product_tag-employe","17":"product_tag-gobelet","18":"product_tag-hydrater","19":"product_tag-isole","20":"product_tag-navire","21":"product_tag-porte-gobelet","22":"product_tag-revetement-en-poudre","23":"product_tag-tasse","24":"product_tag-the","25":"product_tag-thermique","26":"product_tag-vacances-fr","27":"product_tag-vacuum-insulated-fr","28":"product_tag-vente-au-detail","29":"product_tag-voyage","30":"pa_color-argent","31":"pa_color-blanc","32":"pa_color-bois","33":"pa_color-chandail","34":"pa_color-flocon-de-neige","35":"pa_color-noir","36":"pa_color-plaid-rouge","37":"pa_color-pull-rose","38":"pa_materials-verre","40":"first","41":"instock","42":"purchasable","43":"product-type-variable"},"_links":{"self":[{"href":"https:\/\/dev.adnart.com\/fr\/wp-json\/wp\/v2\/product\/26118","targetHints":{"allow":["GET"]}}],"collection":[{"href":"https:\/\/dev.adnart.com\/fr\/wp-json\/wp\/v2\/product"}],"about":[{"href":"https:\/\/dev.adnart.com\/fr\/wp-json\/wp\/v2\/types\/product"}],"replies":[{"embeddable":true,"href":"https:\/\/dev.adnart.com\/fr\/wp-json\/wp\/v2\/comments?post=26118"}],"version-history":[{"count":4,"href":"https:\/\/dev.adnart.com\/fr\/wp-json\/wp\/v2\/product\/26118\/revisions"}],"predecessor-version":[{"id":32882,"href":"https:\/\/dev.adnart.com\/fr\/wp-json\/wp\/v2\/product\/26118\/revisions\/32882"}],"wp:featuredmedia":[{"embeddable":true,"href":"https:\/\/dev.adnart.com\/fr\/wp-json\/wp\/v2\/media\/25141"}],"wp:attachment":[{"href":"https:\/\/dev.adnart.com\/fr\/wp-json\/wp\/v2\/media?parent=26118"}],"wp:term":[{"taxonomy":"product_brand","embeddable":true,"href":"https:\/\/dev.adnart.com\/fr\/wp-json\/wp\/v2\/product_brand?post=26118"},{"taxonomy":"product_cat","embeddable":true,"href":"https:\/\/dev.adnart.com\/fr\/wp-json\/wp\/v2\/product_cat?post=26118"},{"taxonomy":"product_tag","embeddable":true,"href":"https:\/\/dev.adnart.com\/fr\/wp-json\/wp\/v2\/product_tag?post=26118"},{"taxonomy":"product-themes","embeddable":true,"href":"https:\/\/dev.adnart.com\/fr\/wp-json\/wp\/v2\/product-themes?post=26118"},{"taxonomy":"special","embeddable":true,"href":"https:\/\/dev.adnart.com\/fr\/wp-json\/wp\/v2\/special?post=26118"}],"curies":[{"name":"wp","href":"https:\/\/api.w.org\/{rel}","templated":true}]}}