{"id":26116,"date":"2024-01-10T18:50:47","date_gmt":"2024-01-10T16:50:47","guid":{"rendered":"http:\/\/localhost\/adnartLatest\/shop\/non%20class\u00e9\/mug-asobu-ultimate-avec-emballage-metallique-lot-de-2-sm30-mps\/"},"modified":"2026-02-18T10:36:31","modified_gmt":"2026-02-18T08:36:31","slug":"asobu-12-oz-ultimate-mug-with-metallic-packaging-set-of-2-sm30-mps","status":"publish","type":"product","link":"https:\/\/dev.adnart.com\/fr\/produit\/asobu-12-oz-ultimate-mug-with-metallic-packaging-set-of-2-sm30-mps\/","title":{"rendered":"ASOBU Ultimate Mug avec emballage m\u00e9tallique Lot de 2 &#8211; SM30 MPS"},"content":{"rendered":"<p>L&#8217;<strong>Ultimate Mug<\/strong> est le cadeau id\u00e9al pour les f\u00eates de fin d&#8217;ann\u00e9e. Il s&#8217;agit d&#8217;une tasse \u00e9l\u00e9gante, avec des options de couleur unie et des motifs de vacances. Ce mug polyvalent est \u00e9galement dot\u00e9 d&#8217;un rev\u00eatement int\u00e9rieur en c\u00e9ramique v\u00e9ritable qui garantit un go\u00fbt frais et naturel jusqu&#8217;\u00e0 la derni\u00e8re goutte. Offrez-vous une exp\u00e9rience exceptionnelle pendant les f\u00eates de fin d&#8217;ann\u00e9e avec nos nouveaux emballages m\u00e9talliques haut de gamme. Nous proposons une vari\u00e9t\u00e9 d&#8217;options de coffrets cadeaux et de coffrets pr\u00e9fabriqu\u00e9s pour r\u00e9pondre \u00e0 tous les besoins de nos clients. Avec une impression PMS assortie sur la couverture et une d\u00e9coration int\u00e9rieure en option, vous pouvez personnaliser votre ensemble pour briller cette saison. Nos inserts en mousse d\u00e9coup\u00e9s au laser assurent la fixation et la pr\u00e9sentation \u00e9l\u00e9gante de chaque article, laissant ainsi une impression m\u00e9morable \u00e0 vos destinataires. Une vari\u00e9t\u00e9 d&#8217;options de coffrets cadeaux et de coffrets pr\u00e9fabriqu\u00e9s pour r\u00e9pondre aux besoins de tous les utilisateurs finaux. Chaque coffret cadeau m\u00e9tallique comprend deux mugs Ultimate encastr\u00e9s dans un insert en mousse d\u00e9coup\u00e9 au laser pour une belle pr\u00e9sentation.<\/p>\n<p><strong>Ce produit est exempt de BPA et de plomb.<\/strong><\/p>\n","protected":false},"excerpt":{"rendered":"<p>L&#8217;Ultimate Mug est le cadeau id\u00e9al pour les f\u00eates de fin d&#8217;ann\u00e9e. Il s&#8217;agit d&#8217;une tasse \u00e9l\u00e9gante, avec des options<\/p>\n","protected":false},"featured_media":29119,"comment_status":"closed","ping_status":"closed","template":"","meta":{"inventory_464_copy":"<p>[api_inventory]<\/p>\n"},"product_brand":[],"product_cat":[1721,1723,2115,1609,2618],"product_tag":[295,1790,1786,2571,1698,2227,1725,2228,2237,2225,1881,2226,2233,2230,446,1621],"product-themes":[],"special":[],"class_list":{"0":"post-26116","1":"product","2":"type-product","3":"status-publish","4":"has-post-thumbnail","6":"product_cat-coffrets-cadeaux","7":"product_cat-coffrets-cadeaux-fr","8":"product_cat-puramic-fr-2","9":"product_cat-puramic-fr","10":"product_cat-tous-les-produits","11":"product_tag-a-lepreuve-des-deversements","12":"product_tag-accueil","13":"product_tag-appreciation-fr","14":"product_tag-award-fr","15":"product_tag-ceramique","16":"product_tag-couvercle-en-tritan","17":"product_tag-gobelet","18":"product_tag-lave-vaisselle","19":"product_tag-loyaute","20":"product_tag-mug-isotherme","21":"product_tag-noel","22":"product_tag-revetement-de-puissance","23":"product_tag-set-de-gobelets","24":"product_tag-set-de-mugs","25":"product_tag-vacances","26":"product_tag-vente-au-detail","27":"pa_materials-acier-inoxydable","28":"pa_materials-puramic","30":"first","31":"instock","32":"purchasable","33":"product-type-simple"},"_links":{"self":[{"href":"https:\/\/dev.adnart.com\/fr\/wp-json\/wp\/v2\/product\/26116","targetHints":{"allow":["GET"]}}],"collection":[{"href":"https:\/\/dev.adnart.com\/fr\/wp-json\/wp\/v2\/product"}],"about":[{"href":"https:\/\/dev.adnart.com\/fr\/wp-json\/wp\/v2\/types\/product"}],"replies":[{"embeddable":true,"href":"https:\/\/dev.adnart.com\/fr\/wp-json\/wp\/v2\/comments?post=26116"}],"version-history":[{"count":3,"href":"https:\/\/dev.adnart.com\/fr\/wp-json\/wp\/v2\/product\/26116\/revisions"}],"predecessor-version":[{"id":34126,"href":"https:\/\/dev.adnart.com\/fr\/wp-json\/wp\/v2\/product\/26116\/revisions\/34126"}],"wp:featuredmedia":[{"embeddable":true,"href":"https:\/\/dev.adnart.com\/fr\/wp-json\/wp\/v2\/media\/29119"}],"wp:attachment":[{"href":"https:\/\/dev.adnart.com\/fr\/wp-json\/wp\/v2\/media?parent=26116"}],"wp:term":[{"taxonomy":"product_brand","embeddable":true,"href":"https:\/\/dev.adnart.com\/fr\/wp-json\/wp\/v2\/product_brand?post=26116"},{"taxonomy":"product_cat","embeddable":true,"href":"https:\/\/dev.adnart.com\/fr\/wp-json\/wp\/v2\/product_cat?post=26116"},{"taxonomy":"product_tag","embeddable":true,"href":"https:\/\/dev.adnart.com\/fr\/wp-json\/wp\/v2\/product_tag?post=26116"},{"taxonomy":"product-themes","embeddable":true,"href":"https:\/\/dev.adnart.com\/fr\/wp-json\/wp\/v2\/product-themes?post=26116"},{"taxonomy":"special","embeddable":true,"href":"https:\/\/dev.adnart.com\/fr\/wp-json\/wp\/v2\/special?post=26116"}],"curies":[{"name":"wp","href":"https:\/\/api.w.org\/{rel}","templated":true}]}}