{"id":26098,"date":"2024-01-10T18:41:44","date_gmt":"2024-01-10T16:41:44","guid":{"rendered":"http:\/\/localhost\/adnartLatest\/shop\/non%20class\u00e9\/verre-a-pied-a-lancienne\/"},"modified":"2026-02-20T05:50:36","modified_gmt":"2026-02-20T03:50:36","slug":"10-5-oz-old-fashion-rocks-glass","status":"publish","type":"product","link":"https:\/\/dev.adnart.com\/fr\/produit\/10-5-oz-old-fashion-rocks-glass\/","title":{"rendered":"Verre \u00e0 pied \u00e0 l&#8217;ancienne &#8211; LAO207"},"content":{"rendered":"<p>Buvez vos Old Fashions avec style gr\u00e2ce au verre \u00e0 pied de 10,5 oz d&#8217;Ad N Art. Id\u00e9al pour toutes les c\u00e9l\u00e9brations, les cadeaux de vacances, les cadeaux de direction, etc. Disponible avec une d\u00e9coration classique en s\u00e9rigraphie ou en gravure profonde.<\/p>\n<p><strong>Ce produit est exempt de BPA et de plomb.<\/strong><\/p>\n","protected":false},"excerpt":{"rendered":"<p>Buvez vos Old Fashions avec style gr\u00e2ce au verre \u00e0 pied de 10,5 oz d&#8217;Ad N Art. Id\u00e9al pour toutes<\/p>\n","protected":false},"featured_media":31187,"comment_status":"closed","ping_status":"closed","template":"","meta":{"inventory_464_copy":"<p>[api_inventory]<\/p>\n"},"product_brand":[],"product_cat":[365,1893,2618,1594],"product_tag":[1795,1769,1798,1800,1877,1799],"product-themes":[],"special":[],"class_list":{"0":"post-26098","1":"product","2":"type-product","3":"status-publish","4":"has-post-thumbnail","6":"product_cat-articles-de-bar","7":"product_cat-meilleures-ventes","8":"product_cat-tous-les-produits","9":"product_cat-verrerie","10":"product_tag-articles-de-bar","11":"product_tag-cocktail-fr","12":"product_tag-lancienne-mode","13":"product_tag-rochers","14":"product_tag-scotch-fr","15":"product_tag-whisky-fr","16":"pa_color-clair","17":"pa_materials-verre","19":"first","20":"instock","21":"purchasable","22":"product-type-simple"},"_links":{"self":[{"href":"https:\/\/dev.adnart.com\/fr\/wp-json\/wp\/v2\/product\/26098","targetHints":{"allow":["GET"]}}],"collection":[{"href":"https:\/\/dev.adnart.com\/fr\/wp-json\/wp\/v2\/product"}],"about":[{"href":"https:\/\/dev.adnart.com\/fr\/wp-json\/wp\/v2\/types\/product"}],"replies":[{"embeddable":true,"href":"https:\/\/dev.adnart.com\/fr\/wp-json\/wp\/v2\/comments?post=26098"}],"version-history":[{"count":2,"href":"https:\/\/dev.adnart.com\/fr\/wp-json\/wp\/v2\/product\/26098\/revisions"}],"predecessor-version":[{"id":31189,"href":"https:\/\/dev.adnart.com\/fr\/wp-json\/wp\/v2\/product\/26098\/revisions\/31189"}],"wp:featuredmedia":[{"embeddable":true,"href":"https:\/\/dev.adnart.com\/fr\/wp-json\/wp\/v2\/media\/31187"}],"wp:attachment":[{"href":"https:\/\/dev.adnart.com\/fr\/wp-json\/wp\/v2\/media?parent=26098"}],"wp:term":[{"taxonomy":"product_brand","embeddable":true,"href":"https:\/\/dev.adnart.com\/fr\/wp-json\/wp\/v2\/product_brand?post=26098"},{"taxonomy":"product_cat","embeddable":true,"href":"https:\/\/dev.adnart.com\/fr\/wp-json\/wp\/v2\/product_cat?post=26098"},{"taxonomy":"product_tag","embeddable":true,"href":"https:\/\/dev.adnart.com\/fr\/wp-json\/wp\/v2\/product_tag?post=26098"},{"taxonomy":"product-themes","embeddable":true,"href":"https:\/\/dev.adnart.com\/fr\/wp-json\/wp\/v2\/product-themes?post=26098"},{"taxonomy":"special","embeddable":true,"href":"https:\/\/dev.adnart.com\/fr\/wp-json\/wp\/v2\/special?post=26098"}],"curies":[{"name":"wp","href":"https:\/\/api.w.org\/{rel}","templated":true}]}}