{"id":26094,"date":"2024-01-10T18:44:14","date_gmt":"2024-01-10T16:44:14","guid":{"rendered":"http:\/\/localhost\/adnartLatest\/shop\/non%20class\u00e9\/mug-concombre-natures-garden-mug221\/"},"modified":"2026-02-09T18:30:55","modified_gmt":"2026-02-09T16:30:55","slug":"15-oz-natures-garden-cucumber-mug-mug221","status":"publish","type":"product","link":"https:\/\/dev.adnart.com\/fr\/produit\/15-oz-natures-garden-cucumber-mug-mug221\/","title":{"rendered":"Mug concombre Nature&#8217;s Garden &#8211; MUG221"},"content":{"rendered":"<p><strong data-start=\"59\" data-end=\"90\">Elegant Fine Bone China Mug 221<\/strong> &#8211; Fabriqu\u00e9e \u00e0 <strong data-start=\"106\" data-end=\"130\" data-is-only-node=\"\">100 %<\/strong> en <strong data-start=\"106\" data-end=\"130\" data-is-only-node=\"\">fine bone china<\/strong>, cette tasse exquise est l\u00e9g\u00e8re mais extr\u00eamement durable. La surface de ce mug &#8220;Nature Garden Cucumber&#8221; est orn\u00e9e d&#8217;un motif de lignes verticales. Les motifs en relief cr\u00e9ent un aspect \u00e9l\u00e9gant et textur\u00e9, ajoutant de la profondeur et de l&#8217;int\u00e9r\u00eat visuel \u00e0 la tasse. Parfait pour un usage quotidien ou pour compl\u00e9ter votre collection avec style.<\/p>\n<p>Remarque : La gravure ou l&#8217;impression personnalis\u00e9e n&#8217;est possible que sur la poign\u00e9e.<\/p>\n<p><strong>Ce produit est exempt de BPA et de plomb.<\/strong><\/p>\n","protected":false},"excerpt":{"rendered":"<p>Elegant Fine Bone China Mug 221 &#8211; Fabriqu\u00e9e \u00e0 100 % en fine bone china, cette tasse exquise est l\u00e9g\u00e8re<\/p>\n","protected":false},"featured_media":30629,"comment_status":"closed","ping_status":"closed","template":"","meta":{"inventory_464_copy":"<p>[api_inventory]<\/p>\n"},"product_brand":[],"product_cat":[277,1654,2618],"product_tag":[329,1655,2206,2210,2218,1685,1601,369],"product-themes":[],"special":[],"class_list":{"0":"post-26094","1":"product","2":"type-product","3":"status-publish","4":"has-post-thumbnail","6":"product_cat-mugs-fr","7":"product_cat-mugs-en-ceramique","8":"product_cat-tous-les-produits","9":"product_tag-bouche-large","10":"product_tag-c-poignee","11":"product_tag-coupe-texturee","12":"product_tag-durable-fr-2","13":"product_tag-fond-rond","14":"product_tag-leger","15":"product_tag-porte-boissons","16":"product_tag-tasse-a-cafe","17":"pa_color-blanc","18":"pa_materials-ceramique","20":"first","21":"instock","22":"purchasable","23":"product-type-simple"},"_links":{"self":[{"href":"https:\/\/dev.adnart.com\/fr\/wp-json\/wp\/v2\/product\/26094","targetHints":{"allow":["GET"]}}],"collection":[{"href":"https:\/\/dev.adnart.com\/fr\/wp-json\/wp\/v2\/product"}],"about":[{"href":"https:\/\/dev.adnart.com\/fr\/wp-json\/wp\/v2\/types\/product"}],"replies":[{"embeddable":true,"href":"https:\/\/dev.adnart.com\/fr\/wp-json\/wp\/v2\/comments?post=26094"}],"version-history":[{"count":6,"href":"https:\/\/dev.adnart.com\/fr\/wp-json\/wp\/v2\/product\/26094\/revisions"}],"predecessor-version":[{"id":33935,"href":"https:\/\/dev.adnart.com\/fr\/wp-json\/wp\/v2\/product\/26094\/revisions\/33935"}],"wp:featuredmedia":[{"embeddable":true,"href":"https:\/\/dev.adnart.com\/fr\/wp-json\/wp\/v2\/media\/30629"}],"wp:attachment":[{"href":"https:\/\/dev.adnart.com\/fr\/wp-json\/wp\/v2\/media?parent=26094"}],"wp:term":[{"taxonomy":"product_brand","embeddable":true,"href":"https:\/\/dev.adnart.com\/fr\/wp-json\/wp\/v2\/product_brand?post=26094"},{"taxonomy":"product_cat","embeddable":true,"href":"https:\/\/dev.adnart.com\/fr\/wp-json\/wp\/v2\/product_cat?post=26094"},{"taxonomy":"product_tag","embeddable":true,"href":"https:\/\/dev.adnart.com\/fr\/wp-json\/wp\/v2\/product_tag?post=26094"},{"taxonomy":"product-themes","embeddable":true,"href":"https:\/\/dev.adnart.com\/fr\/wp-json\/wp\/v2\/product-themes?post=26094"},{"taxonomy":"special","embeddable":true,"href":"https:\/\/dev.adnart.com\/fr\/wp-json\/wp\/v2\/special?post=26094"}],"curies":[{"name":"wp","href":"https:\/\/api.w.org\/{rel}","templated":true}]}}