{"id":26074,"date":"2024-01-10T18:49:46","date_gmt":"2024-01-10T16:49:46","guid":{"rendered":"http:\/\/localhost\/adnartLatest\/shop\/non%20class\u00e9\/mug-rocher-de-gibraltar-si7100\/"},"modified":"2026-02-18T10:45:50","modified_gmt":"2026-02-18T08:45:50","slug":"10-oz-rock-of-gibraltar-mug-si7100","status":"publish","type":"product","link":"https:\/\/dev.adnart.com\/fr\/produit\/10-oz-rock-of-gibraltar-mug-si7100\/","title":{"rendered":"Mug &#8220;Rocher de Gibraltar&#8221; &#8211; SI7100"},"content":{"rendered":"<p>Le <strong data-start=\"16\" data-end=\"46\">ROCK OF GIBRALTAR &#8211; SI7100<\/strong>, fait partie de notre ligne classique de mugs en c\u00e9ramique qui allie design moderne et praticit\u00e9. Avec son ext\u00e9rieur noir \u00e9l\u00e9gant et ses couleurs vives, ce mug offre une esth\u00e9tique moderne et sophistiqu\u00e9e, id\u00e9ale pour les marques ou l&#8217;usage personnel. Avec une capacit\u00e9 de 10 oz et une poign\u00e9e confortable pour une prise en main facile, il est parfait pour votre caf\u00e9 du matin, votre th\u00e9 du soir, et constitue un excellent article promotionnel ou un cadeau attentionn\u00e9. Durable, \u00e9l\u00e9gant et fonctionnel, c&#8217;est un choix solide pour ceux qui appr\u00e9cient le design et la qualit\u00e9.<\/p>\n<p><strong>Ce produit est exempt de BPA et de plomb.<\/strong><\/p>\n","protected":false},"excerpt":{"rendered":"<p>Le ROCK OF GIBRALTAR &#8211; SI7100, fait partie de notre ligne classique de mugs en c\u00e9ramique qui allie design moderne<\/p>\n","protected":false},"featured_media":31181,"comment_status":"closed","ping_status":"closed","template":"","meta":{"inventory_464_copy":"<p>[api_inventory]<\/p>\n"},"product_brand":[],"product_cat":[1893,1654,2618],"product_tag":[2198,2201,1614,2200,329,1698,1980,1701,1660,1608,1601,2199,369],"product-themes":[],"special":[],"class_list":{"0":"post-26074","1":"product","2":"type-product","3":"status-publish","4":"has-post-thumbnail","6":"product_cat-meilleures-ventes","7":"product_cat-mugs-en-ceramique","8":"product_cat-tous-les-produits","9":"product_tag-300-ml-fr","10":"product_tag-5-5-de-large-avec-poignee","11":"product_tag-boissons","12":"product_tag-bouche-angulaire","13":"product_tag-bouche-large","14":"product_tag-ceramique","15":"product_tag-conique","16":"product_tag-gres","17":"product_tag-interieur-contraste","18":"product_tag-poignee-doreille","19":"product_tag-porte-boissons","20":"product_tag-porte-boissons-chauds-fr","21":"product_tag-tasse-a-cafe","22":"pa_color-blanc","23":"pa_color-bleu-fr","24":"pa_color-orange-fr","25":"pa_color-rouge-2","26":"pa_color-vert-citron","27":"pa_materials-ceramique","29":"first","30":"instock","31":"purchasable","32":"product-type-variable","33":"has-default-attributes"},"_links":{"self":[{"href":"https:\/\/dev.adnart.com\/fr\/wp-json\/wp\/v2\/product\/26074","targetHints":{"allow":["GET"]}}],"collection":[{"href":"https:\/\/dev.adnart.com\/fr\/wp-json\/wp\/v2\/product"}],"about":[{"href":"https:\/\/dev.adnart.com\/fr\/wp-json\/wp\/v2\/types\/product"}],"replies":[{"embeddable":true,"href":"https:\/\/dev.adnart.com\/fr\/wp-json\/wp\/v2\/comments?post=26074"}],"version-history":[{"count":4,"href":"https:\/\/dev.adnart.com\/fr\/wp-json\/wp\/v2\/product\/26074\/revisions"}],"predecessor-version":[{"id":32845,"href":"https:\/\/dev.adnart.com\/fr\/wp-json\/wp\/v2\/product\/26074\/revisions\/32845"}],"wp:featuredmedia":[{"embeddable":true,"href":"https:\/\/dev.adnart.com\/fr\/wp-json\/wp\/v2\/media\/31181"}],"wp:attachment":[{"href":"https:\/\/dev.adnart.com\/fr\/wp-json\/wp\/v2\/media?parent=26074"}],"wp:term":[{"taxonomy":"product_brand","embeddable":true,"href":"https:\/\/dev.adnart.com\/fr\/wp-json\/wp\/v2\/product_brand?post=26074"},{"taxonomy":"product_cat","embeddable":true,"href":"https:\/\/dev.adnart.com\/fr\/wp-json\/wp\/v2\/product_cat?post=26074"},{"taxonomy":"product_tag","embeddable":true,"href":"https:\/\/dev.adnart.com\/fr\/wp-json\/wp\/v2\/product_tag?post=26074"},{"taxonomy":"product-themes","embeddable":true,"href":"https:\/\/dev.adnart.com\/fr\/wp-json\/wp\/v2\/product-themes?post=26074"},{"taxonomy":"special","embeddable":true,"href":"https:\/\/dev.adnart.com\/fr\/wp-json\/wp\/v2\/special?post=26074"}],"curies":[{"name":"wp","href":"https:\/\/api.w.org\/{rel}","templated":true}]}}