{"id":26065,"date":"2024-01-10T18:41:33","date_gmt":"2024-01-10T16:41:33","guid":{"rendered":"http:\/\/localhost\/adnartLatest\/shop\/non%20class\u00e9\/coffret-de-noel-asobu-cold-brew-et-tasse-ultime-kb900-sm30-set\/"},"modified":"2026-02-20T05:54:19","modified_gmt":"2026-02-20T03:54:19","slug":"bellagio-cold-brew-and-ultimate-kb900-sm30-set","status":"publish","type":"product","link":"https:\/\/dev.adnart.com\/fr\/produit\/bellagio-cold-brew-and-ultimate-kb900-sm30-set\/","title":{"rendered":"Bellagio Cold Brew and Ultimate Mug Set &#8211; KB900-SM30 SET"},"content":{"rendered":"<p>Offrez le cadeau le plus unique de ces f\u00eates de fin d&#8217;ann\u00e9e avec la cafeti\u00e8re \u00e0 infusion froide Bellagio et l&#8217;ensemble de tasses isol\u00e9es sous vide Ultimate.<\/p>\n<p>Notre cafeti\u00e8re \u00e0 infusion \u00e0 froid se distingue &#8211; elle figure sur la liste des objets pr\u00e9f\u00e9r\u00e9s d&#8217;Oprah et est l&#8217;une des rares de son genre dans le monde. Associez-le \u00e0 l&#8217;Ultimate Mug &#8211; con\u00e7u pour garder vos boissons chaudes ou froides pendant 12 \u00e0 24 heures, gr\u00e2ce \u00e0 sa double paroi, \u00e0 son isolation sous vide et \u00e0 sa doublure en cuivre. L&#8217;int\u00e9rieur de la tasse, rev\u00eatu de c\u00e9ramique, pr\u00e9serve les saveurs naturelles de vos boissons et rehausse chaque gorg\u00e9e. Pr\u00e9sent\u00e9 dans un magnifique coffret cadeau haut de gamme, cet ensemble est le moyen id\u00e9al de faire vivre aux amateurs de caf\u00e9 une exp\u00e9rience extraordinaire.   <\/p>\n<p><strong>Ce produit est exempt de BPA et de plomb.<\/strong><\/p>\n","protected":false},"excerpt":{"rendered":"<p>Offrez le cadeau le plus unique de ces f\u00eates de fin d&#8217;ann\u00e9e avec la cafeti\u00e8re \u00e0 infusion froide Bellagio et<\/p>\n","protected":false},"featured_media":25138,"comment_status":"closed","ping_status":"closed","template":"","meta":{"inventory_464_copy":"<p>[api_inventory]<\/p>\n"},"product_brand":[],"product_cat":[1723,1721,2618],"product_tag":[2571,426,1698,1787,2191,2566,1868,371,2186,1791,428,1876,1738],"product-themes":[],"special":[],"class_list":{"0":"post-26065","1":"product","2":"type-product","3":"status-publish","4":"has-post-thumbnail","6":"product_cat-coffrets-cadeaux-fr","7":"product_cat-coffrets-cadeaux","8":"product_cat-tous-les-produits","9":"product_tag-award-fr","10":"product_tag-cafe","11":"product_tag-ceramique","12":"product_tag-employe","13":"product_tag-gestionnaire","14":"product_tag-gift-set-fr","15":"product_tag-infusion-froide","16":"product_tag-isole","17":"product_tag-pourover-fr","18":"product_tag-reconnaissance","19":"product_tag-revetement-en-poudre","20":"product_tag-thanksgiving-fr","21":"product_tag-vacances-fr","22":"pa_materials-acier-inoxydable","24":"first","25":"instock","26":"purchasable","27":"product-type-simple"},"_links":{"self":[{"href":"https:\/\/dev.adnart.com\/fr\/wp-json\/wp\/v2\/product\/26065","targetHints":{"allow":["GET"]}}],"collection":[{"href":"https:\/\/dev.adnart.com\/fr\/wp-json\/wp\/v2\/product"}],"about":[{"href":"https:\/\/dev.adnart.com\/fr\/wp-json\/wp\/v2\/types\/product"}],"replies":[{"embeddable":true,"href":"https:\/\/dev.adnart.com\/fr\/wp-json\/wp\/v2\/comments?post=26065"}],"version-history":[{"count":6,"href":"https:\/\/dev.adnart.com\/fr\/wp-json\/wp\/v2\/product\/26065\/revisions"}],"predecessor-version":[{"id":33944,"href":"https:\/\/dev.adnart.com\/fr\/wp-json\/wp\/v2\/product\/26065\/revisions\/33944"}],"wp:featuredmedia":[{"embeddable":true,"href":"https:\/\/dev.adnart.com\/fr\/wp-json\/wp\/v2\/media\/25138"}],"wp:attachment":[{"href":"https:\/\/dev.adnart.com\/fr\/wp-json\/wp\/v2\/media?parent=26065"}],"wp:term":[{"taxonomy":"product_brand","embeddable":true,"href":"https:\/\/dev.adnart.com\/fr\/wp-json\/wp\/v2\/product_brand?post=26065"},{"taxonomy":"product_cat","embeddable":true,"href":"https:\/\/dev.adnart.com\/fr\/wp-json\/wp\/v2\/product_cat?post=26065"},{"taxonomy":"product_tag","embeddable":true,"href":"https:\/\/dev.adnart.com\/fr\/wp-json\/wp\/v2\/product_tag?post=26065"},{"taxonomy":"product-themes","embeddable":true,"href":"https:\/\/dev.adnart.com\/fr\/wp-json\/wp\/v2\/product-themes?post=26065"},{"taxonomy":"special","embeddable":true,"href":"https:\/\/dev.adnart.com\/fr\/wp-json\/wp\/v2\/special?post=26065"}],"curies":[{"name":"wp","href":"https:\/\/api.w.org\/{rel}","templated":true}]}}