{"id":26062,"date":"2024-01-10T18:46:28","date_gmt":"2024-01-10T16:46:28","guid":{"rendered":"http:\/\/localhost\/adnartLatest\/shop\/non%20class\u00e9\/mug-trim-tone-pm5\/"},"modified":"2026-02-19T20:32:29","modified_gmt":"2026-02-19T18:32:29","slug":"12-oz-trim-tone-mug-screen-printed-pm5","status":"publish","type":"product","link":"https:\/\/dev.adnart.com\/fr\/produit\/12-oz-trim-tone-mug-screen-printed-pm5\/","title":{"rendered":"Mug Trim Tone &#8211; PM5"},"content":{"rendered":"<p>Commencez votre journ\u00e9e du bon pied avec cette superbe tasse \u00e0 caf\u00e9. La finition brillante et \u00e9l\u00e9gante, l&#8217;int\u00e9rieur et la couleur assortis font de cette tasse \u00e0 caf\u00e9 de forme classique une coupe au-dessus du lot. Que ce soit \u00e0 la maison ou au bureau, un bon caf\u00e9 doit toujours \u00eatre d\u00e9gust\u00e9 avec style.  <\/p>\n<p><strong>Ce produit est exempt de BPA et de plomb.<\/strong><\/p>\n","protected":false},"excerpt":{"rendered":"<p>Commencez votre journ\u00e9e du bon pied avec cette superbe tasse \u00e0 caf\u00e9. La finition brillante et \u00e9l\u00e9gante, l&#8217;int\u00e9rieur et la<\/p>\n","protected":false},"featured_media":29829,"comment_status":"closed","ping_status":"closed","template":"","meta":{"inventory_464_copy":"<p>[api_inventory]<\/p>\n"},"product_brand":[],"product_cat":[1654,2618],"product_tag":[1693,2182,1614,329,1655,1698,1701,2183,1601,369],"product-themes":[],"special":[],"class_list":{"0":"post-26062","1":"product","2":"type-product","3":"status-publish","4":"has-post-thumbnail","6":"product_cat-mugs-en-ceramique","7":"product_cat-tous-les-produits","8":"product_tag-355-ml-fr","9":"product_tag-base-contrastee","10":"product_tag-boissons","11":"product_tag-bouche-large","12":"product_tag-c-poignee","13":"product_tag-ceramique","14":"product_tag-gres","15":"product_tag-jante-contrastee","16":"product_tag-porte-boissons","17":"product_tag-tasse-a-cafe","18":"pa_color-bleu-cobalt","19":"pa_color-bourgogne","20":"pa_color-noir","21":"pa_color-rouge-2","22":"pa_color-vert","23":"pa_materials-ceramique","25":"first","26":"instock","27":"purchasable","28":"product-type-variable","29":"has-default-attributes"},"_links":{"self":[{"href":"https:\/\/dev.adnart.com\/fr\/wp-json\/wp\/v2\/product\/26062","targetHints":{"allow":["GET"]}}],"collection":[{"href":"https:\/\/dev.adnart.com\/fr\/wp-json\/wp\/v2\/product"}],"about":[{"href":"https:\/\/dev.adnart.com\/fr\/wp-json\/wp\/v2\/types\/product"}],"replies":[{"embeddable":true,"href":"https:\/\/dev.adnart.com\/fr\/wp-json\/wp\/v2\/comments?post=26062"}],"version-history":[{"count":5,"href":"https:\/\/dev.adnart.com\/fr\/wp-json\/wp\/v2\/product\/26062\/revisions"}],"predecessor-version":[{"id":35343,"href":"https:\/\/dev.adnart.com\/fr\/wp-json\/wp\/v2\/product\/26062\/revisions\/35343"}],"wp:featuredmedia":[{"embeddable":true,"href":"https:\/\/dev.adnart.com\/fr\/wp-json\/wp\/v2\/media\/29829"}],"wp:attachment":[{"href":"https:\/\/dev.adnart.com\/fr\/wp-json\/wp\/v2\/media?parent=26062"}],"wp:term":[{"taxonomy":"product_brand","embeddable":true,"href":"https:\/\/dev.adnart.com\/fr\/wp-json\/wp\/v2\/product_brand?post=26062"},{"taxonomy":"product_cat","embeddable":true,"href":"https:\/\/dev.adnart.com\/fr\/wp-json\/wp\/v2\/product_cat?post=26062"},{"taxonomy":"product_tag","embeddable":true,"href":"https:\/\/dev.adnart.com\/fr\/wp-json\/wp\/v2\/product_tag?post=26062"},{"taxonomy":"product-themes","embeddable":true,"href":"https:\/\/dev.adnart.com\/fr\/wp-json\/wp\/v2\/product-themes?post=26062"},{"taxonomy":"special","embeddable":true,"href":"https:\/\/dev.adnart.com\/fr\/wp-json\/wp\/v2\/special?post=26062"}],"curies":[{"name":"wp","href":"https:\/\/api.w.org\/{rel}","templated":true}]}}