{"id":26058,"date":"2024-01-10T18:47:41","date_gmt":"2024-01-10T16:47:41","guid":{"rendered":"http:\/\/localhost\/adnartLatest\/shop\/non%20class\u00e9\/bouteille-de-voyage-asobu-central-park-sbv17\/"},"modified":"2026-02-18T11:13:05","modified_gmt":"2026-02-18T09:13:05","slug":"17-oz-asobu-central-park-travel-bottle-sbv17","status":"publish","type":"product","link":"https:\/\/dev.adnart.com\/fr\/produit\/17-oz-asobu-central-park-travel-bottle-sbv17\/","title":{"rendered":"Bouteille de voyage ASOBU Central Park &#8211; SBV17"},"content":{"rendered":"<p>Nous introduisons maintenant le nouveau look &#8220;ton sur ton&#8221;. La structure robuste en acier inoxydable 18\/8 est pratiquement indestructible ! Cette bouteille \u00e0 double paroi scell\u00e9e sous vide reste chaude jusqu&#8217;\u00e0 8 heures et fra\u00eeche pendant 24 heures. Le couvercle anti-\u00e9claboussures facile d&#8217;acc\u00e8s et la superbe finition mate cr\u00e9ent un produit qui allie mode et fonctionnalit\u00e9.<\/p>\n<p>Note : La gravure profonde et la gravure au laser ne sont pas disponibles pour l&#8217;argent et le blanc.<\/p>\n<p><strong>Ce produit est exempt de BPA et de plomb.<\/strong><\/p>\n","protected":false},"excerpt":{"rendered":"<p>Nous introduisons maintenant le nouveau look &#8220;ton sur ton&#8221;. La structure robuste en acier inoxydable 18\/8 est pratiquement indestructible !<\/p>\n","protected":false},"featured_media":29994,"comment_status":"closed","ping_status":"closed","template":"","meta":{"inventory_464_copy":"<p>[api_inventory]<\/p>\n"},"product_brand":[],"product_cat":[210,2383,1893,2618],"product_tag":[2577,1653,328,2569,1888,2181,1758,2124,1953,299,2179],"product-themes":[],"special":[],"class_list":{"0":"post-26058","1":"product","2":"type-product","3":"status-publish","4":"has-post-thumbnail","6":"product_cat-bouteilles","7":"product_cat-inventaire-approfondi","8":"product_cat-meilleures-ventes","9":"product_cat-tous-les-produits","10":"product_tag-18-8-stainless-steel-fr","11":"product_tag-500-ml-fr","12":"product_tag-couvercle-anti-deversement","13":"product_tag-double-wall-fr","14":"product_tag-finition-mate","15":"product_tag-porte-boisson-froid","16":"product_tag-porte-boissons-chauds","17":"product_tag-recipient-deau","18":"product_tag-respect-de-lenvironnement","19":"product_tag-sans-bpa","20":"product_tag-scelle-sous-vide","21":"pa_color-blanc","22":"pa_color-cuivre_noir","23":"pa_color-noir","24":"pa_color-noir-argent","25":"pa_materials-acier-inoxydable","27":"first","28":"instock","29":"purchasable","30":"product-type-variable"},"_links":{"self":[{"href":"https:\/\/dev.adnart.com\/fr\/wp-json\/wp\/v2\/product\/26058","targetHints":{"allow":["GET"]}}],"collection":[{"href":"https:\/\/dev.adnart.com\/fr\/wp-json\/wp\/v2\/product"}],"about":[{"href":"https:\/\/dev.adnart.com\/fr\/wp-json\/wp\/v2\/types\/product"}],"replies":[{"embeddable":true,"href":"https:\/\/dev.adnart.com\/fr\/wp-json\/wp\/v2\/comments?post=26058"}],"version-history":[{"count":3,"href":"https:\/\/dev.adnart.com\/fr\/wp-json\/wp\/v2\/product\/26058\/revisions"}],"predecessor-version":[{"id":32545,"href":"https:\/\/dev.adnart.com\/fr\/wp-json\/wp\/v2\/product\/26058\/revisions\/32545"}],"wp:featuredmedia":[{"embeddable":true,"href":"https:\/\/dev.adnart.com\/fr\/wp-json\/wp\/v2\/media\/29994"}],"wp:attachment":[{"href":"https:\/\/dev.adnart.com\/fr\/wp-json\/wp\/v2\/media?parent=26058"}],"wp:term":[{"taxonomy":"product_brand","embeddable":true,"href":"https:\/\/dev.adnart.com\/fr\/wp-json\/wp\/v2\/product_brand?post=26058"},{"taxonomy":"product_cat","embeddable":true,"href":"https:\/\/dev.adnart.com\/fr\/wp-json\/wp\/v2\/product_cat?post=26058"},{"taxonomy":"product_tag","embeddable":true,"href":"https:\/\/dev.adnart.com\/fr\/wp-json\/wp\/v2\/product_tag?post=26058"},{"taxonomy":"product-themes","embeddable":true,"href":"https:\/\/dev.adnart.com\/fr\/wp-json\/wp\/v2\/product-themes?post=26058"},{"taxonomy":"special","embeddable":true,"href":"https:\/\/dev.adnart.com\/fr\/wp-json\/wp\/v2\/special?post=26058"}],"curies":[{"name":"wp","href":"https:\/\/api.w.org\/{rel}","templated":true}]}}